{"id":590,"date":"2024-09-16T15:51:51","date_gmt":"2024-09-16T13:51:51","guid":{"rendered":"https:\/\/artymori.com\/?page_id=590"},"modified":"2025-05-19T22:08:22","modified_gmt":"2025-05-19T20:08:22","slug":"graphisme","status":"publish","type":"page","link":"https:\/\/artymori.com\/index.php\/graphisme\/","title":{"rendered":"1-Brand Design"},"content":{"rendered":"\n<figure class=\"wp-block-image alignfull size-full\"><img fetchpriority=\"high\" decoding=\"async\" width=\"2560\" height=\"1034\" src=\"https:\/\/artymori.com\/wp-content\/uploads\/2025\/05\/banniere-cloud2-scaled.jpg\" alt=\"\" class=\"wp-image-2415\" srcset=\"https:\/\/artymori.com\/wp-content\/uploads\/2025\/05\/banniere-cloud2-scaled.jpg 2560w, https:\/\/artymori.com\/wp-content\/uploads\/2025\/05\/banniere-cloud2-300x121.jpg 300w, https:\/\/artymori.com\/wp-content\/uploads\/2025\/05\/banniere-cloud2-1024x414.jpg 1024w, https:\/\/artymori.com\/wp-content\/uploads\/2025\/05\/banniere-cloud2-768x310.jpg 768w, https:\/\/artymori.com\/wp-content\/uploads\/2025\/05\/banniere-cloud2-1536x620.jpg 1536w, https:\/\/artymori.com\/wp-content\/uploads\/2025\/05\/banniere-cloud2-2048x827.jpg 2048w\" sizes=\"(max-width: 2560px) 100vw, 2560px\" \/><\/figure>\n\n\n\n<div style=\"height:72px\" aria-hidden=\"true\" class=\"wp-block-spacer\"><\/div>\n\n\n\n<h1 class=\"wp-block-heading has-text-align-center\">BRAND DESIGN<\/h1>\n\n\n\n<hr class=\"wp-block-separator has-alpha-channel-opacity\"\/>\n\n\n\n<div style=\"height:22px\" aria-hidden=\"true\" class=\"wp-block-spacer\"><\/div>\n\n\n\n<p class=\"has-text-align-left\">J&rsquo;accompagne les entrepreneur.es engag\u00e9.es, les th\u00e9rapeutes, coachs, et associations dans la cr\u00e9ation de leur communication visuelle et tente d&rsquo;\u00eatre le plus \u00e0 l&rsquo;\u00e9coute possible afin de cerner au mieux l&rsquo;essence de votre projet. <br>Nous collaborons ensemble autour de votre projet et nous cr\u00e9ons ensemble une identit\u00e9 visuelle et qui soit, avant tout authentique, harmonieuse et porteuse de sens. Un branding align\u00e9 \u00e0 vos valeurs, qui r\u00e9v\u00e8le l&rsquo;\u00e2me de votre projet et vous ressemble afin d&rsquo;attirer une cible de coeur !<\/p>\n\n\n\n<div class=\"wp-block-buttons is-layout-flex wp-block-buttons-is-layout-flex\">\n<div class=\"wp-block-button is-style-outline is-style-outline--1\"><a class=\"wp-block-button__link wp-element-button\" href=\"https:\/\/artymori.com\/index.php\/brand-design-offre\/\">en savoir plus<\/a><\/div>\n<\/div>\n\n\n\n<div style=\"height:27px\" aria-hidden=\"true\" class=\"wp-block-spacer\"><\/div>\n\n\n\n<hr class=\"wp-block-separator alignfull has-alpha-channel-opacity is-style-wide\"\/>\n\n\n\n<h3 class=\"wp-block-heading has-text-align-center\">Portfolio<\/h3>\n\n\n\n<hr class=\"wp-block-separator has-alpha-channel-opacity\"\/>\n\n\n\n<div style=\"height:41px\" aria-hidden=\"true\" class=\"wp-block-spacer\"><\/div>\n\n\n\n<figure class=\"wp-block-gallery alignwide has-nested-images columns-default is-cropped wp-block-gallery-2 is-layout-flex wp-block-gallery-is-layout-flex\">\n<figure class=\"wp-block-image size-large\"><a href=\"https:\/\/artymori.com\/index.php\/la-tanniere-de-freyja\/\"><img decoding=\"async\" width=\"1024\" height=\"724\" data-id=\"2267\" src=\"https:\/\/artymori.com\/wp-content\/uploads\/2025\/05\/latanierede-freyja-presentation-wp2-1024x724.jpg\" alt=\"\" class=\"wp-image-2267\" srcset=\"https:\/\/artymori.com\/wp-content\/uploads\/2025\/05\/latanierede-freyja-presentation-wp2-1024x724.jpg 1024w, https:\/\/artymori.com\/wp-content\/uploads\/2025\/05\/latanierede-freyja-presentation-wp2-300x212.jpg 300w, https:\/\/artymori.com\/wp-content\/uploads\/2025\/05\/latanierede-freyja-presentation-wp2-768x543.jpg 768w, https:\/\/artymori.com\/wp-content\/uploads\/2025\/05\/latanierede-freyja-presentation-wp2-1536x1086.jpg 1536w, https:\/\/artymori.com\/wp-content\/uploads\/2025\/05\/latanierede-freyja-presentation-wp2-2048x1448.jpg 2048w\" sizes=\"(max-width: 1024px) 100vw, 1024px\" \/><\/a><\/figure>\n\n\n\n<figure class=\"wp-block-image size-large\"><a href=\"https:\/\/artymori.com\/index.php\/flora-2\/\"><img decoding=\"async\" width=\"1024\" height=\"1024\" data-id=\"2012\" src=\"https:\/\/artymori.com\/wp-content\/uploads\/2025\/04\/flora-present-wp-1024x1024.jpg\" alt=\"\" class=\"wp-image-2012\" srcset=\"https:\/\/artymori.com\/wp-content\/uploads\/2025\/04\/flora-present-wp-1024x1024.jpg 1024w, https:\/\/artymori.com\/wp-content\/uploads\/2025\/04\/flora-present-wp-300x300.jpg 300w, https:\/\/artymori.com\/wp-content\/uploads\/2025\/04\/flora-present-wp-150x150.jpg 150w, https:\/\/artymori.com\/wp-content\/uploads\/2025\/04\/flora-present-wp-768x768.jpg 768w, https:\/\/artymori.com\/wp-content\/uploads\/2025\/04\/flora-present-wp-1536x1536.jpg 1536w, https:\/\/artymori.com\/wp-content\/uploads\/2025\/04\/flora-present-wp.jpg 2000w\" sizes=\"(max-width: 1024px) 100vw, 1024px\" \/><\/a><\/figure>\n\n\n\n<figure class=\"wp-block-image size-large\"><a href=\"https:\/\/artymori.com\/index.php\/neyun\/\"><img loading=\"lazy\" decoding=\"async\" width=\"1024\" height=\"1024\" data-id=\"2038\" src=\"https:\/\/artymori.com\/wp-content\/uploads\/2025\/05\/design-01jsvhp9hp-1745755062-1024x1024.jpg\" alt=\"\" class=\"wp-image-2038\" srcset=\"https:\/\/artymori.com\/wp-content\/uploads\/2025\/05\/design-01jsvhp9hp-1745755062-1024x1024.jpg 1024w, https:\/\/artymori.com\/wp-content\/uploads\/2025\/05\/design-01jsvhp9hp-1745755062-300x300.jpg 300w, https:\/\/artymori.com\/wp-content\/uploads\/2025\/05\/design-01jsvhp9hp-1745755062-150x150.jpg 150w, https:\/\/artymori.com\/wp-content\/uploads\/2025\/05\/design-01jsvhp9hp-1745755062-768x768.jpg 768w, https:\/\/artymori.com\/wp-content\/uploads\/2025\/05\/design-01jsvhp9hp-1745755062-1536x1536.jpg 1536w, https:\/\/artymori.com\/wp-content\/uploads\/2025\/05\/design-01jsvhp9hp-1745755062-2048x2048.jpg 2048w\" sizes=\"(max-width: 1024px) 100vw, 1024px\" \/><\/a><\/figure>\n\n\n\n<figure class=\"wp-block-image size-large\"><a href=\"https:\/\/artymori.com\/index.php\/edda-luce\/\"><img loading=\"lazy\" decoding=\"async\" width=\"1024\" height=\"683\" data-id=\"2082\" src=\"http:\/\/artymori.com\/wp-content\/uploads\/2025\/05\/design-01jsy4mks7-1745842011-1024x683.jpg\" alt=\"\" class=\"wp-image-2082\" srcset=\"https:\/\/artymori.com\/wp-content\/uploads\/2025\/05\/design-01jsy4mks7-1745842011-1024x683.jpg 1024w, https:\/\/artymori.com\/wp-content\/uploads\/2025\/05\/design-01jsy4mks7-1745842011-300x200.jpg 300w, https:\/\/artymori.com\/wp-content\/uploads\/2025\/05\/design-01jsy4mks7-1745842011-768x512.jpg 768w, https:\/\/artymori.com\/wp-content\/uploads\/2025\/05\/design-01jsy4mks7-1745842011-1536x1024.jpg 1536w, https:\/\/artymori.com\/wp-content\/uploads\/2025\/05\/design-01jsy4mks7-1745842011-2048x1365.jpg 2048w\" sizes=\"(max-width: 1024px) 100vw, 1024px\" \/><\/a><\/figure>\n\n\n\n<figure class=\"wp-block-image size-large\"><a href=\"https:\/\/artymori.com\/index.php\/el-barco\/\"><img loading=\"lazy\" decoding=\"async\" width=\"1024\" height=\"1024\" data-id=\"2183\" src=\"http:\/\/artymori.com\/wp-content\/uploads\/2025\/05\/elbarco-lflyer-insitue-01-1024x1024.jpg\" alt=\"\" class=\"wp-image-2183\" srcset=\"https:\/\/artymori.com\/wp-content\/uploads\/2025\/05\/elbarco-lflyer-insitue-01-1024x1024.jpg 1024w, https:\/\/artymori.com\/wp-content\/uploads\/2025\/05\/elbarco-lflyer-insitue-01-300x300.jpg 300w, https:\/\/artymori.com\/wp-content\/uploads\/2025\/05\/elbarco-lflyer-insitue-01-150x150.jpg 150w, https:\/\/artymori.com\/wp-content\/uploads\/2025\/05\/elbarco-lflyer-insitue-01-768x768.jpg 768w, https:\/\/artymori.com\/wp-content\/uploads\/2025\/05\/elbarco-lflyer-insitue-01-1536x1536.jpg 1536w, https:\/\/artymori.com\/wp-content\/uploads\/2025\/05\/elbarco-lflyer-insitue-01-2048x2048.jpg 2048w\" sizes=\"(max-width: 1024px) 100vw, 1024px\" \/><\/a><\/figure>\n\n\n\n<figure class=\"wp-block-image size-large\"><a href=\"https:\/\/artymori.com\/index.php\/alpha-lyrae\/\"><img loading=\"lazy\" decoding=\"async\" width=\"1024\" height=\"683\" data-id=\"2044\" src=\"https:\/\/artymori.com\/wp-content\/uploads\/2025\/05\/design-01js1bwt77-1744876536-1024x683.jpg\" alt=\"\" class=\"wp-image-2044\" srcset=\"https:\/\/artymori.com\/wp-content\/uploads\/2025\/05\/design-01js1bwt77-1744876536-1024x683.jpg 1024w, https:\/\/artymori.com\/wp-content\/uploads\/2025\/05\/design-01js1bwt77-1744876536-300x200.jpg 300w, https:\/\/artymori.com\/wp-content\/uploads\/2025\/05\/design-01js1bwt77-1744876536-768x512.jpg 768w, https:\/\/artymori.com\/wp-content\/uploads\/2025\/05\/design-01js1bwt77-1744876536-1536x1024.jpg 1536w, https:\/\/artymori.com\/wp-content\/uploads\/2025\/05\/design-01js1bwt77-1744876536-2048x1365.jpg 2048w\" sizes=\"(max-width: 1024px) 100vw, 1024px\" \/><\/a><\/figure>\n\n\n\n<figure class=\"wp-block-image size-full\"><a href=\"https:\/\/artymori.com\/index.php\/potbouille\/\"><img loading=\"lazy\" decoding=\"async\" width=\"2560\" height=\"1920\" data-id=\"2231\" src=\"http:\/\/artymori.com\/wp-content\/uploads\/2025\/05\/IMG_7161-scaled.jpg\" alt=\"\" class=\"wp-image-2231\" srcset=\"https:\/\/artymori.com\/wp-content\/uploads\/2025\/05\/IMG_7161-scaled.jpg 2560w, https:\/\/artymori.com\/wp-content\/uploads\/2025\/05\/IMG_7161-300x225.jpg 300w, https:\/\/artymori.com\/wp-content\/uploads\/2025\/05\/IMG_7161-1024x768.jpg 1024w, https:\/\/artymori.com\/wp-content\/uploads\/2025\/05\/IMG_7161-768x576.jpg 768w, https:\/\/artymori.com\/wp-content\/uploads\/2025\/05\/IMG_7161-1536x1152.jpg 1536w, https:\/\/artymori.com\/wp-content\/uploads\/2025\/05\/IMG_7161-2048x1536.jpg 2048w\" sizes=\"(max-width: 2560px) 100vw, 2560px\" \/><\/a><\/figure>\n\n\n\n<figure class=\"wp-block-image size-full\"><img loading=\"lazy\" decoding=\"async\" width=\"782\" height=\"752\" data-id=\"900\" src=\"http:\/\/artymori.com\/wp-content\/uploads\/2024\/09\/Capture-decran-2024-09-19-a-16.07.15.png\" alt=\"\" class=\"wp-image-900\" srcset=\"https:\/\/artymori.com\/wp-content\/uploads\/2024\/09\/Capture-decran-2024-09-19-a-16.07.15.png 782w, https:\/\/artymori.com\/wp-content\/uploads\/2024\/09\/Capture-decran-2024-09-19-a-16.07.15-300x288.png 300w, https:\/\/artymori.com\/wp-content\/uploads\/2024\/09\/Capture-decran-2024-09-19-a-16.07.15-768x739.png 768w\" sizes=\"(max-width: 782px) 100vw, 782px\" \/><\/figure>\n\n\n\n<figure class=\"wp-block-image size-large\"><img loading=\"lazy\" decoding=\"async\" width=\"1024\" height=\"683\" data-id=\"2431\" src=\"https:\/\/artymori.com\/wp-content\/uploads\/2025\/05\/design-01jvn28nhq-1747685052-1024x683.jpg\" alt=\"\" class=\"wp-image-2431\" srcset=\"https:\/\/artymori.com\/wp-content\/uploads\/2025\/05\/design-01jvn28nhq-1747685052-1024x683.jpg 1024w, https:\/\/artymori.com\/wp-content\/uploads\/2025\/05\/design-01jvn28nhq-1747685052-300x200.jpg 300w, https:\/\/artymori.com\/wp-content\/uploads\/2025\/05\/design-01jvn28nhq-1747685052-768x512.jpg 768w, https:\/\/artymori.com\/wp-content\/uploads\/2025\/05\/design-01jvn28nhq-1747685052-1536x1024.jpg 1536w, https:\/\/artymori.com\/wp-content\/uploads\/2025\/05\/design-01jvn28nhq-1747685052-2048x1366.jpg 2048w\" sizes=\"(max-width: 1024px) 100vw, 1024px\" \/><\/figure>\n<\/figure>\n\n\n\n<div class=\"wp-block-buttons alignwide is-layout-flex wp-block-buttons-is-layout-flex\">\n<div class=\"wp-block-button is-style-outline is-style-outline--3\"><a class=\"wp-block-button__link wp-element-button\" href=\"https:\/\/artymori.com\/\">accueil<\/a><\/div>\n<\/div>\n\n\n\n<div style=\"height:100px\" aria-hidden=\"true\" class=\"wp-block-spacer\"><\/div>\n\n\n\n<hr class=\"wp-block-separator alignfull has-alpha-channel-opacity is-style-wide\"\/>\n\n\n\n<figure class=\"wp-block-gallery alignwide has-nested-images columns-default is-cropped wp-block-gallery-4 is-layout-flex wp-block-gallery-is-layout-flex\">\n<figure class=\"wp-block-image aligncenter size-large\"><a href=\"https:\/\/artymori.com\/index.php\/graphisme\/\"><img loading=\"lazy\" decoding=\"async\" width=\"768\" height=\"1024\" data-id=\"2409\" src=\"http:\/\/artymori.com\/wp-content\/uploads\/2025\/05\/bouttonbrand-1-768x1024.jpg\" alt=\"\" class=\"wp-image-2409\" srcset=\"https:\/\/artymori.com\/wp-content\/uploads\/2025\/05\/bouttonbrand-1-768x1024.jpg 768w, https:\/\/artymori.com\/wp-content\/uploads\/2025\/05\/bouttonbrand-1-225x300.jpg 225w, https:\/\/artymori.com\/wp-content\/uploads\/2025\/05\/bouttonbrand-1-1152x1536.jpg 1152w, https:\/\/artymori.com\/wp-content\/uploads\/2025\/05\/bouttonbrand-1-1536x2048.jpg 1536w, https:\/\/artymori.com\/wp-content\/uploads\/2025\/05\/bouttonbrand-1.jpg 1667w\" sizes=\"(max-width: 768px) 100vw, 768px\" \/><\/a><\/figure>\n\n\n\n<figure class=\"wp-block-image size-large\"><a href=\"https:\/\/artymori.com\/index.php\/portfolio\/\"><img loading=\"lazy\" decoding=\"async\" width=\"768\" height=\"1024\" data-id=\"2410\" src=\"http:\/\/artymori.com\/wp-content\/uploads\/2025\/05\/bouttonillu-1-768x1024.jpg\" alt=\"\" class=\"wp-image-2410\" srcset=\"https:\/\/artymori.com\/wp-content\/uploads\/2025\/05\/bouttonillu-1-768x1024.jpg 768w, https:\/\/artymori.com\/wp-content\/uploads\/2025\/05\/bouttonillu-1-225x300.jpg 225w, https:\/\/artymori.com\/wp-content\/uploads\/2025\/05\/bouttonillu-1-1152x1536.jpg 1152w, https:\/\/artymori.com\/wp-content\/uploads\/2025\/05\/bouttonillu-1-1536x2048.jpg 1536w, https:\/\/artymori.com\/wp-content\/uploads\/2025\/05\/bouttonillu-1.jpg 1667w\" sizes=\"(max-width: 768px) 100vw, 768px\" \/><\/a><\/figure>\n\n\n\n<figure class=\"wp-block-image size-large\"><a href=\"https:\/\/artymori.com\/index.php\/176-2\/\"><img loading=\"lazy\" decoding=\"async\" width=\"768\" height=\"1024\" data-id=\"2411\" src=\"http:\/\/artymori.com\/wp-content\/uploads\/2025\/05\/bouttonpattern-1-768x1024.jpg\" alt=\"\" class=\"wp-image-2411\" srcset=\"https:\/\/artymori.com\/wp-content\/uploads\/2025\/05\/bouttonpattern-1-768x1024.jpg 768w, https:\/\/artymori.com\/wp-content\/uploads\/2025\/05\/bouttonpattern-1-225x300.jpg 225w, https:\/\/artymori.com\/wp-content\/uploads\/2025\/05\/bouttonpattern-1-1152x1536.jpg 1152w, https:\/\/artymori.com\/wp-content\/uploads\/2025\/05\/bouttonpattern-1-1536x2048.jpg 1536w, https:\/\/artymori.com\/wp-content\/uploads\/2025\/05\/bouttonpattern-1.jpg 1667w\" sizes=\"(max-width: 768px) 100vw, 768px\" \/><\/a><\/figure>\n<\/figure>\n\n\n\n<hr class=\"wp-block-separator has-alpha-channel-opacity\"\/>\n\n\n","protected":false},"excerpt":{"rendered":"<p>BRAND DESIGN J&rsquo;accompagne les entrepreneur.es engag\u00e9.es, les th\u00e9rapeutes, coachs, et associations dans la cr\u00e9ation de leur communication visuelle et tente d&rsquo;\u00eatre le plus \u00e0 l&rsquo;\u00e9coute possible afin de cerner au mieux l&rsquo;essence de votre projet. Nous collaborons ensemble autour de votre projet et nous cr\u00e9ons ensemble une identit\u00e9 visuelle et qui soit, avant tout authentique, [&hellip;]<\/p>\n","protected":false},"author":1,"featured_media":0,"parent":0,"menu_order":0,"comment_status":"closed","ping_status":"closed","template":"","meta":{"footnotes":"[]"},"class_list":["post-590","page","type-page","status-publish","hentry"],"yoast_head":"<!-- This site is optimized with the Yoast SEO plugin v27.4 - https:\/\/yoast.com\/product\/yoast-seo-wordpress\/ -->\n<title>1-Brand Design -<\/title>\n<meta name=\"robots\" content=\"index, follow, max-snippet:-1, max-image-preview:large, max-video-preview:-1\" \/>\n<link rel=\"canonical\" href=\"https:\/\/artymori.com\/index.php\/graphisme\/\" \/>\n<meta property=\"og:locale\" content=\"fr_FR\" \/>\n<meta property=\"og:type\" content=\"article\" \/>\n<meta property=\"og:title\" content=\"1-Brand Design -\" \/>\n<meta property=\"og:description\" content=\"BRAND DESIGN J&rsquo;accompagne les entrepreneur.es engag\u00e9.es, les th\u00e9rapeutes, coachs, et associations dans la cr\u00e9ation de leur communication visuelle et tente d&rsquo;\u00eatre le plus \u00e0 l&rsquo;\u00e9coute possible afin de cerner au mieux l&rsquo;essence de votre projet. Nous collaborons ensemble autour de votre projet et nous cr\u00e9ons ensemble une identit\u00e9 visuelle et qui soit, avant tout authentique, [&hellip;]\" \/>\n<meta property=\"og:url\" content=\"https:\/\/artymori.com\/index.php\/graphisme\/\" \/>\n<meta property=\"article:modified_time\" content=\"2025-05-19T20:08:22+00:00\" \/>\n<meta property=\"og:image\" content=\"https:\/\/artymori.com\/wp-content\/uploads\/2025\/05\/banniere-cloud2-scaled.jpg\" \/>\n\t<meta property=\"og:image:width\" content=\"2560\" \/>\n\t<meta property=\"og:image:height\" content=\"1034\" \/>\n\t<meta property=\"og:image:type\" content=\"image\/jpeg\" \/>\n<meta name=\"twitter:card\" content=\"summary_large_image\" \/>\n<meta name=\"twitter:label1\" content=\"Dur\u00e9e de lecture estim\u00e9e\" \/>\n\t<meta name=\"twitter:data1\" content=\"4 minutes\" \/>\n<script type=\"application\/ld+json\" class=\"yoast-schema-graph\">{\"@context\":\"https:\\\/\\\/schema.org\",\"@graph\":[{\"@type\":\"WebPage\",\"@id\":\"https:\\\/\\\/artymori.com\\\/index.php\\\/graphisme\\\/\",\"url\":\"https:\\\/\\\/artymori.com\\\/index.php\\\/graphisme\\\/\",\"name\":\"1-Brand Design -\",\"isPartOf\":{\"@id\":\"https:\\\/\\\/artymori.com\\\/#website\"},\"primaryImageOfPage\":{\"@id\":\"https:\\\/\\\/artymori.com\\\/index.php\\\/graphisme\\\/#primaryimage\"},\"image\":{\"@id\":\"https:\\\/\\\/artymori.com\\\/index.php\\\/graphisme\\\/#primaryimage\"},\"thumbnailUrl\":\"https:\\\/\\\/artymori.com\\\/wp-content\\\/uploads\\\/2025\\\/05\\\/banniere-cloud2-scaled.jpg\",\"datePublished\":\"2024-09-16T13:51:51+00:00\",\"dateModified\":\"2025-05-19T20:08:22+00:00\",\"breadcrumb\":{\"@id\":\"https:\\\/\\\/artymori.com\\\/index.php\\\/graphisme\\\/#breadcrumb\"},\"inLanguage\":\"fr-FR\",\"potentialAction\":[{\"@type\":\"ReadAction\",\"target\":[\"https:\\\/\\\/artymori.com\\\/index.php\\\/graphisme\\\/\"]}]},{\"@type\":\"ImageObject\",\"inLanguage\":\"fr-FR\",\"@id\":\"https:\\\/\\\/artymori.com\\\/index.php\\\/graphisme\\\/#primaryimage\",\"url\":\"https:\\\/\\\/artymori.com\\\/wp-content\\\/uploads\\\/2025\\\/05\\\/banniere-cloud2-scaled.jpg\",\"contentUrl\":\"https:\\\/\\\/artymori.com\\\/wp-content\\\/uploads\\\/2025\\\/05\\\/banniere-cloud2-scaled.jpg\",\"width\":2560,\"height\":1034},{\"@type\":\"BreadcrumbList\",\"@id\":\"https:\\\/\\\/artymori.com\\\/index.php\\\/graphisme\\\/#breadcrumb\",\"itemListElement\":[{\"@type\":\"ListItem\",\"position\":1,\"name\":\"Accueil\",\"item\":\"https:\\\/\\\/artymori.com\\\/\"},{\"@type\":\"ListItem\",\"position\":2,\"name\":\"1-Brand Design\"}]},{\"@type\":\"WebSite\",\"@id\":\"https:\\\/\\\/artymori.com\\\/#website\",\"url\":\"https:\\\/\\\/artymori.com\\\/\",\"name\":\"artymori\",\"description\":\"\",\"publisher\":{\"@id\":\"https:\\\/\\\/artymori.com\\\/#\\\/schema\\\/person\\\/4edc9864c875509e3e5cc3c0d5c4296c\"},\"potentialAction\":[{\"@type\":\"SearchAction\",\"target\":{\"@type\":\"EntryPoint\",\"urlTemplate\":\"https:\\\/\\\/artymori.com\\\/?s={search_term_string}\"},\"query-input\":{\"@type\":\"PropertyValueSpecification\",\"valueRequired\":true,\"valueName\":\"search_term_string\"}}],\"inLanguage\":\"fr-FR\"},{\"@type\":[\"Person\",\"Organization\"],\"@id\":\"https:\\\/\\\/artymori.com\\\/#\\\/schema\\\/person\\\/4edc9864c875509e3e5cc3c0d5c4296c\",\"name\":\"admin8128\",\"image\":{\"@type\":\"ImageObject\",\"inLanguage\":\"fr-FR\",\"@id\":\"http:\\\/\\\/artymori.com\\\/wp-content\\\/uploads\\\/2024\\\/05\\\/cropped-image_2024-05-30_231351508.png\",\"url\":\"http:\\\/\\\/artymori.com\\\/wp-content\\\/uploads\\\/2024\\\/05\\\/cropped-image_2024-05-30_231351508.png\",\"contentUrl\":\"http:\\\/\\\/artymori.com\\\/wp-content\\\/uploads\\\/2024\\\/05\\\/cropped-image_2024-05-30_231351508.png\",\"width\":512,\"height\":512,\"caption\":\"admin8128\"},\"logo\":{\"@id\":\"http:\\\/\\\/artymori.com\\\/wp-content\\\/uploads\\\/2024\\\/05\\\/cropped-image_2024-05-30_231351508.png\"},\"sameAs\":[\"http:\\\/\\\/artymori.com\"]}]}<\/script>\n<!-- \/ Yoast SEO plugin. -->","yoast_head_json":{"title":"1-Brand Design -","robots":{"index":"index","follow":"follow","max-snippet":"max-snippet:-1","max-image-preview":"max-image-preview:large","max-video-preview":"max-video-preview:-1"},"canonical":"https:\/\/artymori.com\/index.php\/graphisme\/","og_locale":"fr_FR","og_type":"article","og_title":"1-Brand Design -","og_description":"BRAND DESIGN J&rsquo;accompagne les entrepreneur.es engag\u00e9.es, les th\u00e9rapeutes, coachs, et associations dans la cr\u00e9ation de leur communication visuelle et tente d&rsquo;\u00eatre le plus \u00e0 l&rsquo;\u00e9coute possible afin de cerner au mieux l&rsquo;essence de votre projet. Nous collaborons ensemble autour de votre projet et nous cr\u00e9ons ensemble une identit\u00e9 visuelle et qui soit, avant tout authentique, [&hellip;]","og_url":"https:\/\/artymori.com\/index.php\/graphisme\/","article_modified_time":"2025-05-19T20:08:22+00:00","og_image":[{"width":2560,"height":1034,"url":"https:\/\/artymori.com\/wp-content\/uploads\/2025\/05\/banniere-cloud2-scaled.jpg","type":"image\/jpeg"}],"twitter_card":"summary_large_image","twitter_misc":{"Dur\u00e9e de lecture estim\u00e9e":"4 minutes"},"schema":{"@context":"https:\/\/schema.org","@graph":[{"@type":"WebPage","@id":"https:\/\/artymori.com\/index.php\/graphisme\/","url":"https:\/\/artymori.com\/index.php\/graphisme\/","name":"1-Brand Design -","isPartOf":{"@id":"https:\/\/artymori.com\/#website"},"primaryImageOfPage":{"@id":"https:\/\/artymori.com\/index.php\/graphisme\/#primaryimage"},"image":{"@id":"https:\/\/artymori.com\/index.php\/graphisme\/#primaryimage"},"thumbnailUrl":"https:\/\/artymori.com\/wp-content\/uploads\/2025\/05\/banniere-cloud2-scaled.jpg","datePublished":"2024-09-16T13:51:51+00:00","dateModified":"2025-05-19T20:08:22+00:00","breadcrumb":{"@id":"https:\/\/artymori.com\/index.php\/graphisme\/#breadcrumb"},"inLanguage":"fr-FR","potentialAction":[{"@type":"ReadAction","target":["https:\/\/artymori.com\/index.php\/graphisme\/"]}]},{"@type":"ImageObject","inLanguage":"fr-FR","@id":"https:\/\/artymori.com\/index.php\/graphisme\/#primaryimage","url":"https:\/\/artymori.com\/wp-content\/uploads\/2025\/05\/banniere-cloud2-scaled.jpg","contentUrl":"https:\/\/artymori.com\/wp-content\/uploads\/2025\/05\/banniere-cloud2-scaled.jpg","width":2560,"height":1034},{"@type":"BreadcrumbList","@id":"https:\/\/artymori.com\/index.php\/graphisme\/#breadcrumb","itemListElement":[{"@type":"ListItem","position":1,"name":"Accueil","item":"https:\/\/artymori.com\/"},{"@type":"ListItem","position":2,"name":"1-Brand Design"}]},{"@type":"WebSite","@id":"https:\/\/artymori.com\/#website","url":"https:\/\/artymori.com\/","name":"artymori","description":"","publisher":{"@id":"https:\/\/artymori.com\/#\/schema\/person\/4edc9864c875509e3e5cc3c0d5c4296c"},"potentialAction":[{"@type":"SearchAction","target":{"@type":"EntryPoint","urlTemplate":"https:\/\/artymori.com\/?s={search_term_string}"},"query-input":{"@type":"PropertyValueSpecification","valueRequired":true,"valueName":"search_term_string"}}],"inLanguage":"fr-FR"},{"@type":["Person","Organization"],"@id":"https:\/\/artymori.com\/#\/schema\/person\/4edc9864c875509e3e5cc3c0d5c4296c","name":"admin8128","image":{"@type":"ImageObject","inLanguage":"fr-FR","@id":"http:\/\/artymori.com\/wp-content\/uploads\/2024\/05\/cropped-image_2024-05-30_231351508.png","url":"http:\/\/artymori.com\/wp-content\/uploads\/2024\/05\/cropped-image_2024-05-30_231351508.png","contentUrl":"http:\/\/artymori.com\/wp-content\/uploads\/2024\/05\/cropped-image_2024-05-30_231351508.png","width":512,"height":512,"caption":"admin8128"},"logo":{"@id":"http:\/\/artymori.com\/wp-content\/uploads\/2024\/05\/cropped-image_2024-05-30_231351508.png"},"sameAs":["http:\/\/artymori.com"]}]}},"_links":{"self":[{"href":"https:\/\/artymori.com\/index.php\/wp-json\/wp\/v2\/pages\/590","targetHints":{"allow":["GET"]}}],"collection":[{"href":"https:\/\/artymori.com\/index.php\/wp-json\/wp\/v2\/pages"}],"about":[{"href":"https:\/\/artymori.com\/index.php\/wp-json\/wp\/v2\/types\/page"}],"author":[{"embeddable":true,"href":"https:\/\/artymori.com\/index.php\/wp-json\/wp\/v2\/users\/1"}],"replies":[{"embeddable":true,"href":"https:\/\/artymori.com\/index.php\/wp-json\/wp\/v2\/comments?post=590"}],"version-history":[{"count":49,"href":"https:\/\/artymori.com\/index.php\/wp-json\/wp\/v2\/pages\/590\/revisions"}],"predecessor-version":[{"id":2432,"href":"https:\/\/artymori.com\/index.php\/wp-json\/wp\/v2\/pages\/590\/revisions\/2432"}],"wp:attachment":[{"href":"https:\/\/artymori.com\/index.php\/wp-json\/wp\/v2\/media?parent=590"}],"curies":[{"name":"wp","href":"https:\/\/api.w.org\/{rel}","templated":true}]}}