{"id":48,"date":"2024-05-19T17:48:56","date_gmt":"2024-05-19T15:48:56","guid":{"rendered":"https:\/\/artymori.com\/?page_id=48"},"modified":"2025-05-03T09:22:54","modified_gmt":"2025-05-03T07:22:54","slug":"info","status":"publish","type":"page","link":"https:\/\/artymori.com\/index.php\/info\/","title":{"rendered":"About"},"content":{"rendered":"\n<div class=\"wp-block-cover alignfull\" style=\"min-height:670px;aspect-ratio:unset;\"><img fetchpriority=\"high\" decoding=\"async\" width=\"640\" height=\"640\" class=\"wp-block-cover__image-background wp-image-1444\" alt=\"\" src=\"https:\/\/artymori.com\/wp-content\/uploads\/2025\/01\/photo-moi.png\" data-object-fit=\"cover\" srcset=\"https:\/\/artymori.com\/wp-content\/uploads\/2025\/01\/photo-moi.png 640w, https:\/\/artymori.com\/wp-content\/uploads\/2025\/01\/photo-moi-300x300.png 300w, https:\/\/artymori.com\/wp-content\/uploads\/2025\/01\/photo-moi-150x150.png 150w\" sizes=\"(max-width: 640px) 100vw, 640px\" \/><span aria-hidden=\"true\" class=\"wp-block-cover__background has-background-dim-0 has-background-dim\" style=\"background-color:#9f9398\"><\/span><div class=\"wp-block-cover__inner-container has-global-padding is-layout-constrained wp-block-cover-is-layout-constrained\">\n<div class=\"wp-block-group is-vertical is-content-justification-center is-layout-flex wp-container-core-group-is-layout-27e8027c wp-block-group-is-layout-flex\" style=\"padding-top:0;padding-right:2.01rem;padding-bottom:0;padding-left:2.01rem\">\n<h1 class=\"wp-block-heading has-text-color\" style=\"color:#fafbf8;font-size:clamp(2.629rem, 2.629rem + ((1vw - 0.2rem) * 4.311), 5rem);font-style:normal;font-weight:500\"><\/h1>\n<\/div>\n<\/div><\/div>\n\n\n\n<h3 class=\"wp-block-heading has-text-align-center has-text-color has-link-color has-medium-font-size wp-elements-c266797c417ab0119c2a3fda121fa770\" style=\"border-radius:0px;color:#554122\"><\/h3>\n\n\n\n<h1 class=\"wp-block-heading has-text-align-center\">About<\/h1>\n\n\n\n<hr class=\"wp-block-separator has-alpha-channel-opacity\"\/>\n\n\n\n<pre id=\"tw-target-text\" class=\"wp-block-preformatted\"><\/pre>\n\n\n\n<p>je suis une illustratrice fran\u00e7aise vivant \u00e0 Lyon et j&rsquo;ai fait mes \u00e9tudes dans les Arts-Appliqu\u00e9s et la Communication Visuelle.<\/p>\n\n\n\n<p>J&rsquo;ai commenc\u00e9 mon activit\u00e9 par prendre la voix du <a data-type=\"page\" data-id=\"590\" href=\"https:\/\/artymori.com\/index.php\/graphisme\/\">design graphique<\/a> puis celle de la <a data-type=\"page\" data-id=\"480\" href=\"https:\/\/artymori.com\/index.php\/mural\/\">fresque murale<\/a>. Ensuite, apr\u00e8s avoir expos\u00e9 quelques unes de mes toiles et dessins dans diff\u00e9rents lieux en France et au Chili, je me suis dirig\u00e9e vers le <a href=\"https:\/\/www.instagram.com\/artymori.tattoo\/\">tattoo<\/a>. Bien que je continue en ce moment \u00e0 exercer cette discipline, je reviens \u00e0 ce qui m&rsquo;appelait depuis longtemps: l&rsquo;<a data-type=\"page\" data-id=\"42\" href=\"https:\/\/artymori.com\/\">illustration<\/a>.<\/p>\n\n\n\n<p>Je travaille principalement pour la presse, la publicit\u00e9 et l&rsquo;\u00e9dition mais aussi pour la cr\u00e9ation de motifs textiles et la valorisation de marques.<\/p>\n\n\n\n<p>Je m&rsquo;int\u00e9resse aussi beaucoup au dessin en live pour des \u00e9v\u00e9nements, concerts dessin\u00e9s ou alors pour accompagner des performances th\u00e9\u00e2trales ou artistiques. Exercice que je pratique \u00e0 chaque repr\u00e9sentation de <em>Alma La Femme Animale<\/em>, le spectacle de conte que nous avons cr\u00e9\u00e9 avec <em>le<\/em> <em><a href=\"https:\/\/www.facebook.com\/collectiflacueva\/\">Collectif La Cueva<\/a><\/em> auquel je fais partie.<\/p>\n\n\n\n<p>Je me sp\u00e9cialise dans le portrait, la botanique, ou l&rsquo;\u00e9tude de cas de produits. Je r\u00e9alise des dessins principalement \u00e0 la main au graphite, crayons de couleurs et\/ou aquarelle, puis je viens les retravailler avec des outils num\u00e9riques tel que Photoshop ou Procreate. <\/p>\n\n\n\n<p>Mes th\u00e8mes de pr\u00e9dilection sont la protection de l&rsquo;environnement, et tout ce qui se r\u00e9f\u00e8re \u00e0 la la nature dans son aspect le plus po\u00e9tique ou scientifique, mais aussi la culture, les voyages, la philosophie et la psychologie.<\/p>\n\n\n\n<p>Certaines de mes images demandent du temps et de la pr\u00e9cision, d&rsquo;autres sont plus libres et spontan\u00e9es. Ma qu\u00eate se trouve dans le fait continuellement chercher une harmonie de entre les deux.<\/p>\n\n\n\n<p>Mon travail demande un certain temps de r\u00eaverie et d&rsquo;abandon pour \u00eatre appr\u00e9ci\u00e9. Presque tout est dessin\u00e9 \u00e0 la main, parfois en un seul morceau, parfois en fragments pouvant \u00eatre assembl\u00e9s.<\/p>\n\n\n\n<pre id=\"tw-target-text\" class=\"wp-block-preformatted\"><br><br><br><\/pre>\n\n\n\n<div class=\"wp-block-cover alignfull is-light\" style=\"margin-top:0;padding-top:6vw;padding-right:6vw;padding-bottom:6vw;padding-left:6vw;min-height:354px;aspect-ratio:unset;\"><span aria-hidden=\"true\" class=\"wp-block-cover__background has-background-dim-100 has-background-dim\" style=\"background-color:#e6e4d3\"><\/span><div class=\"wp-block-cover__inner-container is-layout-flow wp-block-cover-is-layout-flow\">\n<h2 class=\"wp-block-heading has-text-align-center\"><em>Mes autres disciplines artistiques<\/em><\/h2>\n\n\n\n<hr class=\"wp-block-separator has-alpha-channel-opacity\"\/>\n\n\n\n<div class=\"wp-block-buttons is-content-justification-center is-layout-flex wp-container-core-buttons-is-layout-a89b3969 wp-block-buttons-is-layout-flex\">\n<div class=\"wp-block-button is-style-outline is-style-outline--1\"><a class=\"wp-block-button__link wp-element-button\" href=\"https:\/\/artymori.com\/index.php\/mural\/\">Mural<\/a><\/div>\n\n\n\n<div class=\"wp-block-button is-style-outline is-style-outline--2\"><a class=\"wp-block-button__link wp-element-button\" href=\"https:\/\/www.instagram.com\/_arty_mori_\/\">Tattoo<\/a><\/div>\n\n\n\n<div class=\"wp-block-button is-style-outline is-style-outline--3\"><a class=\"wp-block-button__link has-text-align-center wp-element-button\" href=\"https:\/\/www.instagram.com\/collectif_la_cueva\/p\/DFxlBByNgpk\/?__d=1\">Collectif La Cueva<\/a><\/div>\n\n\n\n<div class=\"wp-block-button is-style-outline is-style-outline--4\"><a class=\"wp-block-button__link wp-element-button\" href=\"https:\/\/www.artmajeur.com\/arty-mori-9714787\">art<\/a><\/div>\n<\/div>\n<\/div><\/div>\n\n\n\n<p class=\"has-text-align-center\"><\/p>\n\n\n\n<hr class=\"wp-block-separator alignfull has-alpha-channel-opacity is-style-wide\"\/>\n","protected":false},"excerpt":{"rendered":"<p>About je suis une illustratrice fran\u00e7aise vivant \u00e0 Lyon et j&rsquo;ai fait mes \u00e9tudes dans les Arts-Appliqu\u00e9s et la Communication Visuelle. J&rsquo;ai commenc\u00e9 mon activit\u00e9 par prendre la voix du design graphique puis celle de la fresque murale. Ensuite, apr\u00e8s avoir expos\u00e9 quelques unes de mes toiles et dessins dans diff\u00e9rents lieux en France et [&hellip;]<\/p>\n","protected":false},"author":1,"featured_media":0,"parent":0,"menu_order":0,"comment_status":"closed","ping_status":"closed","template":"","meta":{"footnotes":""},"class_list":["post-48","page","type-page","status-publish","hentry"],"yoast_head":"<!-- This site is optimized with the Yoast SEO plugin v27.4 - https:\/\/yoast.com\/product\/yoast-seo-wordpress\/ -->\n<title>About -<\/title>\n<meta name=\"robots\" content=\"index, follow, max-snippet:-1, max-image-preview:large, max-video-preview:-1\" \/>\n<link rel=\"canonical\" href=\"https:\/\/artymori.com\/index.php\/info\/\" \/>\n<meta property=\"og:locale\" content=\"fr_FR\" \/>\n<meta property=\"og:type\" content=\"article\" \/>\n<meta property=\"og:title\" content=\"About -\" \/>\n<meta property=\"og:description\" content=\"About je suis une illustratrice fran\u00e7aise vivant \u00e0 Lyon et j&rsquo;ai fait mes \u00e9tudes dans les Arts-Appliqu\u00e9s et la Communication Visuelle. J&rsquo;ai commenc\u00e9 mon activit\u00e9 par prendre la voix du design graphique puis celle de la fresque murale. Ensuite, apr\u00e8s avoir expos\u00e9 quelques unes de mes toiles et dessins dans diff\u00e9rents lieux en France et [&hellip;]\" \/>\n<meta property=\"og:url\" content=\"https:\/\/artymori.com\/index.php\/info\/\" \/>\n<meta property=\"article:modified_time\" content=\"2025-05-03T07:22:54+00:00\" \/>\n<meta property=\"og:image\" content=\"https:\/\/artymori.com\/wp-content\/uploads\/2025\/01\/photo-moi.png\" \/>\n\t<meta property=\"og:image:width\" content=\"640\" \/>\n\t<meta property=\"og:image:height\" content=\"640\" \/>\n\t<meta property=\"og:image:type\" content=\"image\/png\" \/>\n<meta name=\"twitter:card\" content=\"summary_large_image\" \/>\n<meta name=\"twitter:label1\" content=\"Dur\u00e9e de lecture estim\u00e9e\" \/>\n\t<meta name=\"twitter:data1\" content=\"2 minutes\" \/>\n<script type=\"application\/ld+json\" class=\"yoast-schema-graph\">{\"@context\":\"https:\\\/\\\/schema.org\",\"@graph\":[{\"@type\":\"WebPage\",\"@id\":\"https:\\\/\\\/artymori.com\\\/index.php\\\/info\\\/\",\"url\":\"https:\\\/\\\/artymori.com\\\/index.php\\\/info\\\/\",\"name\":\"About -\",\"isPartOf\":{\"@id\":\"https:\\\/\\\/artymori.com\\\/#website\"},\"primaryImageOfPage\":{\"@id\":\"https:\\\/\\\/artymori.com\\\/index.php\\\/info\\\/#primaryimage\"},\"image\":{\"@id\":\"https:\\\/\\\/artymori.com\\\/index.php\\\/info\\\/#primaryimage\"},\"thumbnailUrl\":\"https:\\\/\\\/artymori.com\\\/wp-content\\\/uploads\\\/2025\\\/01\\\/photo-moi.png\",\"datePublished\":\"2024-05-19T15:48:56+00:00\",\"dateModified\":\"2025-05-03T07:22:54+00:00\",\"breadcrumb\":{\"@id\":\"https:\\\/\\\/artymori.com\\\/index.php\\\/info\\\/#breadcrumb\"},\"inLanguage\":\"fr-FR\",\"potentialAction\":[{\"@type\":\"ReadAction\",\"target\":[\"https:\\\/\\\/artymori.com\\\/index.php\\\/info\\\/\"]}]},{\"@type\":\"ImageObject\",\"inLanguage\":\"fr-FR\",\"@id\":\"https:\\\/\\\/artymori.com\\\/index.php\\\/info\\\/#primaryimage\",\"url\":\"https:\\\/\\\/artymori.com\\\/wp-content\\\/uploads\\\/2025\\\/01\\\/photo-moi.png\",\"contentUrl\":\"https:\\\/\\\/artymori.com\\\/wp-content\\\/uploads\\\/2025\\\/01\\\/photo-moi.png\",\"width\":640,\"height\":640},{\"@type\":\"BreadcrumbList\",\"@id\":\"https:\\\/\\\/artymori.com\\\/index.php\\\/info\\\/#breadcrumb\",\"itemListElement\":[{\"@type\":\"ListItem\",\"position\":1,\"name\":\"Accueil\",\"item\":\"https:\\\/\\\/artymori.com\\\/\"},{\"@type\":\"ListItem\",\"position\":2,\"name\":\"About\"}]},{\"@type\":\"WebSite\",\"@id\":\"https:\\\/\\\/artymori.com\\\/#website\",\"url\":\"https:\\\/\\\/artymori.com\\\/\",\"name\":\"artymori\",\"description\":\"\",\"publisher\":{\"@id\":\"https:\\\/\\\/artymori.com\\\/#\\\/schema\\\/person\\\/4edc9864c875509e3e5cc3c0d5c4296c\"},\"potentialAction\":[{\"@type\":\"SearchAction\",\"target\":{\"@type\":\"EntryPoint\",\"urlTemplate\":\"https:\\\/\\\/artymori.com\\\/?s={search_term_string}\"},\"query-input\":{\"@type\":\"PropertyValueSpecification\",\"valueRequired\":true,\"valueName\":\"search_term_string\"}}],\"inLanguage\":\"fr-FR\"},{\"@type\":[\"Person\",\"Organization\"],\"@id\":\"https:\\\/\\\/artymori.com\\\/#\\\/schema\\\/person\\\/4edc9864c875509e3e5cc3c0d5c4296c\",\"name\":\"admin8128\",\"image\":{\"@type\":\"ImageObject\",\"inLanguage\":\"fr-FR\",\"@id\":\"http:\\\/\\\/artymori.com\\\/wp-content\\\/uploads\\\/2024\\\/05\\\/cropped-image_2024-05-30_231351508.png\",\"url\":\"http:\\\/\\\/artymori.com\\\/wp-content\\\/uploads\\\/2024\\\/05\\\/cropped-image_2024-05-30_231351508.png\",\"contentUrl\":\"http:\\\/\\\/artymori.com\\\/wp-content\\\/uploads\\\/2024\\\/05\\\/cropped-image_2024-05-30_231351508.png\",\"width\":512,\"height\":512,\"caption\":\"admin8128\"},\"logo\":{\"@id\":\"http:\\\/\\\/artymori.com\\\/wp-content\\\/uploads\\\/2024\\\/05\\\/cropped-image_2024-05-30_231351508.png\"},\"sameAs\":[\"http:\\\/\\\/artymori.com\"]}]}<\/script>\n<!-- \/ Yoast SEO plugin. -->","yoast_head_json":{"title":"About -","robots":{"index":"index","follow":"follow","max-snippet":"max-snippet:-1","max-image-preview":"max-image-preview:large","max-video-preview":"max-video-preview:-1"},"canonical":"https:\/\/artymori.com\/index.php\/info\/","og_locale":"fr_FR","og_type":"article","og_title":"About -","og_description":"About je suis une illustratrice fran\u00e7aise vivant \u00e0 Lyon et j&rsquo;ai fait mes \u00e9tudes dans les Arts-Appliqu\u00e9s et la Communication Visuelle. J&rsquo;ai commenc\u00e9 mon activit\u00e9 par prendre la voix du design graphique puis celle de la fresque murale. Ensuite, apr\u00e8s avoir expos\u00e9 quelques unes de mes toiles et dessins dans diff\u00e9rents lieux en France et [&hellip;]","og_url":"https:\/\/artymori.com\/index.php\/info\/","article_modified_time":"2025-05-03T07:22:54+00:00","og_image":[{"width":640,"height":640,"url":"https:\/\/artymori.com\/wp-content\/uploads\/2025\/01\/photo-moi.png","type":"image\/png"}],"twitter_card":"summary_large_image","twitter_misc":{"Dur\u00e9e de lecture estim\u00e9e":"2 minutes"},"schema":{"@context":"https:\/\/schema.org","@graph":[{"@type":"WebPage","@id":"https:\/\/artymori.com\/index.php\/info\/","url":"https:\/\/artymori.com\/index.php\/info\/","name":"About -","isPartOf":{"@id":"https:\/\/artymori.com\/#website"},"primaryImageOfPage":{"@id":"https:\/\/artymori.com\/index.php\/info\/#primaryimage"},"image":{"@id":"https:\/\/artymori.com\/index.php\/info\/#primaryimage"},"thumbnailUrl":"https:\/\/artymori.com\/wp-content\/uploads\/2025\/01\/photo-moi.png","datePublished":"2024-05-19T15:48:56+00:00","dateModified":"2025-05-03T07:22:54+00:00","breadcrumb":{"@id":"https:\/\/artymori.com\/index.php\/info\/#breadcrumb"},"inLanguage":"fr-FR","potentialAction":[{"@type":"ReadAction","target":["https:\/\/artymori.com\/index.php\/info\/"]}]},{"@type":"ImageObject","inLanguage":"fr-FR","@id":"https:\/\/artymori.com\/index.php\/info\/#primaryimage","url":"https:\/\/artymori.com\/wp-content\/uploads\/2025\/01\/photo-moi.png","contentUrl":"https:\/\/artymori.com\/wp-content\/uploads\/2025\/01\/photo-moi.png","width":640,"height":640},{"@type":"BreadcrumbList","@id":"https:\/\/artymori.com\/index.php\/info\/#breadcrumb","itemListElement":[{"@type":"ListItem","position":1,"name":"Accueil","item":"https:\/\/artymori.com\/"},{"@type":"ListItem","position":2,"name":"About"}]},{"@type":"WebSite","@id":"https:\/\/artymori.com\/#website","url":"https:\/\/artymori.com\/","name":"artymori","description":"","publisher":{"@id":"https:\/\/artymori.com\/#\/schema\/person\/4edc9864c875509e3e5cc3c0d5c4296c"},"potentialAction":[{"@type":"SearchAction","target":{"@type":"EntryPoint","urlTemplate":"https:\/\/artymori.com\/?s={search_term_string}"},"query-input":{"@type":"PropertyValueSpecification","valueRequired":true,"valueName":"search_term_string"}}],"inLanguage":"fr-FR"},{"@type":["Person","Organization"],"@id":"https:\/\/artymori.com\/#\/schema\/person\/4edc9864c875509e3e5cc3c0d5c4296c","name":"admin8128","image":{"@type":"ImageObject","inLanguage":"fr-FR","@id":"http:\/\/artymori.com\/wp-content\/uploads\/2024\/05\/cropped-image_2024-05-30_231351508.png","url":"http:\/\/artymori.com\/wp-content\/uploads\/2024\/05\/cropped-image_2024-05-30_231351508.png","contentUrl":"http:\/\/artymori.com\/wp-content\/uploads\/2024\/05\/cropped-image_2024-05-30_231351508.png","width":512,"height":512,"caption":"admin8128"},"logo":{"@id":"http:\/\/artymori.com\/wp-content\/uploads\/2024\/05\/cropped-image_2024-05-30_231351508.png"},"sameAs":["http:\/\/artymori.com"]}]}},"_links":{"self":[{"href":"https:\/\/artymori.com\/index.php\/wp-json\/wp\/v2\/pages\/48","targetHints":{"allow":["GET"]}}],"collection":[{"href":"https:\/\/artymori.com\/index.php\/wp-json\/wp\/v2\/pages"}],"about":[{"href":"https:\/\/artymori.com\/index.php\/wp-json\/wp\/v2\/types\/page"}],"author":[{"embeddable":true,"href":"https:\/\/artymori.com\/index.php\/wp-json\/wp\/v2\/users\/1"}],"replies":[{"embeddable":true,"href":"https:\/\/artymori.com\/index.php\/wp-json\/wp\/v2\/comments?post=48"}],"version-history":[{"count":70,"href":"https:\/\/artymori.com\/index.php\/wp-json\/wp\/v2\/pages\/48\/revisions"}],"predecessor-version":[{"id":2204,"href":"https:\/\/artymori.com\/index.php\/wp-json\/wp\/v2\/pages\/48\/revisions\/2204"}],"wp:attachment":[{"href":"https:\/\/artymori.com\/index.php\/wp-json\/wp\/v2\/media?parent=48"}],"curies":[{"name":"wp","href":"https:\/\/api.w.org\/{rel}","templated":true}]}}