{"id":42,"date":"2024-05-19T17:47:39","date_gmt":"2024-05-19T15:47:39","guid":{"rendered":"https:\/\/artymori.com\/?page_id=42"},"modified":"2025-09-29T13:04:54","modified_gmt":"2025-09-29T11:04:54","slug":"portefolio","status":"publish","type":"page","link":"https:\/\/artymori.com\/","title":{"rendered":"accueil"},"content":{"rendered":"\n<div class=\"wp-block-cover alignfull is-light\"><video class=\"wp-block-cover__video-background intrinsic-ignore\" autoplay muted loop playsinline src=\"https:\/\/artymori.com\/wp-content\/uploads\/2025\/05\/MVI_0575.m4v\" data-object-fit=\"cover\"><\/video><span aria-hidden=\"true\" class=\"wp-block-cover__background has-background-dim\" style=\"background-color:#FFF\"><\/span><div class=\"wp-block-cover__inner-container is-layout-flow wp-block-cover-is-layout-flow\">\n<p class=\"has-text-align-center has-large-font-size\"><\/p>\n<\/div><\/div>\n\n\n\n<div style=\"height:0px\" aria-hidden=\"true\" class=\"wp-block-spacer\"><\/div>\n\n\n\n<figure class=\"wp-block-image alignfull size-large\"><img fetchpriority=\"high\" decoding=\"async\" width=\"1024\" height=\"414\" src=\"https:\/\/artymori.com\/wp-content\/uploads\/2025\/05\/banniere-site-1-1024x414.jpg\" alt=\"\" class=\"wp-image-2407\" srcset=\"https:\/\/artymori.com\/wp-content\/uploads\/2025\/05\/banniere-site-1-1024x414.jpg 1024w, https:\/\/artymori.com\/wp-content\/uploads\/2025\/05\/banniere-site-1-300x121.jpg 300w, https:\/\/artymori.com\/wp-content\/uploads\/2025\/05\/banniere-site-1-768x310.jpg 768w, https:\/\/artymori.com\/wp-content\/uploads\/2025\/05\/banniere-site-1-1536x620.jpg 1536w, https:\/\/artymori.com\/wp-content\/uploads\/2025\/05\/banniere-site-1-2048x827.jpg 2048w\" sizes=\"(max-width: 1024px) 100vw, 1024px\" \/><\/figure>\n\n\n\n<pre class=\"wp-block-preformatted\"><\/pre>\n\n\n\n<figure class=\"wp-block-image aligncenter size-full is-resized\"><img decoding=\"async\" width=\"1920\" height=\"1350\" src=\"https:\/\/artymori.com\/wp-content\/uploads\/2025\/04\/welcome-paper.jpg\" alt=\"\" class=\"wp-image-1994\" style=\"width:364px;height:auto\" srcset=\"https:\/\/artymori.com\/wp-content\/uploads\/2025\/04\/welcome-paper.jpg 1920w, https:\/\/artymori.com\/wp-content\/uploads\/2025\/04\/welcome-paper-300x211.jpg 300w, https:\/\/artymori.com\/wp-content\/uploads\/2025\/04\/welcome-paper-1024x720.jpg 1024w, https:\/\/artymori.com\/wp-content\/uploads\/2025\/04\/welcome-paper-768x540.jpg 768w, https:\/\/artymori.com\/wp-content\/uploads\/2025\/04\/welcome-paper-1536x1080.jpg 1536w\" sizes=\"(max-width: 1920px) 100vw, 1920px\" \/><\/figure>\n\n\n\n<h2 class=\"wp-block-heading\"><\/h2>\n\n\n\n<div class=\"wp-block-columns alignwide is-layout-flex wp-container-core-columns-is-layout-28f84493 wp-block-columns-is-layout-flex\">\n<div class=\"wp-block-column is-vertically-aligned-center is-layout-flow wp-block-column-is-layout-flow\">\n<p class=\"has-text-align-left\">Je suis Arty Mori, illustratrice &amp; designer graphique.<\/p>\n\n\n\n<p class=\"has-text-align-left\">Je vous propose mes services d&rsquo;Illustrations, de Pattern Design et de Brand Design aux accents artistiques voir un peu surr\u00e9alistes.<\/p>\n\n\n\n<div style=\"height:29px\" aria-hidden=\"true\" class=\"wp-block-spacer\"><\/div>\n\n\n\n<figure class=\"wp-block-image aligncenter size-large\"><img decoding=\"async\" width=\"735\" height=\"1024\" src=\"https:\/\/artymori.com\/wp-content\/uploads\/2025\/09\/illu-arty2-735x1024.png\" alt=\"\" class=\"wp-image-2442\" srcset=\"https:\/\/artymori.com\/wp-content\/uploads\/2025\/09\/illu-arty2-735x1024.png 735w, https:\/\/artymori.com\/wp-content\/uploads\/2025\/09\/illu-arty2-215x300.png 215w, https:\/\/artymori.com\/wp-content\/uploads\/2025\/09\/illu-arty2-768x1070.png 768w, https:\/\/artymori.com\/wp-content\/uploads\/2025\/09\/illu-arty2-1103x1536.png 1103w, https:\/\/artymori.com\/wp-content\/uploads\/2025\/09\/illu-arty2.png 1240w\" sizes=\"(max-width: 735px) 100vw, 735px\" \/><\/figure>\n\n\n\n<p><\/p>\n<\/div>\n<\/div>\n\n\n\n<div class=\"wp-block-columns is-layout-flex wp-container-core-columns-is-layout-28f84493 wp-block-columns-is-layout-flex\">\n<div class=\"wp-block-column is-layout-flow wp-block-column-is-layout-flow\" style=\"flex-basis:100%\">\n<div class=\"wp-block-group is-vertical is-layout-flex wp-container-core-group-is-layout-fe9cc265 wp-block-group-is-layout-flex\">\n<div class=\"wp-block-columns is-layout-flex wp-container-core-columns-is-layout-28f84493 wp-block-columns-is-layout-flex\">\n<div class=\"wp-block-column is-layout-flow wp-block-column-is-layout-flow\"><\/div>\n<\/div>\n<\/div>\n<\/div>\n<\/div>\n\n\n\n<h2 class=\"wp-block-heading has-text-align-center\">Portfolio<\/h2>\n\n\n\n<hr class=\"wp-block-separator has-alpha-channel-opacity\"\/>\n\n\n\n<h2 class=\"wp-block-heading\"><\/h2>\n\n\n\n<pre class=\"wp-block-verse\"><\/pre>\n\n\n\n<figure class=\"wp-block-gallery alignwide has-nested-images columns-default is-cropped wp-block-gallery-1 is-layout-flex wp-block-gallery-is-layout-flex\">\n<figure class=\"wp-block-image size-large\"><a href=\"https:\/\/artymori.com\/index.php\/graphisme\/\"><img loading=\"lazy\" decoding=\"async\" width=\"768\" height=\"1024\" data-id=\"2409\" src=\"https:\/\/artymori.com\/wp-content\/uploads\/2025\/05\/bouttonbrand-1-768x1024.jpg\" alt=\"\" class=\"wp-image-2409\" srcset=\"https:\/\/artymori.com\/wp-content\/uploads\/2025\/05\/bouttonbrand-1-768x1024.jpg 768w, https:\/\/artymori.com\/wp-content\/uploads\/2025\/05\/bouttonbrand-1-225x300.jpg 225w, https:\/\/artymori.com\/wp-content\/uploads\/2025\/05\/bouttonbrand-1-1152x1536.jpg 1152w, https:\/\/artymori.com\/wp-content\/uploads\/2025\/05\/bouttonbrand-1-1536x2048.jpg 1536w, https:\/\/artymori.com\/wp-content\/uploads\/2025\/05\/bouttonbrand-1.jpg 1667w\" sizes=\"(max-width: 768px) 100vw, 768px\" \/><\/a><\/figure>\n\n\n\n<figure class=\"wp-block-image size-large\"><a href=\"https:\/\/artymori.com\/index.php\/portfolio\/\"><img loading=\"lazy\" decoding=\"async\" width=\"768\" height=\"1024\" data-id=\"2410\" src=\"https:\/\/artymori.com\/wp-content\/uploads\/2025\/05\/bouttonillu-1-768x1024.jpg\" alt=\"\" class=\"wp-image-2410\" srcset=\"https:\/\/artymori.com\/wp-content\/uploads\/2025\/05\/bouttonillu-1-768x1024.jpg 768w, https:\/\/artymori.com\/wp-content\/uploads\/2025\/05\/bouttonillu-1-225x300.jpg 225w, https:\/\/artymori.com\/wp-content\/uploads\/2025\/05\/bouttonillu-1-1152x1536.jpg 1152w, https:\/\/artymori.com\/wp-content\/uploads\/2025\/05\/bouttonillu-1-1536x2048.jpg 1536w, https:\/\/artymori.com\/wp-content\/uploads\/2025\/05\/bouttonillu-1.jpg 1667w\" sizes=\"(max-width: 768px) 100vw, 768px\" \/><\/a><\/figure>\n\n\n\n<figure class=\"wp-block-image size-large\"><a href=\"https:\/\/artymori.com\/index.php\/176-2\/\"><img loading=\"lazy\" decoding=\"async\" width=\"768\" height=\"1024\" data-id=\"2411\" src=\"https:\/\/artymori.com\/wp-content\/uploads\/2025\/05\/bouttonpattern-1-768x1024.jpg\" alt=\"\" class=\"wp-image-2411\" srcset=\"https:\/\/artymori.com\/wp-content\/uploads\/2025\/05\/bouttonpattern-1-768x1024.jpg 768w, https:\/\/artymori.com\/wp-content\/uploads\/2025\/05\/bouttonpattern-1-225x300.jpg 225w, https:\/\/artymori.com\/wp-content\/uploads\/2025\/05\/bouttonpattern-1-1152x1536.jpg 1152w, https:\/\/artymori.com\/wp-content\/uploads\/2025\/05\/bouttonpattern-1-1536x2048.jpg 1536w, https:\/\/artymori.com\/wp-content\/uploads\/2025\/05\/bouttonpattern-1.jpg 1667w\" sizes=\"(max-width: 768px) 100vw, 768px\" \/><\/a><\/figure>\n<\/figure>\n\n\n\n<div class=\"wp-block-buttons alignwide is-layout-flex wp-block-buttons-is-layout-flex\">\n<div class=\"wp-block-button is-style-outline is-style-outline--2\"><a class=\"wp-block-button__link wp-element-button\" href=\"https:\/\/artymori.com\/index.php\/contact\/\">contact<\/a><\/div>\n<\/div>\n\n\n\n<div style=\"height:65px\" aria-hidden=\"true\" class=\"wp-block-spacer\"><\/div>\n\n\n\n<hr class=\"wp-block-separator alignfull has-alpha-channel-opacity is-style-wide\"\/>\n\n\n\n<div style=\"height:32px\" aria-hidden=\"true\" class=\"wp-block-spacer\"><\/div>\n\n\n<h2 class=\"fonts-plugin-block \" style=\"text-align: center\">Any project?<\/h2>\n\n\n<hr class=\"wp-block-separator has-alpha-channel-opacity\"\/>\n\n\n\n<p class=\"has-text-align-center\"><strong><br><\/strong><mark style=\"background-color:rgba(0, 0, 0, 0)\" class=\"has-inline-color has-black-color\">Ne pas h\u00e9siter \u00e0 me contacter si vous avez des questions ou une requ\u00eate pour un projet d&rsquo;illustration de brand design ou de pattern design. Je serai ravie de vous r\u00e9pondre au plus vite.<\/mark><\/p>\n\n\n\n<p class=\"has-text-align-center\"><em>Do not hesitate to contact me if you have any questions or a request for a brand design illustration or pattern design project. I will be happy to answer you as soon as possible.<\/em><\/p>\n\n\n\n<hr class=\"wp-block-separator has-alpha-channel-opacity\"\/>\n\n\n\n<p class=\"has-text-align-center\"><strong>artymori.illustration(at)gmail.com   &#8211;    (+33)7 81 80 74 17<\/strong><\/p>\n\n\n\n<div style=\"height:100px\" aria-hidden=\"true\" class=\"wp-block-spacer\"><\/div>\n\n\n\n<p><\/p>\n","protected":false},"excerpt":{"rendered":"<p>Je suis Arty Mori, illustratrice &amp; designer graphique. Je vous propose mes services d&rsquo;Illustrations, de Pattern Design et de Brand Design aux accents artistiques voir un peu surr\u00e9alistes. Portfolio Ne pas h\u00e9siter \u00e0 me contacter si vous avez des questions ou une requ\u00eate pour un projet d&rsquo;illustration de brand design ou de pattern design. Je [&hellip;]<\/p>\n","protected":false},"author":1,"featured_media":1226,"parent":0,"menu_order":0,"comment_status":"closed","ping_status":"closed","template":"","meta":{"footnotes":""},"class_list":["post-42","page","type-page","status-publish","has-post-thumbnail","hentry"],"yoast_head":"<!-- This site is optimized with the Yoast SEO plugin v27.5 - https:\/\/yoast.com\/product\/yoast-seo-wordpress\/ -->\n<title>Arty Mori - illustrations pour la presse, l&#039;\u00e9dition, les marques<\/title>\n<meta name=\"description\" content=\"Arty Mori, Illustratrice lyonnaise sp\u00e9cialis\u00e9e dans le portrait, la botanique, motifs &amp; combine dessin analogique et illustration digitale\" \/>\n<meta name=\"robots\" content=\"index, follow, max-snippet:-1, max-image-preview:large, max-video-preview:-1\" \/>\n<link rel=\"canonical\" href=\"https:\/\/artymori.com\/\" \/>\n<meta property=\"og:locale\" content=\"fr_FR\" \/>\n<meta property=\"og:type\" content=\"article\" \/>\n<meta property=\"og:title\" content=\"Arty Mori, illustration pour la presse, l&#039;\u00e9dition , les marques\" \/>\n<meta property=\"og:description\" content=\"Illustratrice lyonnaise sp\u00e9cialis\u00e9e dans le portrait de magazine, la botanique, et la mise en valeur des marques \u00e0 travers l&#039;illustration\" \/>\n<meta property=\"og:url\" content=\"https:\/\/artymori.com\/\" \/>\n<meta property=\"article:modified_time\" content=\"2025-09-29T11:04:54+00:00\" \/>\n<meta property=\"og:image\" content=\"http:\/\/artymori.com\/wp-content\/uploads\/2024\/09\/0.png\" \/>\n\t<meta property=\"og:image:width\" content=\"1594\" \/>\n\t<meta property=\"og:image:height\" content=\"1140\" \/>\n\t<meta property=\"og:image:type\" content=\"image\/png\" \/>\n<meta name=\"twitter:card\" content=\"summary_large_image\" \/>\n<meta name=\"twitter:label1\" content=\"Dur\u00e9e de lecture estim\u00e9e\" \/>\n\t<meta name=\"twitter:data1\" content=\"2 minutes\" \/>\n<script type=\"application\/ld+json\" class=\"yoast-schema-graph\">{\"@context\":\"https:\\\/\\\/schema.org\",\"@graph\":[{\"@type\":\"WebPage\",\"@id\":\"https:\\\/\\\/artymori.com\\\/\",\"url\":\"https:\\\/\\\/artymori.com\\\/\",\"name\":\"Arty Mori - illustrations pour la presse, l'\u00e9dition, les marques\",\"isPartOf\":{\"@id\":\"https:\\\/\\\/artymori.com\\\/#website\"},\"primaryImageOfPage\":{\"@id\":\"https:\\\/\\\/artymori.com\\\/#primaryimage\"},\"image\":{\"@id\":\"https:\\\/\\\/artymori.com\\\/#primaryimage\"},\"thumbnailUrl\":\"https:\\\/\\\/artymori.com\\\/wp-content\\\/uploads\\\/2024\\\/05\\\/agir-pour-le-vivant.jpg\",\"datePublished\":\"2024-05-19T15:47:39+00:00\",\"dateModified\":\"2025-09-29T11:04:54+00:00\",\"description\":\"Arty Mori, Illustratrice lyonnaise sp\u00e9cialis\u00e9e dans le portrait, la botanique, motifs & combine dessin analogique et illustration digitale\",\"breadcrumb\":{\"@id\":\"https:\\\/\\\/artymori.com\\\/#breadcrumb\"},\"inLanguage\":\"fr-FR\",\"potentialAction\":[{\"@type\":\"ReadAction\",\"target\":[\"https:\\\/\\\/artymori.com\\\/\"]}]},{\"@type\":\"ImageObject\",\"inLanguage\":\"fr-FR\",\"@id\":\"https:\\\/\\\/artymori.com\\\/#primaryimage\",\"url\":\"https:\\\/\\\/artymori.com\\\/wp-content\\\/uploads\\\/2024\\\/05\\\/agir-pour-le-vivant.jpg\",\"contentUrl\":\"https:\\\/\\\/artymori.com\\\/wp-content\\\/uploads\\\/2024\\\/05\\\/agir-pour-le-vivant.jpg\",\"width\":1969,\"height\":1424},{\"@type\":\"BreadcrumbList\",\"@id\":\"https:\\\/\\\/artymori.com\\\/#breadcrumb\",\"itemListElement\":[{\"@type\":\"ListItem\",\"position\":1,\"name\":\"Accueil\",\"item\":\"https:\\\/\\\/artymori.com\\\/\"},{\"@type\":\"ListItem\",\"position\":2,\"name\":\"accueil\"}]},{\"@type\":\"WebSite\",\"@id\":\"https:\\\/\\\/artymori.com\\\/#website\",\"url\":\"https:\\\/\\\/artymori.com\\\/\",\"name\":\"artymori\",\"description\":\"\",\"publisher\":{\"@id\":\"https:\\\/\\\/artymori.com\\\/#\\\/schema\\\/person\\\/4edc9864c875509e3e5cc3c0d5c4296c\"},\"potentialAction\":[{\"@type\":\"SearchAction\",\"target\":{\"@type\":\"EntryPoint\",\"urlTemplate\":\"https:\\\/\\\/artymori.com\\\/?s={search_term_string}\"},\"query-input\":{\"@type\":\"PropertyValueSpecification\",\"valueRequired\":true,\"valueName\":\"search_term_string\"}}],\"inLanguage\":\"fr-FR\"},{\"@type\":[\"Person\",\"Organization\"],\"@id\":\"https:\\\/\\\/artymori.com\\\/#\\\/schema\\\/person\\\/4edc9864c875509e3e5cc3c0d5c4296c\",\"name\":\"admin8128\",\"image\":{\"@type\":\"ImageObject\",\"inLanguage\":\"fr-FR\",\"@id\":\"http:\\\/\\\/artymori.com\\\/wp-content\\\/uploads\\\/2024\\\/05\\\/cropped-image_2024-05-30_231351508.png\",\"url\":\"http:\\\/\\\/artymori.com\\\/wp-content\\\/uploads\\\/2024\\\/05\\\/cropped-image_2024-05-30_231351508.png\",\"contentUrl\":\"http:\\\/\\\/artymori.com\\\/wp-content\\\/uploads\\\/2024\\\/05\\\/cropped-image_2024-05-30_231351508.png\",\"width\":512,\"height\":512,\"caption\":\"admin8128\"},\"logo\":{\"@id\":\"http:\\\/\\\/artymori.com\\\/wp-content\\\/uploads\\\/2024\\\/05\\\/cropped-image_2024-05-30_231351508.png\"},\"sameAs\":[\"http:\\\/\\\/artymori.com\"]}]}<\/script>\n<!-- \/ Yoast SEO plugin. -->","yoast_head_json":{"title":"Arty Mori - illustrations pour la presse, l'\u00e9dition, les marques","description":"Arty Mori, Illustratrice lyonnaise sp\u00e9cialis\u00e9e dans le portrait, la botanique, motifs & combine dessin analogique et illustration digitale","robots":{"index":"index","follow":"follow","max-snippet":"max-snippet:-1","max-image-preview":"max-image-preview:large","max-video-preview":"max-video-preview:-1"},"canonical":"https:\/\/artymori.com\/","og_locale":"fr_FR","og_type":"article","og_title":"Arty Mori, illustration pour la presse, l'\u00e9dition , les marques","og_description":"Illustratrice lyonnaise sp\u00e9cialis\u00e9e dans le portrait de magazine, la botanique, et la mise en valeur des marques \u00e0 travers l'illustration","og_url":"https:\/\/artymori.com\/","article_modified_time":"2025-09-29T11:04:54+00:00","og_image":[{"width":1594,"height":1140,"url":"http:\/\/artymori.com\/wp-content\/uploads\/2024\/09\/0.png","type":"image\/png"}],"twitter_card":"summary_large_image","twitter_misc":{"Dur\u00e9e de lecture estim\u00e9e":"2 minutes"},"schema":{"@context":"https:\/\/schema.org","@graph":[{"@type":"WebPage","@id":"https:\/\/artymori.com\/","url":"https:\/\/artymori.com\/","name":"Arty Mori - illustrations pour la presse, l'\u00e9dition, les marques","isPartOf":{"@id":"https:\/\/artymori.com\/#website"},"primaryImageOfPage":{"@id":"https:\/\/artymori.com\/#primaryimage"},"image":{"@id":"https:\/\/artymori.com\/#primaryimage"},"thumbnailUrl":"https:\/\/artymori.com\/wp-content\/uploads\/2024\/05\/agir-pour-le-vivant.jpg","datePublished":"2024-05-19T15:47:39+00:00","dateModified":"2025-09-29T11:04:54+00:00","description":"Arty Mori, Illustratrice lyonnaise sp\u00e9cialis\u00e9e dans le portrait, la botanique, motifs & combine dessin analogique et illustration digitale","breadcrumb":{"@id":"https:\/\/artymori.com\/#breadcrumb"},"inLanguage":"fr-FR","potentialAction":[{"@type":"ReadAction","target":["https:\/\/artymori.com\/"]}]},{"@type":"ImageObject","inLanguage":"fr-FR","@id":"https:\/\/artymori.com\/#primaryimage","url":"https:\/\/artymori.com\/wp-content\/uploads\/2024\/05\/agir-pour-le-vivant.jpg","contentUrl":"https:\/\/artymori.com\/wp-content\/uploads\/2024\/05\/agir-pour-le-vivant.jpg","width":1969,"height":1424},{"@type":"BreadcrumbList","@id":"https:\/\/artymori.com\/#breadcrumb","itemListElement":[{"@type":"ListItem","position":1,"name":"Accueil","item":"https:\/\/artymori.com\/"},{"@type":"ListItem","position":2,"name":"accueil"}]},{"@type":"WebSite","@id":"https:\/\/artymori.com\/#website","url":"https:\/\/artymori.com\/","name":"artymori","description":"","publisher":{"@id":"https:\/\/artymori.com\/#\/schema\/person\/4edc9864c875509e3e5cc3c0d5c4296c"},"potentialAction":[{"@type":"SearchAction","target":{"@type":"EntryPoint","urlTemplate":"https:\/\/artymori.com\/?s={search_term_string}"},"query-input":{"@type":"PropertyValueSpecification","valueRequired":true,"valueName":"search_term_string"}}],"inLanguage":"fr-FR"},{"@type":["Person","Organization"],"@id":"https:\/\/artymori.com\/#\/schema\/person\/4edc9864c875509e3e5cc3c0d5c4296c","name":"admin8128","image":{"@type":"ImageObject","inLanguage":"fr-FR","@id":"http:\/\/artymori.com\/wp-content\/uploads\/2024\/05\/cropped-image_2024-05-30_231351508.png","url":"http:\/\/artymori.com\/wp-content\/uploads\/2024\/05\/cropped-image_2024-05-30_231351508.png","contentUrl":"http:\/\/artymori.com\/wp-content\/uploads\/2024\/05\/cropped-image_2024-05-30_231351508.png","width":512,"height":512,"caption":"admin8128"},"logo":{"@id":"http:\/\/artymori.com\/wp-content\/uploads\/2024\/05\/cropped-image_2024-05-30_231351508.png"},"sameAs":["http:\/\/artymori.com"]}]}},"_links":{"self":[{"href":"https:\/\/artymori.com\/index.php\/wp-json\/wp\/v2\/pages\/42","targetHints":{"allow":["GET"]}}],"collection":[{"href":"https:\/\/artymori.com\/index.php\/wp-json\/wp\/v2\/pages"}],"about":[{"href":"https:\/\/artymori.com\/index.php\/wp-json\/wp\/v2\/types\/page"}],"author":[{"embeddable":true,"href":"https:\/\/artymori.com\/index.php\/wp-json\/wp\/v2\/users\/1"}],"replies":[{"embeddable":true,"href":"https:\/\/artymori.com\/index.php\/wp-json\/wp\/v2\/comments?post=42"}],"version-history":[{"count":251,"href":"https:\/\/artymori.com\/index.php\/wp-json\/wp\/v2\/pages\/42\/revisions"}],"predecessor-version":[{"id":2444,"href":"https:\/\/artymori.com\/index.php\/wp-json\/wp\/v2\/pages\/42\/revisions\/2444"}],"wp:featuredmedia":[{"embeddable":true,"href":"https:\/\/artymori.com\/index.php\/wp-json\/wp\/v2\/media\/1226"}],"wp:attachment":[{"href":"https:\/\/artymori.com\/index.php\/wp-json\/wp\/v2\/media?parent=42"}],"curies":[{"name":"wp","href":"https:\/\/api.w.org\/{rel}","templated":true}]}}