{"id":1837,"date":"2025-03-06T00:22:35","date_gmt":"2025-03-05T23:22:35","guid":{"rendered":"https:\/\/artymori.com\/?page_id=1837"},"modified":"2025-05-02T11:34:50","modified_gmt":"2025-05-02T09:34:50","slug":"edda-luce","status":"publish","type":"page","link":"https:\/\/artymori.com\/index.php\/edda-luce\/","title":{"rendered":"EDDA LUCE"},"content":{"rendered":"\n<figure class=\"wp-block-image aligncenter size-large is-resized\"><img fetchpriority=\"high\" decoding=\"async\" width=\"1024\" height=\"1024\" src=\"https:\/\/artymori.com\/wp-content\/uploads\/2025\/05\/eddaluce-logopricipal-logoprincipalavecfondbeige-01-1-1024x1024.png\" alt=\"\" class=\"wp-image-2056\" style=\"width:360px;height:auto\" srcset=\"https:\/\/artymori.com\/wp-content\/uploads\/2025\/05\/eddaluce-logopricipal-logoprincipalavecfondbeige-01-1-1024x1024.png 1024w, https:\/\/artymori.com\/wp-content\/uploads\/2025\/05\/eddaluce-logopricipal-logoprincipalavecfondbeige-01-1-300x300.png 300w, https:\/\/artymori.com\/wp-content\/uploads\/2025\/05\/eddaluce-logopricipal-logoprincipalavecfondbeige-01-1-150x150.png 150w, https:\/\/artymori.com\/wp-content\/uploads\/2025\/05\/eddaluce-logopricipal-logoprincipalavecfondbeige-01-1-768x768.png 768w, https:\/\/artymori.com\/wp-content\/uploads\/2025\/05\/eddaluce-logopricipal-logoprincipalavecfondbeige-01-1.png 1252w\" sizes=\"(max-width: 1024px) 100vw, 1024px\" \/><\/figure>\n\n\n\n<div style=\"height:27px\" aria-hidden=\"true\" class=\"wp-block-spacer\"><\/div>\n\n\n\n<p class=\"has-text-align-center\"><strong>SERVICES<\/strong><\/p>\n\n\n\n<p class=\"has-text-align-center\">Logo &#8211; business card<\/p>\n\n\n\n<div style=\"height:13px\" aria-hidden=\"true\" class=\"wp-block-spacer\"><\/div>\n\n\n\n<hr class=\"wp-block-separator alignfull has-alpha-channel-opacity is-style-wide\"\/>\n\n\n\n<div style=\"height:12px\" aria-hidden=\"true\" class=\"wp-block-spacer\"><\/div>\n\n\n\n<div class=\"wp-block-columns alignwide is-layout-flex wp-container-core-columns-is-layout-28f84493 wp-block-columns-is-layout-flex\">\n<div class=\"wp-block-column is-layout-flow wp-block-column-is-layout-flow\">\n<p class=\"has-text-align-center\"><strong>ABOUT<\/strong><\/p>\n\n\n\n<p>Edda Luce c&rsquo;est d&rsquo;abord l&rsquo;association des racines (du pr\u00e9nom de la grand-m\u00e8re de la cr\u00e9atrice) et de la lumi\u00e8re. Un espace o\u00f9 l&rsquo;art la th\u00e9rapie et le conte se rencontrent pour explorer la richesse du r\u00eave et de l&rsquo;imaginaire. Edda Luce propose des exp\u00e9riences uniques m\u00ealant narration, cr\u00e9ativit\u00e9 et introspection. A travers ses r\u00eaves, elle cr\u00e9e des contes, des dessins, des ateliers artistiques et gr\u00e2ce \u00e0 ses apprentissages elles fait des accompagnements th\u00e9rapeutiques.<\/p>\n\n\n\n<hr class=\"wp-block-separator has-alpha-channel-opacity is-style-wide\"\/>\n\n\n\n<p class=\"has-text-align-center\"><strong>VISION<\/strong><\/p>\n\n\n\n<p>Offrir un espace o\u00f9 l&rsquo;imaginaire et l&rsquo;introspection se rencontrent , o\u00f9 les r\u00eaves deviennent des guides vers la transformation int\u00e9rieur , inviter chacun \u00e0 se connecter \u00e0 sa propre magie int\u00e9rieur, rayonner son YIN, gr\u00e2ce aux \u00e9l\u00e9ments de la nature, des symboles oniriques, des couleurs flamboyantes, et \u00e9l\u00e9gantes.<\/p>\n<\/div>\n\n\n\n<div class=\"wp-block-column is-layout-flow wp-block-column-is-layout-flow\">\n<p class=\"has-text-align-center\"><strong>KEYWORDS<\/strong><\/p>\n\n\n\n<p class=\"has-text-align-center\">FEMININ SACRE<\/p>\n\n\n\n<p class=\"has-text-align-center\">CREATION<\/p>\n\n\n\n<p class=\"has-text-align-center\">ELEMENTS<\/p>\n\n\n\n<p class=\"has-text-align-center\">SPIRITUALITE<\/p>\n\n\n\n<p class=\"has-text-align-center\">REVE<\/p>\n<\/div>\n<\/div>\n\n\n\n<div style=\"height:11px\" aria-hidden=\"true\" class=\"wp-block-spacer\"><\/div>\n\n\n\n<hr class=\"wp-block-separator alignfull has-alpha-channel-opacity is-style-wide\"\/>\n\n\n\n<div style=\"height:20px\" aria-hidden=\"true\" class=\"wp-block-spacer\"><\/div>\n\n\n\n<figure class=\"wp-block-image size-large\"><img decoding=\"async\" width=\"1024\" height=\"512\" src=\"https:\/\/artymori.com\/wp-content\/uploads\/2025\/05\/eddaluce-colorpalette-01-1024x512.png\" alt=\"\" class=\"wp-image-2058\" srcset=\"https:\/\/artymori.com\/wp-content\/uploads\/2025\/05\/eddaluce-colorpalette-01-1024x512.png 1024w, https:\/\/artymori.com\/wp-content\/uploads\/2025\/05\/eddaluce-colorpalette-01-300x150.png 300w, https:\/\/artymori.com\/wp-content\/uploads\/2025\/05\/eddaluce-colorpalette-01-768x384.png 768w, https:\/\/artymori.com\/wp-content\/uploads\/2025\/05\/eddaluce-colorpalette-01-1536x768.png 1536w, https:\/\/artymori.com\/wp-content\/uploads\/2025\/05\/eddaluce-colorpalette-01-2048x1024.png 2048w\" sizes=\"(max-width: 1024px) 100vw, 1024px\" \/><\/figure>\n\n\n\n<div style=\"height:23px\" aria-hidden=\"true\" class=\"wp-block-spacer\"><\/div>\n\n\n\n<hr class=\"wp-block-separator alignfull has-alpha-channel-opacity is-style-wide\"\/>\n\n\n\n<div style=\"height:41px\" aria-hidden=\"true\" class=\"wp-block-spacer\"><\/div>\n\n\n\n<figure class=\"wp-block-image alignwide size-large\"><img decoding=\"async\" width=\"1024\" height=\"410\" src=\"https:\/\/artymori.com\/wp-content\/uploads\/2025\/05\/edda-banniere-site-1-01-1024x410.jpg\" alt=\"\" class=\"wp-image-2060\" srcset=\"https:\/\/artymori.com\/wp-content\/uploads\/2025\/05\/edda-banniere-site-1-01-1024x410.jpg 1024w, https:\/\/artymori.com\/wp-content\/uploads\/2025\/05\/edda-banniere-site-1-01-300x120.jpg 300w, https:\/\/artymori.com\/wp-content\/uploads\/2025\/05\/edda-banniere-site-1-01-768x307.jpg 768w, https:\/\/artymori.com\/wp-content\/uploads\/2025\/05\/edda-banniere-site-1-01-1536x614.jpg 1536w, https:\/\/artymori.com\/wp-content\/uploads\/2025\/05\/edda-banniere-site-1-01-2048x819.jpg 2048w\" sizes=\"(max-width: 1024px) 100vw, 1024px\" \/><\/figure>\n\n\n\n<div class=\"wp-block-group alignwide has-global-padding is-layout-constrained wp-block-group-is-layout-constrained\">\n<div class=\"wp-block-columns alignwide is-layout-flex wp-container-core-columns-is-layout-28f84493 wp-block-columns-is-layout-flex\">\n<div class=\"wp-block-column is-layout-flow wp-block-column-is-layout-flow\">\n<figure class=\"wp-block-image size-large\"><img loading=\"lazy\" decoding=\"async\" width=\"1024\" height=\"1024\" src=\"http:\/\/artymori.com\/wp-content\/uploads\/2025\/05\/edda-logoicone-brun-01-1024x1024.jpg\" alt=\"\" class=\"wp-image-2065\" srcset=\"https:\/\/artymori.com\/wp-content\/uploads\/2025\/05\/edda-logoicone-brun-01-1024x1024.jpg 1024w, https:\/\/artymori.com\/wp-content\/uploads\/2025\/05\/edda-logoicone-brun-01-300x300.jpg 300w, https:\/\/artymori.com\/wp-content\/uploads\/2025\/05\/edda-logoicone-brun-01-150x150.jpg 150w, https:\/\/artymori.com\/wp-content\/uploads\/2025\/05\/edda-logoicone-brun-01-768x768.jpg 768w, https:\/\/artymori.com\/wp-content\/uploads\/2025\/05\/edda-logoicone-brun-01-1536x1536.jpg 1536w, https:\/\/artymori.com\/wp-content\/uploads\/2025\/05\/edda-logoicone-brun-01-2048x2048.jpg 2048w\" sizes=\"(max-width: 1024px) 100vw, 1024px\" \/><\/figure>\n<\/div>\n\n\n\n<div class=\"wp-block-column is-layout-flow wp-block-column-is-layout-flow\">\n<figure class=\"wp-block-image size-large\"><img loading=\"lazy\" decoding=\"async\" width=\"1024\" height=\"1024\" src=\"http:\/\/artymori.com\/wp-content\/uploads\/2025\/05\/eddaluce-logosecondaire-wordpressai-01-1024x1024.png\" alt=\"\" class=\"wp-image-2068\" srcset=\"https:\/\/artymori.com\/wp-content\/uploads\/2025\/05\/eddaluce-logosecondaire-wordpressai-01-1024x1024.png 1024w, https:\/\/artymori.com\/wp-content\/uploads\/2025\/05\/eddaluce-logosecondaire-wordpressai-01-300x300.png 300w, https:\/\/artymori.com\/wp-content\/uploads\/2025\/05\/eddaluce-logosecondaire-wordpressai-01-150x150.png 150w, https:\/\/artymori.com\/wp-content\/uploads\/2025\/05\/eddaluce-logosecondaire-wordpressai-01-768x768.png 768w, https:\/\/artymori.com\/wp-content\/uploads\/2025\/05\/eddaluce-logosecondaire-wordpressai-01.png 1252w\" sizes=\"(max-width: 1024px) 100vw, 1024px\" \/><\/figure>\n<\/div>\n\n\n\n<div class=\"wp-block-column is-layout-flow wp-block-column-is-layout-flow\">\n<figure class=\"wp-block-image size-large\"><img loading=\"lazy\" decoding=\"async\" width=\"1024\" height=\"1024\" src=\"https:\/\/artymori.com\/wp-content\/uploads\/2025\/05\/eddaluce-logoprincipal-brun-wordpressai-01-1024x1024.png\" alt=\"\" class=\"wp-image-2070\" srcset=\"https:\/\/artymori.com\/wp-content\/uploads\/2025\/05\/eddaluce-logoprincipal-brun-wordpressai-01-1024x1024.png 1024w, https:\/\/artymori.com\/wp-content\/uploads\/2025\/05\/eddaluce-logoprincipal-brun-wordpressai-01-300x300.png 300w, https:\/\/artymori.com\/wp-content\/uploads\/2025\/05\/eddaluce-logoprincipal-brun-wordpressai-01-150x150.png 150w, https:\/\/artymori.com\/wp-content\/uploads\/2025\/05\/eddaluce-logoprincipal-brun-wordpressai-01-768x768.png 768w, https:\/\/artymori.com\/wp-content\/uploads\/2025\/05\/eddaluce-logoprincipal-brun-wordpressai-01.png 1252w\" sizes=\"(max-width: 1024px) 100vw, 1024px\" \/><\/figure>\n<\/div>\n<\/div>\n<\/div>\n\n\n\n<div class=\"wp-block-columns alignwide is-layout-flex wp-container-core-columns-is-layout-28f84493 wp-block-columns-is-layout-flex\">\n<div class=\"wp-block-column is-layout-flow wp-block-column-is-layout-flow\">\n<figure class=\"wp-block-image size-large\"><img loading=\"lazy\" decoding=\"async\" width=\"1024\" height=\"682\" src=\"https:\/\/artymori.com\/wp-content\/uploads\/2025\/05\/design-01jsxqwqtz-1745828960-1024x682.jpg\" alt=\"\" class=\"wp-image-2073\" srcset=\"https:\/\/artymori.com\/wp-content\/uploads\/2025\/05\/design-01jsxqwqtz-1745828960-1024x682.jpg 1024w, https:\/\/artymori.com\/wp-content\/uploads\/2025\/05\/design-01jsxqwqtz-1745828960-300x200.jpg 300w, https:\/\/artymori.com\/wp-content\/uploads\/2025\/05\/design-01jsxqwqtz-1745828960-768x511.jpg 768w, https:\/\/artymori.com\/wp-content\/uploads\/2025\/05\/design-01jsxqwqtz-1745828960-1536x1023.jpg 1536w, https:\/\/artymori.com\/wp-content\/uploads\/2025\/05\/design-01jsxqwqtz-1745828960-2048x1364.jpg 2048w\" sizes=\"(max-width: 1024px) 100vw, 1024px\" \/><\/figure>\n<\/div>\n\n\n\n<div class=\"wp-block-column is-layout-flow wp-block-column-is-layout-flow\">\n<figure class=\"wp-block-image size-large\"><img loading=\"lazy\" decoding=\"async\" width=\"1024\" height=\"683\" src=\"https:\/\/artymori.com\/wp-content\/uploads\/2025\/05\/design-01jsxq2rz0-1745827904-1024x683.jpg\" alt=\"\" class=\"wp-image-2074\" srcset=\"https:\/\/artymori.com\/wp-content\/uploads\/2025\/05\/design-01jsxq2rz0-1745827904-1024x683.jpg 1024w, https:\/\/artymori.com\/wp-content\/uploads\/2025\/05\/design-01jsxq2rz0-1745827904-300x200.jpg 300w, https:\/\/artymori.com\/wp-content\/uploads\/2025\/05\/design-01jsxq2rz0-1745827904-768x513.jpg 768w, https:\/\/artymori.com\/wp-content\/uploads\/2025\/05\/design-01jsxq2rz0-1745827904-1536x1025.jpg 1536w, https:\/\/artymori.com\/wp-content\/uploads\/2025\/05\/design-01jsxq2rz0-1745827904-2048x1367.jpg 2048w\" sizes=\"(max-width: 1024px) 100vw, 1024px\" \/><\/figure>\n<\/div>\n<\/div>\n\n\n\n<figure class=\"wp-block-image alignwide size-large\"><img loading=\"lazy\" decoding=\"async\" width=\"1024\" height=\"367\" src=\"https:\/\/artymori.com\/wp-content\/uploads\/2025\/05\/eddaluce-banniere-motif-brun-01-1024x367.jpg\" alt=\"\" class=\"wp-image-2086\" srcset=\"https:\/\/artymori.com\/wp-content\/uploads\/2025\/05\/eddaluce-banniere-motif-brun-01-1024x367.jpg 1024w, https:\/\/artymori.com\/wp-content\/uploads\/2025\/05\/eddaluce-banniere-motif-brun-01-300x107.jpg 300w, https:\/\/artymori.com\/wp-content\/uploads\/2025\/05\/eddaluce-banniere-motif-brun-01-768x275.jpg 768w, https:\/\/artymori.com\/wp-content\/uploads\/2025\/05\/eddaluce-banniere-motif-brun-01-1536x550.jpg 1536w, https:\/\/artymori.com\/wp-content\/uploads\/2025\/05\/eddaluce-banniere-motif-brun-01-2048x733.jpg 2048w\" sizes=\"(max-width: 1024px) 100vw, 1024px\" \/><\/figure>\n\n\n\n<figure class=\"wp-block-image alignwide size-large\"><img loading=\"lazy\" decoding=\"async\" width=\"1024\" height=\"683\" src=\"https:\/\/artymori.com\/wp-content\/uploads\/2025\/05\/design-01jsw2k4bh-1745828138-1024x683.jpg\" alt=\"\" class=\"wp-image-2076\" srcset=\"https:\/\/artymori.com\/wp-content\/uploads\/2025\/05\/design-01jsw2k4bh-1745828138-1024x683.jpg 1024w, https:\/\/artymori.com\/wp-content\/uploads\/2025\/05\/design-01jsw2k4bh-1745828138-300x200.jpg 300w, https:\/\/artymori.com\/wp-content\/uploads\/2025\/05\/design-01jsw2k4bh-1745828138-768x512.jpg 768w, https:\/\/artymori.com\/wp-content\/uploads\/2025\/05\/design-01jsw2k4bh-1745828138-1536x1024.jpg 1536w, https:\/\/artymori.com\/wp-content\/uploads\/2025\/05\/design-01jsw2k4bh-1745828138-2048x1365.jpg 2048w\" sizes=\"(max-width: 1024px) 100vw, 1024px\" \/><\/figure>\n\n\n\n<div class=\"wp-block-columns alignwide is-layout-flex wp-container-core-columns-is-layout-28f84493 wp-block-columns-is-layout-flex\">\n<div class=\"wp-block-column is-layout-flow wp-block-column-is-layout-flow\" style=\"flex-basis:33.33%\">\n<figure class=\"wp-block-image size-large\"><img loading=\"lazy\" decoding=\"async\" width=\"431\" height=\"1024\" src=\"https:\/\/artymori.com\/wp-content\/uploads\/2025\/05\/eddaluce-pageinternet-1-01-431x1024.jpg\" alt=\"\" class=\"wp-image-2079\" srcset=\"https:\/\/artymori.com\/wp-content\/uploads\/2025\/05\/eddaluce-pageinternet-1-01-431x1024.jpg 431w, https:\/\/artymori.com\/wp-content\/uploads\/2025\/05\/eddaluce-pageinternet-1-01-126x300.jpg 126w, https:\/\/artymori.com\/wp-content\/uploads\/2025\/05\/eddaluce-pageinternet-1-01-768x1824.jpg 768w, https:\/\/artymori.com\/wp-content\/uploads\/2025\/05\/eddaluce-pageinternet-1-01-647x1536.jpg 647w, https:\/\/artymori.com\/wp-content\/uploads\/2025\/05\/eddaluce-pageinternet-1-01-862x2048.jpg 862w, https:\/\/artymori.com\/wp-content\/uploads\/2025\/05\/eddaluce-pageinternet-1-01-scaled.jpg 1078w\" sizes=\"(max-width: 431px) 100vw, 431px\" \/><\/figure>\n<\/div>\n\n\n\n<div class=\"wp-block-column is-layout-flow wp-block-column-is-layout-flow\" style=\"flex-basis:66.66%\">\n<figure class=\"wp-block-image size-large\"><img loading=\"lazy\" decoding=\"async\" width=\"1024\" height=\"683\" src=\"https:\/\/artymori.com\/wp-content\/uploads\/2025\/05\/design-01jsy4hj5s-1745841912-1024x683.jpg\" alt=\"\" class=\"wp-image-2081\" srcset=\"https:\/\/artymori.com\/wp-content\/uploads\/2025\/05\/design-01jsy4hj5s-1745841912-1024x683.jpg 1024w, https:\/\/artymori.com\/wp-content\/uploads\/2025\/05\/design-01jsy4hj5s-1745841912-300x200.jpg 300w, https:\/\/artymori.com\/wp-content\/uploads\/2025\/05\/design-01jsy4hj5s-1745841912-768x512.jpg 768w, https:\/\/artymori.com\/wp-content\/uploads\/2025\/05\/design-01jsy4hj5s-1745841912-1536x1024.jpg 1536w, https:\/\/artymori.com\/wp-content\/uploads\/2025\/05\/design-01jsy4hj5s-1745841912-2048x1365.jpg 2048w\" sizes=\"(max-width: 1024px) 100vw, 1024px\" \/><\/figure>\n\n\n\n<figure class=\"wp-block-image size-large\"><img loading=\"lazy\" decoding=\"async\" width=\"1024\" height=\"683\" src=\"https:\/\/artymori.com\/wp-content\/uploads\/2025\/05\/design-01jsy4mks7-1745842011-1024x683.jpg\" alt=\"\" class=\"wp-image-2082\" srcset=\"https:\/\/artymori.com\/wp-content\/uploads\/2025\/05\/design-01jsy4mks7-1745842011-1024x683.jpg 1024w, https:\/\/artymori.com\/wp-content\/uploads\/2025\/05\/design-01jsy4mks7-1745842011-300x200.jpg 300w, https:\/\/artymori.com\/wp-content\/uploads\/2025\/05\/design-01jsy4mks7-1745842011-768x512.jpg 768w, https:\/\/artymori.com\/wp-content\/uploads\/2025\/05\/design-01jsy4mks7-1745842011-1536x1024.jpg 1536w, https:\/\/artymori.com\/wp-content\/uploads\/2025\/05\/design-01jsy4mks7-1745842011-2048x1365.jpg 2048w\" sizes=\"(max-width: 1024px) 100vw, 1024px\" \/><\/figure>\n<\/div>\n<\/div>\n\n\n\n<p><\/p>\n","protected":false},"excerpt":{"rendered":"<p>SERVICES Logo &#8211; business card ABOUT Edda Luce c&rsquo;est d&rsquo;abord l&rsquo;association des racines (du pr\u00e9nom de la grand-m\u00e8re de la cr\u00e9atrice) et de la lumi\u00e8re. Un espace o\u00f9 l&rsquo;art la th\u00e9rapie et le conte se rencontrent pour explorer la richesse du r\u00eave et de l&rsquo;imaginaire. Edda Luce propose des exp\u00e9riences uniques m\u00ealant narration, cr\u00e9ativit\u00e9 et [&hellip;]<\/p>\n","protected":false},"author":1,"featured_media":0,"parent":0,"menu_order":0,"comment_status":"closed","ping_status":"closed","template":"","meta":{"footnotes":""},"class_list":["post-1837","page","type-page","status-publish","hentry"],"yoast_head":"<!-- This site is optimized with the Yoast SEO plugin v27.5 - https:\/\/yoast.com\/product\/yoast-seo-wordpress\/ -->\n<title>EDDA LUCE -<\/title>\n<meta name=\"robots\" content=\"index, follow, max-snippet:-1, max-image-preview:large, max-video-preview:-1\" \/>\n<link rel=\"canonical\" href=\"https:\/\/artymori.com\/index.php\/edda-luce\/\" \/>\n<meta property=\"og:locale\" content=\"fr_FR\" \/>\n<meta property=\"og:type\" content=\"article\" \/>\n<meta property=\"og:title\" content=\"EDDA LUCE -\" \/>\n<meta property=\"og:description\" content=\"SERVICES Logo &#8211; business card ABOUT Edda Luce c&rsquo;est d&rsquo;abord l&rsquo;association des racines (du pr\u00e9nom de la grand-m\u00e8re de la cr\u00e9atrice) et de la lumi\u00e8re. Un espace o\u00f9 l&rsquo;art la th\u00e9rapie et le conte se rencontrent pour explorer la richesse du r\u00eave et de l&rsquo;imaginaire. Edda Luce propose des exp\u00e9riences uniques m\u00ealant narration, cr\u00e9ativit\u00e9 et [&hellip;]\" \/>\n<meta property=\"og:url\" content=\"https:\/\/artymori.com\/index.php\/edda-luce\/\" \/>\n<meta property=\"article:modified_time\" content=\"2025-05-02T09:34:50+00:00\" \/>\n<meta property=\"og:image\" content=\"https:\/\/artymori.com\/wp-content\/uploads\/2025\/05\/eddaluce-logopricipal-logoprincipalavecfondbeige-01-1.png\" \/>\n\t<meta property=\"og:image:width\" content=\"1252\" \/>\n\t<meta property=\"og:image:height\" content=\"1252\" \/>\n\t<meta property=\"og:image:type\" content=\"image\/png\" \/>\n<meta name=\"twitter:card\" content=\"summary_large_image\" \/>\n<meta name=\"twitter:label1\" content=\"Dur\u00e9e de lecture estim\u00e9e\" \/>\n\t<meta name=\"twitter:data1\" content=\"4 minutes\" \/>\n<script type=\"application\/ld+json\" class=\"yoast-schema-graph\">{\"@context\":\"https:\\\/\\\/schema.org\",\"@graph\":[{\"@type\":\"WebPage\",\"@id\":\"https:\\\/\\\/artymori.com\\\/index.php\\\/edda-luce\\\/\",\"url\":\"https:\\\/\\\/artymori.com\\\/index.php\\\/edda-luce\\\/\",\"name\":\"EDDA LUCE -\",\"isPartOf\":{\"@id\":\"https:\\\/\\\/artymori.com\\\/#website\"},\"primaryImageOfPage\":{\"@id\":\"https:\\\/\\\/artymori.com\\\/index.php\\\/edda-luce\\\/#primaryimage\"},\"image\":{\"@id\":\"https:\\\/\\\/artymori.com\\\/index.php\\\/edda-luce\\\/#primaryimage\"},\"thumbnailUrl\":\"https:\\\/\\\/artymori.com\\\/wp-content\\\/uploads\\\/2025\\\/05\\\/eddaluce-logopricipal-logoprincipalavecfondbeige-01-1-1024x1024.png\",\"datePublished\":\"2025-03-05T23:22:35+00:00\",\"dateModified\":\"2025-05-02T09:34:50+00:00\",\"breadcrumb\":{\"@id\":\"https:\\\/\\\/artymori.com\\\/index.php\\\/edda-luce\\\/#breadcrumb\"},\"inLanguage\":\"fr-FR\",\"potentialAction\":[{\"@type\":\"ReadAction\",\"target\":[\"https:\\\/\\\/artymori.com\\\/index.php\\\/edda-luce\\\/\"]}]},{\"@type\":\"ImageObject\",\"inLanguage\":\"fr-FR\",\"@id\":\"https:\\\/\\\/artymori.com\\\/index.php\\\/edda-luce\\\/#primaryimage\",\"url\":\"https:\\\/\\\/artymori.com\\\/wp-content\\\/uploads\\\/2025\\\/05\\\/eddaluce-logopricipal-logoprincipalavecfondbeige-01-1.png\",\"contentUrl\":\"https:\\\/\\\/artymori.com\\\/wp-content\\\/uploads\\\/2025\\\/05\\\/eddaluce-logopricipal-logoprincipalavecfondbeige-01-1.png\",\"width\":1252,\"height\":1252},{\"@type\":\"BreadcrumbList\",\"@id\":\"https:\\\/\\\/artymori.com\\\/index.php\\\/edda-luce\\\/#breadcrumb\",\"itemListElement\":[{\"@type\":\"ListItem\",\"position\":1,\"name\":\"Accueil\",\"item\":\"https:\\\/\\\/artymori.com\\\/\"},{\"@type\":\"ListItem\",\"position\":2,\"name\":\"EDDA LUCE\"}]},{\"@type\":\"WebSite\",\"@id\":\"https:\\\/\\\/artymori.com\\\/#website\",\"url\":\"https:\\\/\\\/artymori.com\\\/\",\"name\":\"artymori\",\"description\":\"\",\"publisher\":{\"@id\":\"https:\\\/\\\/artymori.com\\\/#\\\/schema\\\/person\\\/4edc9864c875509e3e5cc3c0d5c4296c\"},\"potentialAction\":[{\"@type\":\"SearchAction\",\"target\":{\"@type\":\"EntryPoint\",\"urlTemplate\":\"https:\\\/\\\/artymori.com\\\/?s={search_term_string}\"},\"query-input\":{\"@type\":\"PropertyValueSpecification\",\"valueRequired\":true,\"valueName\":\"search_term_string\"}}],\"inLanguage\":\"fr-FR\"},{\"@type\":[\"Person\",\"Organization\"],\"@id\":\"https:\\\/\\\/artymori.com\\\/#\\\/schema\\\/person\\\/4edc9864c875509e3e5cc3c0d5c4296c\",\"name\":\"admin8128\",\"image\":{\"@type\":\"ImageObject\",\"inLanguage\":\"fr-FR\",\"@id\":\"http:\\\/\\\/artymori.com\\\/wp-content\\\/uploads\\\/2024\\\/05\\\/cropped-image_2024-05-30_231351508.png\",\"url\":\"http:\\\/\\\/artymori.com\\\/wp-content\\\/uploads\\\/2024\\\/05\\\/cropped-image_2024-05-30_231351508.png\",\"contentUrl\":\"http:\\\/\\\/artymori.com\\\/wp-content\\\/uploads\\\/2024\\\/05\\\/cropped-image_2024-05-30_231351508.png\",\"width\":512,\"height\":512,\"caption\":\"admin8128\"},\"logo\":{\"@id\":\"http:\\\/\\\/artymori.com\\\/wp-content\\\/uploads\\\/2024\\\/05\\\/cropped-image_2024-05-30_231351508.png\"},\"sameAs\":[\"http:\\\/\\\/artymori.com\"]}]}<\/script>\n<!-- \/ Yoast SEO plugin. -->","yoast_head_json":{"title":"EDDA LUCE -","robots":{"index":"index","follow":"follow","max-snippet":"max-snippet:-1","max-image-preview":"max-image-preview:large","max-video-preview":"max-video-preview:-1"},"canonical":"https:\/\/artymori.com\/index.php\/edda-luce\/","og_locale":"fr_FR","og_type":"article","og_title":"EDDA LUCE -","og_description":"SERVICES Logo &#8211; business card ABOUT Edda Luce c&rsquo;est d&rsquo;abord l&rsquo;association des racines (du pr\u00e9nom de la grand-m\u00e8re de la cr\u00e9atrice) et de la lumi\u00e8re. Un espace o\u00f9 l&rsquo;art la th\u00e9rapie et le conte se rencontrent pour explorer la richesse du r\u00eave et de l&rsquo;imaginaire. Edda Luce propose des exp\u00e9riences uniques m\u00ealant narration, cr\u00e9ativit\u00e9 et [&hellip;]","og_url":"https:\/\/artymori.com\/index.php\/edda-luce\/","article_modified_time":"2025-05-02T09:34:50+00:00","og_image":[{"width":1252,"height":1252,"url":"https:\/\/artymori.com\/wp-content\/uploads\/2025\/05\/eddaluce-logopricipal-logoprincipalavecfondbeige-01-1.png","type":"image\/png"}],"twitter_card":"summary_large_image","twitter_misc":{"Dur\u00e9e de lecture estim\u00e9e":"4 minutes"},"schema":{"@context":"https:\/\/schema.org","@graph":[{"@type":"WebPage","@id":"https:\/\/artymori.com\/index.php\/edda-luce\/","url":"https:\/\/artymori.com\/index.php\/edda-luce\/","name":"EDDA LUCE -","isPartOf":{"@id":"https:\/\/artymori.com\/#website"},"primaryImageOfPage":{"@id":"https:\/\/artymori.com\/index.php\/edda-luce\/#primaryimage"},"image":{"@id":"https:\/\/artymori.com\/index.php\/edda-luce\/#primaryimage"},"thumbnailUrl":"https:\/\/artymori.com\/wp-content\/uploads\/2025\/05\/eddaluce-logopricipal-logoprincipalavecfondbeige-01-1-1024x1024.png","datePublished":"2025-03-05T23:22:35+00:00","dateModified":"2025-05-02T09:34:50+00:00","breadcrumb":{"@id":"https:\/\/artymori.com\/index.php\/edda-luce\/#breadcrumb"},"inLanguage":"fr-FR","potentialAction":[{"@type":"ReadAction","target":["https:\/\/artymori.com\/index.php\/edda-luce\/"]}]},{"@type":"ImageObject","inLanguage":"fr-FR","@id":"https:\/\/artymori.com\/index.php\/edda-luce\/#primaryimage","url":"https:\/\/artymori.com\/wp-content\/uploads\/2025\/05\/eddaluce-logopricipal-logoprincipalavecfondbeige-01-1.png","contentUrl":"https:\/\/artymori.com\/wp-content\/uploads\/2025\/05\/eddaluce-logopricipal-logoprincipalavecfondbeige-01-1.png","width":1252,"height":1252},{"@type":"BreadcrumbList","@id":"https:\/\/artymori.com\/index.php\/edda-luce\/#breadcrumb","itemListElement":[{"@type":"ListItem","position":1,"name":"Accueil","item":"https:\/\/artymori.com\/"},{"@type":"ListItem","position":2,"name":"EDDA LUCE"}]},{"@type":"WebSite","@id":"https:\/\/artymori.com\/#website","url":"https:\/\/artymori.com\/","name":"artymori","description":"","publisher":{"@id":"https:\/\/artymori.com\/#\/schema\/person\/4edc9864c875509e3e5cc3c0d5c4296c"},"potentialAction":[{"@type":"SearchAction","target":{"@type":"EntryPoint","urlTemplate":"https:\/\/artymori.com\/?s={search_term_string}"},"query-input":{"@type":"PropertyValueSpecification","valueRequired":true,"valueName":"search_term_string"}}],"inLanguage":"fr-FR"},{"@type":["Person","Organization"],"@id":"https:\/\/artymori.com\/#\/schema\/person\/4edc9864c875509e3e5cc3c0d5c4296c","name":"admin8128","image":{"@type":"ImageObject","inLanguage":"fr-FR","@id":"http:\/\/artymori.com\/wp-content\/uploads\/2024\/05\/cropped-image_2024-05-30_231351508.png","url":"http:\/\/artymori.com\/wp-content\/uploads\/2024\/05\/cropped-image_2024-05-30_231351508.png","contentUrl":"http:\/\/artymori.com\/wp-content\/uploads\/2024\/05\/cropped-image_2024-05-30_231351508.png","width":512,"height":512,"caption":"admin8128"},"logo":{"@id":"http:\/\/artymori.com\/wp-content\/uploads\/2024\/05\/cropped-image_2024-05-30_231351508.png"},"sameAs":["http:\/\/artymori.com"]}]}},"_links":{"self":[{"href":"https:\/\/artymori.com\/index.php\/wp-json\/wp\/v2\/pages\/1837","targetHints":{"allow":["GET"]}}],"collection":[{"href":"https:\/\/artymori.com\/index.php\/wp-json\/wp\/v2\/pages"}],"about":[{"href":"https:\/\/artymori.com\/index.php\/wp-json\/wp\/v2\/types\/page"}],"author":[{"embeddable":true,"href":"https:\/\/artymori.com\/index.php\/wp-json\/wp\/v2\/users\/1"}],"replies":[{"embeddable":true,"href":"https:\/\/artymori.com\/index.php\/wp-json\/wp\/v2\/comments?post=1837"}],"version-history":[{"count":12,"href":"https:\/\/artymori.com\/index.php\/wp-json\/wp\/v2\/pages\/1837\/revisions"}],"predecessor-version":[{"id":2087,"href":"https:\/\/artymori.com\/index.php\/wp-json\/wp\/v2\/pages\/1837\/revisions\/2087"}],"wp:attachment":[{"href":"https:\/\/artymori.com\/index.php\/wp-json\/wp\/v2\/media?parent=1837"}],"curies":[{"name":"wp","href":"https:\/\/api.w.org\/{rel}","templated":true}]}}