{"id":1822,"date":"2025-03-05T23:55:06","date_gmt":"2025-03-05T22:55:06","guid":{"rendered":"https:\/\/artymori.com\/?page_id=1822"},"modified":"2025-03-06T18:47:20","modified_gmt":"2025-03-06T17:47:20","slug":"1822-2","status":"publish","type":"page","link":"https:\/\/artymori.com\/index.php\/1822-2\/","title":{"rendered":"Le Vagabond"},"content":{"rendered":"\n<figure class=\"wp-block-image aligncenter size-large is-resized\"><img fetchpriority=\"high\" decoding=\"async\" width=\"1024\" height=\"933\" src=\"https:\/\/artymori.com\/wp-content\/uploads\/2025\/03\/logo-complet-1024x933.png\" alt=\"\" class=\"wp-image-1823\" style=\"width:203px;height:auto\" srcset=\"https:\/\/artymori.com\/wp-content\/uploads\/2025\/03\/logo-complet-1024x933.png 1024w, https:\/\/artymori.com\/wp-content\/uploads\/2025\/03\/logo-complet-300x273.png 300w, https:\/\/artymori.com\/wp-content\/uploads\/2025\/03\/logo-complet-768x700.png 768w, https:\/\/artymori.com\/wp-content\/uploads\/2025\/03\/logo-complet-1536x1399.png 1536w, https:\/\/artymori.com\/wp-content\/uploads\/2025\/03\/logo-complet-2048x1866.png 2048w\" sizes=\"(max-width: 1024px) 100vw, 1024px\" \/><\/figure>\n\n\n\n<div style=\"height:22px\" aria-hidden=\"true\" class=\"wp-block-spacer\"><\/div>\n\n\n\n<p class=\"has-text-align-center\"><strong>SERVICE<\/strong><\/p>\n\n\n\n<p class=\"has-text-align-center\">logo &#8211; business card <\/p>\n\n\n\n<div style=\"height:15px\" aria-hidden=\"true\" class=\"wp-block-spacer\"><\/div>\n\n\n\n<hr class=\"wp-block-separator alignfull has-alpha-channel-opacity is-style-wide\"\/>\n\n\n\n<div style=\"height:18px\" aria-hidden=\"true\" class=\"wp-block-spacer\"><\/div>\n\n\n\n<div class=\"wp-block-columns alignwide is-layout-flex wp-container-core-columns-is-layout-28f84493 wp-block-columns-is-layout-flex\">\n<div class=\"wp-block-column is-layout-flow wp-block-column-is-layout-flow\">\n<p class=\"has-text-align-center\"><strong>ABOUT<\/strong><\/p>\n\n\n\n<p>Le vagabond est un bar nomade en Tasmanie, install\u00e9 dans une caravane style \u00ab\u00a0retro\u00a0\u00bb, enti\u00e8rement retap\u00e9e que l&rsquo;on peut louer pour des \u00e9v\u00e9nements tel que des mariages en pleine air, un anniversaire, un festival&#8230;  Ce bar itin\u00e9rant s&rsquo;adapte \u00e0 toutes les propositions et v\u00e9hicule une atmosph\u00e8re conviviale et chaleureuse propice aux rencontres et \u00e0 la degustation de cocktails ou de boisson. <\/p>\n\n\n\n<div style=\"height:8px\" aria-hidden=\"true\" class=\"wp-block-spacer\"><\/div>\n\n\n\n<hr class=\"wp-block-separator has-alpha-channel-opacity is-style-wide\"\/>\n\n\n\n<p class=\"has-text-align-center\"><strong>VISION<\/strong><\/p>\n\n\n\n<p>Cr\u00e9er des exp\u00e9riences uniques et m\u00e9morables en apportant une touche de libert\u00e9 et de convivialit\u00e9 \u00e0 chaque \u00e9v\u00e9nement. Inspir\u00e9 par l&rsquo;esprit boh\u00e8me des ann\u00e9es hippies, Le vagabond ne se contente pas de servir des boissons: il invite \u00e0 un voyage , \u00e0 la rencontre et au partage, o\u00f9 chaque lieu devient un espace de f\u00eate et de connexion humaine en harmonie avec l&rsquo;instant pr\u00e9sent.<\/p>\n<\/div>\n\n\n\n<div class=\"wp-block-column is-layout-flow wp-block-column-is-layout-flow\">\n<p class=\"has-text-align-center\"><strong>KEYWORDS<\/strong><\/p>\n\n\n\n<p class=\"has-text-align-center\">NATURE<\/p>\n\n\n\n<p class=\"has-text-align-center\">DIVERTISSANT<\/p>\n\n\n\n<p class=\"has-text-align-center\">CONVIVVIALE<\/p>\n\n\n\n<p class=\"has-text-align-center\">NOMADE<\/p>\n\n\n\n<p class=\"has-text-align-center\">LIBERTE<\/p>\n<\/div>\n<\/div>\n\n\n\n<div style=\"height:12px\" aria-hidden=\"true\" class=\"wp-block-spacer\"><\/div>\n\n\n\n<hr class=\"wp-block-separator alignfull has-alpha-channel-opacity is-style-wide\"\/>\n\n\n\n<div style=\"height:20px\" aria-hidden=\"true\" class=\"wp-block-spacer\"><\/div>\n\n\n\n<figure class=\"wp-block-image size-large\"><img decoding=\"async\" width=\"1024\" height=\"342\" src=\"https:\/\/artymori.com\/wp-content\/uploads\/2025\/03\/color-palette-vagabond-1024x342.png\" alt=\"\" class=\"wp-image-1827\" srcset=\"https:\/\/artymori.com\/wp-content\/uploads\/2025\/03\/color-palette-vagabond-1024x342.png 1024w, https:\/\/artymori.com\/wp-content\/uploads\/2025\/03\/color-palette-vagabond-300x100.png 300w, https:\/\/artymori.com\/wp-content\/uploads\/2025\/03\/color-palette-vagabond-768x257.png 768w, https:\/\/artymori.com\/wp-content\/uploads\/2025\/03\/color-palette-vagabond.png 1181w\" sizes=\"(max-width: 1024px) 100vw, 1024px\" \/><\/figure>\n\n\n\n<div style=\"height:18px\" aria-hidden=\"true\" class=\"wp-block-spacer\"><\/div>\n\n\n\n<hr class=\"wp-block-separator alignfull has-alpha-channel-opacity is-style-wide\"\/>\n\n\n\n<div style=\"height:29px\" aria-hidden=\"true\" class=\"wp-block-spacer\"><\/div>\n\n\n\n<figure class=\"wp-block-image alignwide size-large\"><img decoding=\"async\" width=\"1024\" height=\"304\" src=\"https:\/\/artymori.com\/wp-content\/uploads\/2025\/03\/Vagabond-bande-1024x304.jpg\" alt=\"\" class=\"wp-image-1826\" srcset=\"https:\/\/artymori.com\/wp-content\/uploads\/2025\/03\/Vagabond-bande-1024x304.jpg 1024w, https:\/\/artymori.com\/wp-content\/uploads\/2025\/03\/Vagabond-bande-300x89.jpg 300w, https:\/\/artymori.com\/wp-content\/uploads\/2025\/03\/Vagabond-bande-768x228.jpg 768w, https:\/\/artymori.com\/wp-content\/uploads\/2025\/03\/Vagabond-bande-1536x456.jpg 1536w, https:\/\/artymori.com\/wp-content\/uploads\/2025\/03\/Vagabond-bande-2048x608.jpg 2048w\" sizes=\"(max-width: 1024px) 100vw, 1024px\" \/><\/figure>\n\n\n\n<div class=\"wp-block-columns alignwide is-layout-flex wp-container-core-columns-is-layout-28f84493 wp-block-columns-is-layout-flex\">\n<div class=\"wp-block-column is-layout-flow wp-block-column-is-layout-flow\"><\/div>\n<\/div>\n\n\n\n<p><\/p>\n","protected":false},"excerpt":{"rendered":"<p>SERVICE logo &#8211; business card ABOUT Le vagabond est un bar nomade en Tasmanie, install\u00e9 dans une caravane style \u00ab\u00a0retro\u00a0\u00bb, enti\u00e8rement retap\u00e9e que l&rsquo;on peut louer pour des \u00e9v\u00e9nements tel que des mariages en pleine air, un anniversaire, un festival&#8230; Ce bar itin\u00e9rant s&rsquo;adapte \u00e0 toutes les propositions et v\u00e9hicule une atmosph\u00e8re conviviale et chaleureuse [&hellip;]<\/p>\n","protected":false},"author":1,"featured_media":0,"parent":0,"menu_order":0,"comment_status":"closed","ping_status":"closed","template":"","meta":{"footnotes":""},"class_list":["post-1822","page","type-page","status-publish","hentry"],"yoast_head":"<!-- This site is optimized with the Yoast SEO plugin v27.5 - https:\/\/yoast.com\/product\/yoast-seo-wordpress\/ -->\n<title>Le Vagabond -<\/title>\n<meta name=\"robots\" content=\"index, follow, max-snippet:-1, max-image-preview:large, max-video-preview:-1\" \/>\n<link rel=\"canonical\" href=\"https:\/\/artymori.com\/index.php\/1822-2\/\" \/>\n<meta property=\"og:locale\" content=\"fr_FR\" \/>\n<meta property=\"og:type\" content=\"article\" \/>\n<meta property=\"og:title\" content=\"Le Vagabond -\" \/>\n<meta property=\"og:description\" content=\"SERVICE logo &#8211; business card ABOUT Le vagabond est un bar nomade en Tasmanie, install\u00e9 dans une caravane style \u00ab\u00a0retro\u00a0\u00bb, enti\u00e8rement retap\u00e9e que l&rsquo;on peut louer pour des \u00e9v\u00e9nements tel que des mariages en pleine air, un anniversaire, un festival&#8230; Ce bar itin\u00e9rant s&rsquo;adapte \u00e0 toutes les propositions et v\u00e9hicule une atmosph\u00e8re conviviale et chaleureuse [&hellip;]\" \/>\n<meta property=\"og:url\" content=\"https:\/\/artymori.com\/index.php\/1822-2\/\" \/>\n<meta property=\"article:modified_time\" content=\"2025-03-06T17:47:20+00:00\" \/>\n<meta property=\"og:image\" content=\"https:\/\/artymori.com\/wp-content\/uploads\/2025\/03\/logo-complet.png\" \/>\n\t<meta property=\"og:image:width\" content=\"4046\" \/>\n\t<meta property=\"og:image:height\" content=\"3686\" \/>\n\t<meta property=\"og:image:type\" content=\"image\/png\" \/>\n<meta name=\"twitter:card\" content=\"summary_large_image\" \/>\n<meta name=\"twitter:label1\" content=\"Dur\u00e9e de lecture estim\u00e9e\" \/>\n\t<meta name=\"twitter:data1\" content=\"2 minutes\" \/>\n<script type=\"application\/ld+json\" class=\"yoast-schema-graph\">{\"@context\":\"https:\\\/\\\/schema.org\",\"@graph\":[{\"@type\":\"WebPage\",\"@id\":\"https:\\\/\\\/artymori.com\\\/index.php\\\/1822-2\\\/\",\"url\":\"https:\\\/\\\/artymori.com\\\/index.php\\\/1822-2\\\/\",\"name\":\"Le Vagabond -\",\"isPartOf\":{\"@id\":\"https:\\\/\\\/artymori.com\\\/#website\"},\"primaryImageOfPage\":{\"@id\":\"https:\\\/\\\/artymori.com\\\/index.php\\\/1822-2\\\/#primaryimage\"},\"image\":{\"@id\":\"https:\\\/\\\/artymori.com\\\/index.php\\\/1822-2\\\/#primaryimage\"},\"thumbnailUrl\":\"https:\\\/\\\/artymori.com\\\/wp-content\\\/uploads\\\/2025\\\/03\\\/logo-complet-1024x933.png\",\"datePublished\":\"2025-03-05T22:55:06+00:00\",\"dateModified\":\"2025-03-06T17:47:20+00:00\",\"breadcrumb\":{\"@id\":\"https:\\\/\\\/artymori.com\\\/index.php\\\/1822-2\\\/#breadcrumb\"},\"inLanguage\":\"fr-FR\",\"potentialAction\":[{\"@type\":\"ReadAction\",\"target\":[\"https:\\\/\\\/artymori.com\\\/index.php\\\/1822-2\\\/\"]}]},{\"@type\":\"ImageObject\",\"inLanguage\":\"fr-FR\",\"@id\":\"https:\\\/\\\/artymori.com\\\/index.php\\\/1822-2\\\/#primaryimage\",\"url\":\"https:\\\/\\\/artymori.com\\\/wp-content\\\/uploads\\\/2025\\\/03\\\/logo-complet.png\",\"contentUrl\":\"https:\\\/\\\/artymori.com\\\/wp-content\\\/uploads\\\/2025\\\/03\\\/logo-complet.png\",\"width\":4046,\"height\":3686},{\"@type\":\"BreadcrumbList\",\"@id\":\"https:\\\/\\\/artymori.com\\\/index.php\\\/1822-2\\\/#breadcrumb\",\"itemListElement\":[{\"@type\":\"ListItem\",\"position\":1,\"name\":\"Accueil\",\"item\":\"https:\\\/\\\/artymori.com\\\/\"},{\"@type\":\"ListItem\",\"position\":2,\"name\":\"Le Vagabond\"}]},{\"@type\":\"WebSite\",\"@id\":\"https:\\\/\\\/artymori.com\\\/#website\",\"url\":\"https:\\\/\\\/artymori.com\\\/\",\"name\":\"artymori\",\"description\":\"\",\"publisher\":{\"@id\":\"https:\\\/\\\/artymori.com\\\/#\\\/schema\\\/person\\\/4edc9864c875509e3e5cc3c0d5c4296c\"},\"potentialAction\":[{\"@type\":\"SearchAction\",\"target\":{\"@type\":\"EntryPoint\",\"urlTemplate\":\"https:\\\/\\\/artymori.com\\\/?s={search_term_string}\"},\"query-input\":{\"@type\":\"PropertyValueSpecification\",\"valueRequired\":true,\"valueName\":\"search_term_string\"}}],\"inLanguage\":\"fr-FR\"},{\"@type\":[\"Person\",\"Organization\"],\"@id\":\"https:\\\/\\\/artymori.com\\\/#\\\/schema\\\/person\\\/4edc9864c875509e3e5cc3c0d5c4296c\",\"name\":\"admin8128\",\"image\":{\"@type\":\"ImageObject\",\"inLanguage\":\"fr-FR\",\"@id\":\"http:\\\/\\\/artymori.com\\\/wp-content\\\/uploads\\\/2024\\\/05\\\/cropped-image_2024-05-30_231351508.png\",\"url\":\"http:\\\/\\\/artymori.com\\\/wp-content\\\/uploads\\\/2024\\\/05\\\/cropped-image_2024-05-30_231351508.png\",\"contentUrl\":\"http:\\\/\\\/artymori.com\\\/wp-content\\\/uploads\\\/2024\\\/05\\\/cropped-image_2024-05-30_231351508.png\",\"width\":512,\"height\":512,\"caption\":\"admin8128\"},\"logo\":{\"@id\":\"http:\\\/\\\/artymori.com\\\/wp-content\\\/uploads\\\/2024\\\/05\\\/cropped-image_2024-05-30_231351508.png\"},\"sameAs\":[\"http:\\\/\\\/artymori.com\"]}]}<\/script>\n<!-- \/ Yoast SEO plugin. -->","yoast_head_json":{"title":"Le Vagabond -","robots":{"index":"index","follow":"follow","max-snippet":"max-snippet:-1","max-image-preview":"max-image-preview:large","max-video-preview":"max-video-preview:-1"},"canonical":"https:\/\/artymori.com\/index.php\/1822-2\/","og_locale":"fr_FR","og_type":"article","og_title":"Le Vagabond -","og_description":"SERVICE logo &#8211; business card ABOUT Le vagabond est un bar nomade en Tasmanie, install\u00e9 dans une caravane style \u00ab\u00a0retro\u00a0\u00bb, enti\u00e8rement retap\u00e9e que l&rsquo;on peut louer pour des \u00e9v\u00e9nements tel que des mariages en pleine air, un anniversaire, un festival&#8230; Ce bar itin\u00e9rant s&rsquo;adapte \u00e0 toutes les propositions et v\u00e9hicule une atmosph\u00e8re conviviale et chaleureuse [&hellip;]","og_url":"https:\/\/artymori.com\/index.php\/1822-2\/","article_modified_time":"2025-03-06T17:47:20+00:00","og_image":[{"width":4046,"height":3686,"url":"https:\/\/artymori.com\/wp-content\/uploads\/2025\/03\/logo-complet.png","type":"image\/png"}],"twitter_card":"summary_large_image","twitter_misc":{"Dur\u00e9e de lecture estim\u00e9e":"2 minutes"},"schema":{"@context":"https:\/\/schema.org","@graph":[{"@type":"WebPage","@id":"https:\/\/artymori.com\/index.php\/1822-2\/","url":"https:\/\/artymori.com\/index.php\/1822-2\/","name":"Le Vagabond -","isPartOf":{"@id":"https:\/\/artymori.com\/#website"},"primaryImageOfPage":{"@id":"https:\/\/artymori.com\/index.php\/1822-2\/#primaryimage"},"image":{"@id":"https:\/\/artymori.com\/index.php\/1822-2\/#primaryimage"},"thumbnailUrl":"https:\/\/artymori.com\/wp-content\/uploads\/2025\/03\/logo-complet-1024x933.png","datePublished":"2025-03-05T22:55:06+00:00","dateModified":"2025-03-06T17:47:20+00:00","breadcrumb":{"@id":"https:\/\/artymori.com\/index.php\/1822-2\/#breadcrumb"},"inLanguage":"fr-FR","potentialAction":[{"@type":"ReadAction","target":["https:\/\/artymori.com\/index.php\/1822-2\/"]}]},{"@type":"ImageObject","inLanguage":"fr-FR","@id":"https:\/\/artymori.com\/index.php\/1822-2\/#primaryimage","url":"https:\/\/artymori.com\/wp-content\/uploads\/2025\/03\/logo-complet.png","contentUrl":"https:\/\/artymori.com\/wp-content\/uploads\/2025\/03\/logo-complet.png","width":4046,"height":3686},{"@type":"BreadcrumbList","@id":"https:\/\/artymori.com\/index.php\/1822-2\/#breadcrumb","itemListElement":[{"@type":"ListItem","position":1,"name":"Accueil","item":"https:\/\/artymori.com\/"},{"@type":"ListItem","position":2,"name":"Le Vagabond"}]},{"@type":"WebSite","@id":"https:\/\/artymori.com\/#website","url":"https:\/\/artymori.com\/","name":"artymori","description":"","publisher":{"@id":"https:\/\/artymori.com\/#\/schema\/person\/4edc9864c875509e3e5cc3c0d5c4296c"},"potentialAction":[{"@type":"SearchAction","target":{"@type":"EntryPoint","urlTemplate":"https:\/\/artymori.com\/?s={search_term_string}"},"query-input":{"@type":"PropertyValueSpecification","valueRequired":true,"valueName":"search_term_string"}}],"inLanguage":"fr-FR"},{"@type":["Person","Organization"],"@id":"https:\/\/artymori.com\/#\/schema\/person\/4edc9864c875509e3e5cc3c0d5c4296c","name":"admin8128","image":{"@type":"ImageObject","inLanguage":"fr-FR","@id":"http:\/\/artymori.com\/wp-content\/uploads\/2024\/05\/cropped-image_2024-05-30_231351508.png","url":"http:\/\/artymori.com\/wp-content\/uploads\/2024\/05\/cropped-image_2024-05-30_231351508.png","contentUrl":"http:\/\/artymori.com\/wp-content\/uploads\/2024\/05\/cropped-image_2024-05-30_231351508.png","width":512,"height":512,"caption":"admin8128"},"logo":{"@id":"http:\/\/artymori.com\/wp-content\/uploads\/2024\/05\/cropped-image_2024-05-30_231351508.png"},"sameAs":["http:\/\/artymori.com"]}]}},"_links":{"self":[{"href":"https:\/\/artymori.com\/index.php\/wp-json\/wp\/v2\/pages\/1822","targetHints":{"allow":["GET"]}}],"collection":[{"href":"https:\/\/artymori.com\/index.php\/wp-json\/wp\/v2\/pages"}],"about":[{"href":"https:\/\/artymori.com\/index.php\/wp-json\/wp\/v2\/types\/page"}],"author":[{"embeddable":true,"href":"https:\/\/artymori.com\/index.php\/wp-json\/wp\/v2\/users\/1"}],"replies":[{"embeddable":true,"href":"https:\/\/artymori.com\/index.php\/wp-json\/wp\/v2\/comments?post=1822"}],"version-history":[{"count":5,"href":"https:\/\/artymori.com\/index.php\/wp-json\/wp\/v2\/pages\/1822\/revisions"}],"predecessor-version":[{"id":1854,"href":"https:\/\/artymori.com\/index.php\/wp-json\/wp\/v2\/pages\/1822\/revisions\/1854"}],"wp:attachment":[{"href":"https:\/\/artymori.com\/index.php\/wp-json\/wp\/v2\/media?parent=1822"}],"curies":[{"name":"wp","href":"https:\/\/api.w.org\/{rel}","templated":true}]}}