{"id":176,"date":"2024-05-29T14:03:39","date_gmt":"2024-05-29T12:03:39","guid":{"rendered":"https:\/\/artymori.com\/?page_id=176"},"modified":"2025-05-19T12:34:01","modified_gmt":"2025-05-19T10:34:01","slug":"176-2","status":"publish","type":"page","link":"https:\/\/artymori.com\/index.php\/176-2\/","title":{"rendered":"3-Pattern Design"},"content":{"rendered":"\n<p class=\"has-text-align-center\"><\/p>\n\n\n\n<figure class=\"wp-block-image alignfull size-large\"><img fetchpriority=\"high\" decoding=\"async\" width=\"1024\" height=\"386\" src=\"https:\/\/artymori.com\/wp-content\/uploads\/2025\/02\/pattern-2-accueil-wp-1024x386.jpg\" alt=\"\" class=\"wp-image-1581\" srcset=\"https:\/\/artymori.com\/wp-content\/uploads\/2025\/02\/pattern-2-accueil-wp-1024x386.jpg 1024w, https:\/\/artymori.com\/wp-content\/uploads\/2025\/02\/pattern-2-accueil-wp-300x113.jpg 300w, https:\/\/artymori.com\/wp-content\/uploads\/2025\/02\/pattern-2-accueil-wp-768x290.jpg 768w, https:\/\/artymori.com\/wp-content\/uploads\/2025\/02\/pattern-2-accueil-wp-1536x579.jpg 1536w, https:\/\/artymori.com\/wp-content\/uploads\/2025\/02\/pattern-2-accueil-wp.jpg 1920w\" sizes=\"(max-width: 1024px) 100vw, 1024px\" \/><\/figure>\n\n\n\n<div style=\"height:40px\" aria-hidden=\"true\" class=\"wp-block-spacer\"><\/div>\n\n\n\n<h1 class=\"wp-block-heading has-text-align-center\">PATTERN DESIGN<\/h1>\n\n\n\n<hr class=\"wp-block-separator has-alpha-channel-opacity\"\/>\n\n\n\n<div style=\"height:16px\" aria-hidden=\"true\" class=\"wp-block-spacer\"><\/div>\n\n\n\n<p>Bienvenue dans mon univers o\u00f9 le graphite et l&rsquo;aquarelle se rencontrent pour donner vie \u00e0 des motifs floraux empreints de d\u00e9licatesse et d&rsquo;authenticit\u00e9. Inspir\u00e9e par la nature et ses infinies nuances, je cr\u00e9e des illustrations uniques alliant la finesse du trait au mouvement fluide des couleurs pastels. Chaque pattern raconte une histoire, capturant l&rsquo;\u00e9l\u00e9gance des formes organiques et la po\u00e9sie du \u00ab\u00a0fait main\u00a0\u00bb. Que cela soit pour l&rsquo;\u00e9dition, le textile ou la d\u00e9coration, mes cr\u00e9ations apportent une touche artistique et intemporelle \u00e0 vos projets .<\/p>\n\n\n\n<pre id=\"tw-target-text\" class=\"wp-block-preformatted\"><\/pre>\n\n\n\n<p id=\"tw-target-text\"><em>Welcome to my world where graphite and watercolor meet to give life to floral patterns full of delicacy and authenticity. Inspired by nature and its infinite nuances, I create unique illustrations combining the finesse of the line with the fluid movement of pastel colors. Each pattern tells a story, capturing the elegance of organic shapes and the poetry of \u00ab\u00a0handmade\u00a0\u00bb. Whether for publishing, textiles or decoration, my creations bring an artistic and timeless touch to your projects.<\/em><\/p>\n\n\n\n<div style=\"height:41px\" aria-hidden=\"true\" class=\"wp-block-spacer\"><\/div>\n\n\n\n<figure class=\"wp-block-gallery alignfull has-nested-images columns-default is-cropped wp-block-gallery-1 is-layout-flex wp-block-gallery-is-layout-flex\">\n<figure class=\"wp-block-image size-full\"><a href=\"https:\/\/artymori.com\/index.php\/191-2\/\"><img decoding=\"async\" width=\"2000\" height=\"2000\" data-id=\"138\" src=\"https:\/\/artymori.com\/wp-content\/uploads\/2024\/05\/motif-essais-laura2.jpg\" alt=\"\" class=\"wp-image-138\" srcset=\"https:\/\/artymori.com\/wp-content\/uploads\/2024\/05\/motif-essais-laura2.jpg 2000w, https:\/\/artymori.com\/wp-content\/uploads\/2024\/05\/motif-essais-laura2-300x300.jpg 300w, https:\/\/artymori.com\/wp-content\/uploads\/2024\/05\/motif-essais-laura2-1024x1024.jpg 1024w, https:\/\/artymori.com\/wp-content\/uploads\/2024\/05\/motif-essais-laura2-150x150.jpg 150w, https:\/\/artymori.com\/wp-content\/uploads\/2024\/05\/motif-essais-laura2-768x768.jpg 768w, https:\/\/artymori.com\/wp-content\/uploads\/2024\/05\/motif-essais-laura2-1536x1536.jpg 1536w\" sizes=\"(max-width: 2000px) 100vw, 2000px\" \/><\/a><\/figure>\n\n\n\n<figure class=\"wp-block-image size-full\"><img decoding=\"async\" width=\"2000\" height=\"2000\" data-id=\"1755\" src=\"https:\/\/artymori.com\/wp-content\/uploads\/2025\/03\/bouquet-color-pastel.jpg\" alt=\"\" class=\"wp-image-1755\" srcset=\"https:\/\/artymori.com\/wp-content\/uploads\/2025\/03\/bouquet-color-pastel.jpg 2000w, https:\/\/artymori.com\/wp-content\/uploads\/2025\/03\/bouquet-color-pastel-300x300.jpg 300w, https:\/\/artymori.com\/wp-content\/uploads\/2025\/03\/bouquet-color-pastel-1024x1024.jpg 1024w, https:\/\/artymori.com\/wp-content\/uploads\/2025\/03\/bouquet-color-pastel-150x150.jpg 150w, https:\/\/artymori.com\/wp-content\/uploads\/2025\/03\/bouquet-color-pastel-768x768.jpg 768w, https:\/\/artymori.com\/wp-content\/uploads\/2025\/03\/bouquet-color-pastel-1536x1536.jpg 1536w\" sizes=\"(max-width: 2000px) 100vw, 2000px\" \/><\/figure>\n\n\n\n<figure class=\"wp-block-image size-full\"><img loading=\"lazy\" decoding=\"async\" width=\"941\" height=\"942\" data-id=\"2018\" src=\"https:\/\/artymori.com\/wp-content\/uploads\/2025\/04\/Capture-decran-2025-04-08-a-09.16.32.png\" alt=\"\" class=\"wp-image-2018\" srcset=\"https:\/\/artymori.com\/wp-content\/uploads\/2025\/04\/Capture-decran-2025-04-08-a-09.16.32.png 941w, https:\/\/artymori.com\/wp-content\/uploads\/2025\/04\/Capture-decran-2025-04-08-a-09.16.32-300x300.png 300w, https:\/\/artymori.com\/wp-content\/uploads\/2025\/04\/Capture-decran-2025-04-08-a-09.16.32-150x150.png 150w, https:\/\/artymori.com\/wp-content\/uploads\/2025\/04\/Capture-decran-2025-04-08-a-09.16.32-768x769.png 768w\" sizes=\"(max-width: 941px) 100vw, 941px\" \/><\/figure>\n\n\n\n<figure class=\"wp-block-image size-full\"><img loading=\"lazy\" decoding=\"async\" width=\"946\" height=\"943\" data-id=\"2022\" src=\"https:\/\/artymori.com\/wp-content\/uploads\/2025\/04\/Capture-decran-2025-04-08-a-09.15.57.jpg\" alt=\"\" class=\"wp-image-2022\" srcset=\"https:\/\/artymori.com\/wp-content\/uploads\/2025\/04\/Capture-decran-2025-04-08-a-09.15.57.jpg 946w, https:\/\/artymori.com\/wp-content\/uploads\/2025\/04\/Capture-decran-2025-04-08-a-09.15.57-300x300.jpg 300w, https:\/\/artymori.com\/wp-content\/uploads\/2025\/04\/Capture-decran-2025-04-08-a-09.15.57-150x150.jpg 150w, https:\/\/artymori.com\/wp-content\/uploads\/2025\/04\/Capture-decran-2025-04-08-a-09.15.57-768x766.jpg 768w\" sizes=\"(max-width: 946px) 100vw, 946px\" \/><\/figure>\n\n\n\n<figure class=\"wp-block-image size-full\"><a href=\"https:\/\/artymori.com\/index.php\/pink-magnolia\/\"><img loading=\"lazy\" decoding=\"async\" width=\"2560\" height=\"2560\" data-id=\"370\" src=\"https:\/\/artymori.com\/wp-content\/uploads\/2024\/07\/motif-pivoine-multiplie-taupe-ivoire-scaled.jpg\" alt=\"\" class=\"wp-image-370\" srcset=\"https:\/\/artymori.com\/wp-content\/uploads\/2024\/07\/motif-pivoine-multiplie-taupe-ivoire-scaled.jpg 2560w, https:\/\/artymori.com\/wp-content\/uploads\/2024\/07\/motif-pivoine-multiplie-taupe-ivoire-300x300.jpg 300w, https:\/\/artymori.com\/wp-content\/uploads\/2024\/07\/motif-pivoine-multiplie-taupe-ivoire-1024x1024.jpg 1024w, https:\/\/artymori.com\/wp-content\/uploads\/2024\/07\/motif-pivoine-multiplie-taupe-ivoire-150x150.jpg 150w, https:\/\/artymori.com\/wp-content\/uploads\/2024\/07\/motif-pivoine-multiplie-taupe-ivoire-768x768.jpg 768w, https:\/\/artymori.com\/wp-content\/uploads\/2024\/07\/motif-pivoine-multiplie-taupe-ivoire-1536x1536.jpg 1536w, https:\/\/artymori.com\/wp-content\/uploads\/2024\/07\/motif-pivoine-multiplie-taupe-ivoire-2048x2048.jpg 2048w\" sizes=\"(max-width: 2560px) 100vw, 2560px\" \/><\/a><\/figure>\n\n\n\n<figure class=\"wp-block-image size-full\"><img loading=\"lazy\" decoding=\"async\" width=\"2000\" height=\"2000\" data-id=\"1759\" src=\"https:\/\/artymori.com\/wp-content\/uploads\/2025\/03\/bouquet-color-blu-1.jpg\" alt=\"\" class=\"wp-image-1759\" srcset=\"https:\/\/artymori.com\/wp-content\/uploads\/2025\/03\/bouquet-color-blu-1.jpg 2000w, https:\/\/artymori.com\/wp-content\/uploads\/2025\/03\/bouquet-color-blu-1-300x300.jpg 300w, https:\/\/artymori.com\/wp-content\/uploads\/2025\/03\/bouquet-color-blu-1-1024x1024.jpg 1024w, https:\/\/artymori.com\/wp-content\/uploads\/2025\/03\/bouquet-color-blu-1-150x150.jpg 150w, https:\/\/artymori.com\/wp-content\/uploads\/2025\/03\/bouquet-color-blu-1-768x768.jpg 768w, https:\/\/artymori.com\/wp-content\/uploads\/2025\/03\/bouquet-color-blu-1-1536x1536.jpg 1536w\" sizes=\"(max-width: 2000px) 100vw, 2000px\" \/><\/figure>\n\n\n\n<figure class=\"wp-block-image size-full\"><img loading=\"lazy\" decoding=\"async\" width=\"2000\" height=\"2000\" data-id=\"1758\" src=\"https:\/\/artymori.com\/wp-content\/uploads\/2025\/03\/motif-1compo-pastel-.jpg\" alt=\"\" class=\"wp-image-1758\" srcset=\"https:\/\/artymori.com\/wp-content\/uploads\/2025\/03\/motif-1compo-pastel-.jpg 2000w, https:\/\/artymori.com\/wp-content\/uploads\/2025\/03\/motif-1compo-pastel--300x300.jpg 300w, https:\/\/artymori.com\/wp-content\/uploads\/2025\/03\/motif-1compo-pastel--1024x1024.jpg 1024w, https:\/\/artymori.com\/wp-content\/uploads\/2025\/03\/motif-1compo-pastel--150x150.jpg 150w, https:\/\/artymori.com\/wp-content\/uploads\/2025\/03\/motif-1compo-pastel--768x768.jpg 768w, https:\/\/artymori.com\/wp-content\/uploads\/2025\/03\/motif-1compo-pastel--1536x1536.jpg 1536w\" sizes=\"(max-width: 2000px) 100vw, 2000px\" \/><\/figure>\n\n\n\n<figure class=\"wp-block-image size-full\"><img loading=\"lazy\" decoding=\"async\" width=\"592\" height=\"583\" data-id=\"1769\" src=\"https:\/\/artymori.com\/wp-content\/uploads\/2025\/03\/Capture-decran-2025-03-04-a-09.47.09.png\" alt=\"\" class=\"wp-image-1769\" srcset=\"https:\/\/artymori.com\/wp-content\/uploads\/2025\/03\/Capture-decran-2025-03-04-a-09.47.09.png 592w, https:\/\/artymori.com\/wp-content\/uploads\/2025\/03\/Capture-decran-2025-03-04-a-09.47.09-300x295.png 300w\" sizes=\"(max-width: 592px) 100vw, 592px\" \/><\/figure>\n\n\n\n<figure class=\"wp-block-image size-full\"><img loading=\"lazy\" decoding=\"async\" width=\"1920\" height=\"724\" data-id=\"1581\" src=\"https:\/\/artymori.com\/wp-content\/uploads\/2025\/02\/pattern-2-accueil-wp.jpg\" alt=\"\" class=\"wp-image-1581\" srcset=\"https:\/\/artymori.com\/wp-content\/uploads\/2025\/02\/pattern-2-accueil-wp.jpg 1920w, https:\/\/artymori.com\/wp-content\/uploads\/2025\/02\/pattern-2-accueil-wp-300x113.jpg 300w, https:\/\/artymori.com\/wp-content\/uploads\/2025\/02\/pattern-2-accueil-wp-1024x386.jpg 1024w, https:\/\/artymori.com\/wp-content\/uploads\/2025\/02\/pattern-2-accueil-wp-768x290.jpg 768w, https:\/\/artymori.com\/wp-content\/uploads\/2025\/02\/pattern-2-accueil-wp-1536x579.jpg 1536w\" sizes=\"(max-width: 1920px) 100vw, 1920px\" \/><\/figure>\n\n\n\n<figure class=\"wp-block-image size-full\"><img loading=\"lazy\" decoding=\"async\" width=\"2000\" height=\"2000\" data-id=\"1760\" src=\"https:\/\/artymori.com\/wp-content\/uploads\/2025\/03\/motif-1compo-bleu-.jpg\" alt=\"\" class=\"wp-image-1760\" srcset=\"https:\/\/artymori.com\/wp-content\/uploads\/2025\/03\/motif-1compo-bleu-.jpg 2000w, https:\/\/artymori.com\/wp-content\/uploads\/2025\/03\/motif-1compo-bleu--300x300.jpg 300w, https:\/\/artymori.com\/wp-content\/uploads\/2025\/03\/motif-1compo-bleu--1024x1024.jpg 1024w, https:\/\/artymori.com\/wp-content\/uploads\/2025\/03\/motif-1compo-bleu--150x150.jpg 150w, https:\/\/artymori.com\/wp-content\/uploads\/2025\/03\/motif-1compo-bleu--768x768.jpg 768w, https:\/\/artymori.com\/wp-content\/uploads\/2025\/03\/motif-1compo-bleu--1536x1536.jpg 1536w\" sizes=\"(max-width: 2000px) 100vw, 2000px\" \/><\/figure>\n\n\n\n<figure class=\"wp-block-image size-full\"><img loading=\"lazy\" decoding=\"async\" width=\"2560\" height=\"2560\" data-id=\"1757\" src=\"https:\/\/artymori.com\/wp-content\/uploads\/2025\/03\/pattern-arter-color-purpleblue-scaled.jpg\" alt=\"\" class=\"wp-image-1757\"\/><\/figure>\n\n\n\n<figure class=\"wp-block-image size-full\"><a href=\"https:\/\/artymori.com\/index.php\/blue-magnolia\/\"><img loading=\"lazy\" decoding=\"async\" width=\"2560\" height=\"2557\" data-id=\"368\" src=\"https:\/\/artymori.com\/wp-content\/uploads\/2024\/07\/motif-pivoine-bleu-multi-scaled.jpg\" alt=\"\" class=\"wp-image-368\" srcset=\"https:\/\/artymori.com\/wp-content\/uploads\/2024\/07\/motif-pivoine-bleu-multi-scaled.jpg 2560w, https:\/\/artymori.com\/wp-content\/uploads\/2024\/07\/motif-pivoine-bleu-multi-300x300.jpg 300w, https:\/\/artymori.com\/wp-content\/uploads\/2024\/07\/motif-pivoine-bleu-multi-1024x1024.jpg 1024w, https:\/\/artymori.com\/wp-content\/uploads\/2024\/07\/motif-pivoine-bleu-multi-150x150.jpg 150w, https:\/\/artymori.com\/wp-content\/uploads\/2024\/07\/motif-pivoine-bleu-multi-768x767.jpg 768w, https:\/\/artymori.com\/wp-content\/uploads\/2024\/07\/motif-pivoine-bleu-multi-1536x1534.jpg 1536w, https:\/\/artymori.com\/wp-content\/uploads\/2024\/07\/motif-pivoine-bleu-multi-2048x2045.jpg 2048w\" sizes=\"(max-width: 2560px) 100vw, 2560px\" \/><\/a><\/figure>\n<\/figure>\n\n\n\n<div class=\"wp-block-buttons alignwide is-layout-flex wp-block-buttons-is-layout-flex\">\n<div class=\"wp-block-button is-style-outline is-style-outline--2\"><a class=\"wp-block-button__link wp-element-button\">contact<\/a><\/div>\n<\/div>\n\n\n\n<div style=\"height:32px\" aria-hidden=\"true\" class=\"wp-block-spacer\"><\/div>\n\n\n\n<hr class=\"wp-block-separator alignfull has-alpha-channel-opacity is-style-wide\"\/>\n\n\n\n<div style=\"height:24px\" aria-hidden=\"true\" class=\"wp-block-spacer\"><\/div>\n\n\n\n<div class=\"wp-block-group alignwide is-nowrap is-layout-flex wp-container-core-group-is-layout-6c531013 wp-block-group-is-layout-flex\">\n<figure class=\"wp-block-gallery has-nested-images columns-default is-cropped wp-block-gallery-3 is-layout-flex wp-block-gallery-is-layout-flex\">\n<figure class=\"wp-block-image size-large\"><a href=\"https:\/\/artymori.com\/index.php\/graphisme\/\"><img loading=\"lazy\" decoding=\"async\" width=\"768\" height=\"1024\" data-id=\"2409\" src=\"http:\/\/artymori.com\/wp-content\/uploads\/2025\/05\/bouttonbrand-1-768x1024.jpg\" alt=\"\" class=\"wp-image-2409\" srcset=\"https:\/\/artymori.com\/wp-content\/uploads\/2025\/05\/bouttonbrand-1-768x1024.jpg 768w, https:\/\/artymori.com\/wp-content\/uploads\/2025\/05\/bouttonbrand-1-225x300.jpg 225w, https:\/\/artymori.com\/wp-content\/uploads\/2025\/05\/bouttonbrand-1-1152x1536.jpg 1152w, https:\/\/artymori.com\/wp-content\/uploads\/2025\/05\/bouttonbrand-1-1536x2048.jpg 1536w, https:\/\/artymori.com\/wp-content\/uploads\/2025\/05\/bouttonbrand-1.jpg 1667w\" sizes=\"(max-width: 768px) 100vw, 768px\" \/><\/a><\/figure>\n\n\n\n<figure class=\"wp-block-image size-large\"><a href=\"https:\/\/artymori.com\/index.php\/portfolio\/\"><img loading=\"lazy\" decoding=\"async\" width=\"768\" height=\"1024\" data-id=\"2410\" src=\"http:\/\/artymori.com\/wp-content\/uploads\/2025\/05\/bouttonillu-1-768x1024.jpg\" alt=\"\" class=\"wp-image-2410\" srcset=\"https:\/\/artymori.com\/wp-content\/uploads\/2025\/05\/bouttonillu-1-768x1024.jpg 768w, https:\/\/artymori.com\/wp-content\/uploads\/2025\/05\/bouttonillu-1-225x300.jpg 225w, https:\/\/artymori.com\/wp-content\/uploads\/2025\/05\/bouttonillu-1-1152x1536.jpg 1152w, https:\/\/artymori.com\/wp-content\/uploads\/2025\/05\/bouttonillu-1-1536x2048.jpg 1536w, https:\/\/artymori.com\/wp-content\/uploads\/2025\/05\/bouttonillu-1.jpg 1667w\" sizes=\"(max-width: 768px) 100vw, 768px\" \/><\/a><\/figure>\n\n\n\n<figure class=\"wp-block-image size-large\"><a href=\"https:\/\/artymori.com\/index.php\/176-2\/\"><img loading=\"lazy\" decoding=\"async\" width=\"768\" height=\"1024\" data-id=\"2411\" src=\"http:\/\/artymori.com\/wp-content\/uploads\/2025\/05\/bouttonpattern-1-768x1024.jpg\" alt=\"\" class=\"wp-image-2411\" srcset=\"https:\/\/artymori.com\/wp-content\/uploads\/2025\/05\/bouttonpattern-1-768x1024.jpg 768w, https:\/\/artymori.com\/wp-content\/uploads\/2025\/05\/bouttonpattern-1-225x300.jpg 225w, https:\/\/artymori.com\/wp-content\/uploads\/2025\/05\/bouttonpattern-1-1152x1536.jpg 1152w, https:\/\/artymori.com\/wp-content\/uploads\/2025\/05\/bouttonpattern-1-1536x2048.jpg 1536w, https:\/\/artymori.com\/wp-content\/uploads\/2025\/05\/bouttonpattern-1.jpg 1667w\" sizes=\"(max-width: 768px) 100vw, 768px\" \/><\/a><\/figure>\n<\/figure>\n<\/div>\n\n\n\n<div class=\"wp-block-buttons alignwide is-layout-flex wp-block-buttons-is-layout-flex\">\n<div class=\"wp-block-button is-style-outline is-style-outline--4\"><a class=\"wp-block-button__link wp-element-button\" href=\"https:\/\/artymori.com\/\">Accueil<\/a><\/div>\n<\/div>\n","protected":false},"excerpt":{"rendered":"<p>PATTERN DESIGN Bienvenue dans mon univers o\u00f9 le graphite et l&rsquo;aquarelle se rencontrent pour donner vie \u00e0 des motifs floraux empreints de d\u00e9licatesse et d&rsquo;authenticit\u00e9. Inspir\u00e9e par la nature et ses infinies nuances, je cr\u00e9e des illustrations uniques alliant la finesse du trait au mouvement fluide des couleurs pastels. Chaque pattern raconte une histoire, capturant [&hellip;]<\/p>\n","protected":false},"author":1,"featured_media":0,"parent":0,"menu_order":0,"comment_status":"closed","ping_status":"closed","template":"","meta":{"footnotes":""},"class_list":["post-176","page","type-page","status-publish","hentry"],"yoast_head":"<!-- This site is optimized with the Yoast SEO plugin v27.5 - https:\/\/yoast.com\/product\/yoast-seo-wordpress\/ -->\n<title>3-Pattern Design -<\/title>\n<meta name=\"robots\" content=\"index, follow, max-snippet:-1, max-image-preview:large, max-video-preview:-1\" \/>\n<link rel=\"canonical\" href=\"https:\/\/artymori.com\/index.php\/176-2\/\" \/>\n<meta property=\"og:locale\" content=\"fr_FR\" \/>\n<meta property=\"og:type\" content=\"article\" \/>\n<meta property=\"og:title\" content=\"3-Pattern Design -\" \/>\n<meta property=\"og:description\" content=\"PATTERN DESIGN Bienvenue dans mon univers o\u00f9 le graphite et l&rsquo;aquarelle se rencontrent pour donner vie \u00e0 des motifs floraux empreints de d\u00e9licatesse et d&rsquo;authenticit\u00e9. Inspir\u00e9e par la nature et ses infinies nuances, je cr\u00e9e des illustrations uniques alliant la finesse du trait au mouvement fluide des couleurs pastels. Chaque pattern raconte une histoire, capturant [&hellip;]\" \/>\n<meta property=\"og:url\" content=\"https:\/\/artymori.com\/index.php\/176-2\/\" \/>\n<meta property=\"article:modified_time\" content=\"2025-05-19T10:34:01+00:00\" \/>\n<meta property=\"og:image\" content=\"https:\/\/artymori.com\/wp-content\/uploads\/2025\/02\/pattern-2-accueil-wp.jpg\" \/>\n\t<meta property=\"og:image:width\" content=\"1920\" \/>\n\t<meta property=\"og:image:height\" content=\"724\" \/>\n\t<meta property=\"og:image:type\" content=\"image\/jpeg\" \/>\n<meta name=\"twitter:card\" content=\"summary_large_image\" \/>\n<meta name=\"twitter:label1\" content=\"Dur\u00e9e de lecture estim\u00e9e\" \/>\n\t<meta name=\"twitter:data1\" content=\"5 minutes\" \/>\n<script type=\"application\/ld+json\" class=\"yoast-schema-graph\">{\"@context\":\"https:\\\/\\\/schema.org\",\"@graph\":[{\"@type\":\"WebPage\",\"@id\":\"https:\\\/\\\/artymori.com\\\/index.php\\\/176-2\\\/\",\"url\":\"https:\\\/\\\/artymori.com\\\/index.php\\\/176-2\\\/\",\"name\":\"3-Pattern Design -\",\"isPartOf\":{\"@id\":\"https:\\\/\\\/artymori.com\\\/#website\"},\"primaryImageOfPage\":{\"@id\":\"https:\\\/\\\/artymori.com\\\/index.php\\\/176-2\\\/#primaryimage\"},\"image\":{\"@id\":\"https:\\\/\\\/artymori.com\\\/index.php\\\/176-2\\\/#primaryimage\"},\"thumbnailUrl\":\"https:\\\/\\\/artymori.com\\\/wp-content\\\/uploads\\\/2025\\\/02\\\/pattern-2-accueil-wp-1024x386.jpg\",\"datePublished\":\"2024-05-29T12:03:39+00:00\",\"dateModified\":\"2025-05-19T10:34:01+00:00\",\"breadcrumb\":{\"@id\":\"https:\\\/\\\/artymori.com\\\/index.php\\\/176-2\\\/#breadcrumb\"},\"inLanguage\":\"fr-FR\",\"potentialAction\":[{\"@type\":\"ReadAction\",\"target\":[\"https:\\\/\\\/artymori.com\\\/index.php\\\/176-2\\\/\"]}]},{\"@type\":\"ImageObject\",\"inLanguage\":\"fr-FR\",\"@id\":\"https:\\\/\\\/artymori.com\\\/index.php\\\/176-2\\\/#primaryimage\",\"url\":\"https:\\\/\\\/artymori.com\\\/wp-content\\\/uploads\\\/2025\\\/02\\\/pattern-2-accueil-wp.jpg\",\"contentUrl\":\"https:\\\/\\\/artymori.com\\\/wp-content\\\/uploads\\\/2025\\\/02\\\/pattern-2-accueil-wp.jpg\",\"width\":1920,\"height\":724},{\"@type\":\"BreadcrumbList\",\"@id\":\"https:\\\/\\\/artymori.com\\\/index.php\\\/176-2\\\/#breadcrumb\",\"itemListElement\":[{\"@type\":\"ListItem\",\"position\":1,\"name\":\"Accueil\",\"item\":\"https:\\\/\\\/artymori.com\\\/\"},{\"@type\":\"ListItem\",\"position\":2,\"name\":\"3-Pattern Design\"}]},{\"@type\":\"WebSite\",\"@id\":\"https:\\\/\\\/artymori.com\\\/#website\",\"url\":\"https:\\\/\\\/artymori.com\\\/\",\"name\":\"artymori\",\"description\":\"\",\"publisher\":{\"@id\":\"https:\\\/\\\/artymori.com\\\/#\\\/schema\\\/person\\\/4edc9864c875509e3e5cc3c0d5c4296c\"},\"potentialAction\":[{\"@type\":\"SearchAction\",\"target\":{\"@type\":\"EntryPoint\",\"urlTemplate\":\"https:\\\/\\\/artymori.com\\\/?s={search_term_string}\"},\"query-input\":{\"@type\":\"PropertyValueSpecification\",\"valueRequired\":true,\"valueName\":\"search_term_string\"}}],\"inLanguage\":\"fr-FR\"},{\"@type\":[\"Person\",\"Organization\"],\"@id\":\"https:\\\/\\\/artymori.com\\\/#\\\/schema\\\/person\\\/4edc9864c875509e3e5cc3c0d5c4296c\",\"name\":\"admin8128\",\"image\":{\"@type\":\"ImageObject\",\"inLanguage\":\"fr-FR\",\"@id\":\"http:\\\/\\\/artymori.com\\\/wp-content\\\/uploads\\\/2024\\\/05\\\/cropped-image_2024-05-30_231351508.png\",\"url\":\"http:\\\/\\\/artymori.com\\\/wp-content\\\/uploads\\\/2024\\\/05\\\/cropped-image_2024-05-30_231351508.png\",\"contentUrl\":\"http:\\\/\\\/artymori.com\\\/wp-content\\\/uploads\\\/2024\\\/05\\\/cropped-image_2024-05-30_231351508.png\",\"width\":512,\"height\":512,\"caption\":\"admin8128\"},\"logo\":{\"@id\":\"http:\\\/\\\/artymori.com\\\/wp-content\\\/uploads\\\/2024\\\/05\\\/cropped-image_2024-05-30_231351508.png\"},\"sameAs\":[\"http:\\\/\\\/artymori.com\"]}]}<\/script>\n<!-- \/ Yoast SEO plugin. -->","yoast_head_json":{"title":"3-Pattern Design -","robots":{"index":"index","follow":"follow","max-snippet":"max-snippet:-1","max-image-preview":"max-image-preview:large","max-video-preview":"max-video-preview:-1"},"canonical":"https:\/\/artymori.com\/index.php\/176-2\/","og_locale":"fr_FR","og_type":"article","og_title":"3-Pattern Design -","og_description":"PATTERN DESIGN Bienvenue dans mon univers o\u00f9 le graphite et l&rsquo;aquarelle se rencontrent pour donner vie \u00e0 des motifs floraux empreints de d\u00e9licatesse et d&rsquo;authenticit\u00e9. Inspir\u00e9e par la nature et ses infinies nuances, je cr\u00e9e des illustrations uniques alliant la finesse du trait au mouvement fluide des couleurs pastels. Chaque pattern raconte une histoire, capturant [&hellip;]","og_url":"https:\/\/artymori.com\/index.php\/176-2\/","article_modified_time":"2025-05-19T10:34:01+00:00","og_image":[{"width":1920,"height":724,"url":"https:\/\/artymori.com\/wp-content\/uploads\/2025\/02\/pattern-2-accueil-wp.jpg","type":"image\/jpeg"}],"twitter_card":"summary_large_image","twitter_misc":{"Dur\u00e9e de lecture estim\u00e9e":"5 minutes"},"schema":{"@context":"https:\/\/schema.org","@graph":[{"@type":"WebPage","@id":"https:\/\/artymori.com\/index.php\/176-2\/","url":"https:\/\/artymori.com\/index.php\/176-2\/","name":"3-Pattern Design -","isPartOf":{"@id":"https:\/\/artymori.com\/#website"},"primaryImageOfPage":{"@id":"https:\/\/artymori.com\/index.php\/176-2\/#primaryimage"},"image":{"@id":"https:\/\/artymori.com\/index.php\/176-2\/#primaryimage"},"thumbnailUrl":"https:\/\/artymori.com\/wp-content\/uploads\/2025\/02\/pattern-2-accueil-wp-1024x386.jpg","datePublished":"2024-05-29T12:03:39+00:00","dateModified":"2025-05-19T10:34:01+00:00","breadcrumb":{"@id":"https:\/\/artymori.com\/index.php\/176-2\/#breadcrumb"},"inLanguage":"fr-FR","potentialAction":[{"@type":"ReadAction","target":["https:\/\/artymori.com\/index.php\/176-2\/"]}]},{"@type":"ImageObject","inLanguage":"fr-FR","@id":"https:\/\/artymori.com\/index.php\/176-2\/#primaryimage","url":"https:\/\/artymori.com\/wp-content\/uploads\/2025\/02\/pattern-2-accueil-wp.jpg","contentUrl":"https:\/\/artymori.com\/wp-content\/uploads\/2025\/02\/pattern-2-accueil-wp.jpg","width":1920,"height":724},{"@type":"BreadcrumbList","@id":"https:\/\/artymori.com\/index.php\/176-2\/#breadcrumb","itemListElement":[{"@type":"ListItem","position":1,"name":"Accueil","item":"https:\/\/artymori.com\/"},{"@type":"ListItem","position":2,"name":"3-Pattern Design"}]},{"@type":"WebSite","@id":"https:\/\/artymori.com\/#website","url":"https:\/\/artymori.com\/","name":"artymori","description":"","publisher":{"@id":"https:\/\/artymori.com\/#\/schema\/person\/4edc9864c875509e3e5cc3c0d5c4296c"},"potentialAction":[{"@type":"SearchAction","target":{"@type":"EntryPoint","urlTemplate":"https:\/\/artymori.com\/?s={search_term_string}"},"query-input":{"@type":"PropertyValueSpecification","valueRequired":true,"valueName":"search_term_string"}}],"inLanguage":"fr-FR"},{"@type":["Person","Organization"],"@id":"https:\/\/artymori.com\/#\/schema\/person\/4edc9864c875509e3e5cc3c0d5c4296c","name":"admin8128","image":{"@type":"ImageObject","inLanguage":"fr-FR","@id":"http:\/\/artymori.com\/wp-content\/uploads\/2024\/05\/cropped-image_2024-05-30_231351508.png","url":"http:\/\/artymori.com\/wp-content\/uploads\/2024\/05\/cropped-image_2024-05-30_231351508.png","contentUrl":"http:\/\/artymori.com\/wp-content\/uploads\/2024\/05\/cropped-image_2024-05-30_231351508.png","width":512,"height":512,"caption":"admin8128"},"logo":{"@id":"http:\/\/artymori.com\/wp-content\/uploads\/2024\/05\/cropped-image_2024-05-30_231351508.png"},"sameAs":["http:\/\/artymori.com"]}]}},"_links":{"self":[{"href":"https:\/\/artymori.com\/index.php\/wp-json\/wp\/v2\/pages\/176","targetHints":{"allow":["GET"]}}],"collection":[{"href":"https:\/\/artymori.com\/index.php\/wp-json\/wp\/v2\/pages"}],"about":[{"href":"https:\/\/artymori.com\/index.php\/wp-json\/wp\/v2\/types\/page"}],"author":[{"embeddable":true,"href":"https:\/\/artymori.com\/index.php\/wp-json\/wp\/v2\/users\/1"}],"replies":[{"embeddable":true,"href":"https:\/\/artymori.com\/index.php\/wp-json\/wp\/v2\/comments?post=176"}],"version-history":[{"count":51,"href":"https:\/\/artymori.com\/index.php\/wp-json\/wp\/v2\/pages\/176\/revisions"}],"predecessor-version":[{"id":2426,"href":"https:\/\/artymori.com\/index.php\/wp-json\/wp\/v2\/pages\/176\/revisions\/2426"}],"wp:attachment":[{"href":"https:\/\/artymori.com\/index.php\/wp-json\/wp\/v2\/media?parent=176"}],"curies":[{"name":"wp","href":"https:\/\/api.w.org\/{rel}","templated":true}]}}