{"id":1640,"date":"2025-02-27T15:23:51","date_gmt":"2025-02-27T14:23:51","guid":{"rendered":"https:\/\/artymori.com\/?page_id=1640"},"modified":"2025-05-14T17:09:34","modified_gmt":"2025-05-14T15:09:34","slug":"brand-design-offre","status":"publish","type":"page","link":"https:\/\/artymori.com\/index.php\/brand-design-offre\/","title":{"rendered":"brand design &#8211; offre"},"content":{"rendered":"\n<figure class=\"wp-block-image alignfull size-large\"><img fetchpriority=\"high\" decoding=\"async\" width=\"1024\" height=\"683\" src=\"https:\/\/artymori.com\/wp-content\/uploads\/2025\/05\/666-1024x683.jpg\" alt=\"\" class=\"wp-image-2396\" srcset=\"https:\/\/artymori.com\/wp-content\/uploads\/2025\/05\/666-1024x683.jpg 1024w, https:\/\/artymori.com\/wp-content\/uploads\/2025\/05\/666-300x200.jpg 300w, https:\/\/artymori.com\/wp-content\/uploads\/2025\/05\/666-768x512.jpg 768w, https:\/\/artymori.com\/wp-content\/uploads\/2025\/05\/666-1536x1024.jpg 1536w, https:\/\/artymori.com\/wp-content\/uploads\/2025\/05\/666-2048x1365.jpg 2048w\" sizes=\"(max-width: 1024px) 100vw, 1024px\" \/><\/figure>\n\n\n\n<div style=\"height:72px\" aria-hidden=\"true\" class=\"wp-block-spacer\"><\/div>\n\n\n\n<h2 class=\"wp-block-heading has-text-align-center\">Les offres branding<\/h2>\n\n\n\n<hr class=\"wp-block-separator has-alpha-channel-opacity\"\/>\n\n\n\n<div style=\"height:29px\" aria-hidden=\"true\" class=\"wp-block-spacer\"><\/div>\n\n\n\n<p>La cr\u00e9ation d\u2019une identit\u00e9 visuelle compl\u00e8te qui refl\u00e8te votre entreprise, votre personnalit\u00e9 et surtout votre univers : c\u2019est ce qui permet de vous d\u00e9marquer et d\u2019attirer vos client.e.s id\u00e9ales-aux.<\/p>\n\n\n\n<p class=\"has-text-align-left\"><\/p>\n\n\n\n<div style=\"height:34px\" aria-hidden=\"true\" class=\"wp-block-spacer\"><\/div>\n\n\n\n<hr class=\"wp-block-separator alignfull has-alpha-channel-opacity is-style-wide\"\/>\n\n\n\n<div style=\"height:48px\" aria-hidden=\"true\" class=\"wp-block-spacer\"><\/div>\n\n\n\n<h3 class=\"wp-block-heading has-text-align-center\">La Paperlove<\/h3>\n\n\n\n<hr class=\"wp-block-separator has-alpha-channel-opacity\"\/>\n\n\n\n<div class=\"wp-block-media-text alignwide has-media-on-the-right is-stacked-on-mobile\" style=\"grid-template-columns:auto 32%\"><div class=\"wp-block-media-text__content\">\n<p class=\"has-text-align-left\"><strong>Ce que contient cette offre<\/strong>:<\/p>\n\n\n\n<p class=\"has-text-align-left\">+ Questionnaire strat\u00e9gique de marque<br>+ Brief g\u00e9n\u00e9ral et divers \u00e9changes<br>+ Proposition de deux palettes de couleurs (moodboard)<br>+ Proposition de 2 identit\u00e9s visuelles compl\u00e8tes<br>+ Cr\u00e9ation d\u2019une palette de couleur <br>+ Cr\u00e9ation d\u2019un set de police d\u2019\u00e9criture*<br>+ Logo et d\u00e9clinaisons du logo<br>+ Cr\u00e9ation de motifs ou textures<br>+ Cr\u00e9ation d\u2019une carte de visite recto\/verso *<br>+ R\u00e9alisation d\u2019une mini charte graphique (brandboard)<\/p>\n\n\n\n<p><em>* Hors co\u00fbts d\u2019impression et achat des licences des typographie<\/em><\/p>\n\n\n\n<div style=\"height:21px\" aria-hidden=\"true\" class=\"wp-block-spacer\"><\/div>\n\n\n\n<p><strong>Les Livrables:<\/strong><\/p>\n\n\n\n<p>+ Un guide strat\u00e9gique personnalis\u00e9 de positionnement<\/p>\n\n\n\n<p>+ Un guide graphique<\/p>\n\n\n\n<p>+ Un dossier complet et structur\u00e9 comprenant tous les \u00e9l\u00e9ments de l\u2019identit\u00e9 visuelle<br>+ Une mini charte graphique (brandboard)<br>+ Une carte de visite au format JPEG et PDF<br><\/p>\n<\/div><figure class=\"wp-block-media-text__media\"><img decoding=\"async\" width=\"562\" height=\"1024\" src=\"https:\/\/artymori.com\/wp-content\/uploads\/2025\/05\/offre-basique-562x1024.jpg\" alt=\"\" class=\"wp-image-2359 size-full\" srcset=\"https:\/\/artymori.com\/wp-content\/uploads\/2025\/05\/offre-basique-562x1024.jpg 562w, https:\/\/artymori.com\/wp-content\/uploads\/2025\/05\/offre-basique-165x300.jpg 165w, https:\/\/artymori.com\/wp-content\/uploads\/2025\/05\/offre-basique-768x1400.jpg 768w, https:\/\/artymori.com\/wp-content\/uploads\/2025\/05\/offre-basique-843x1536.jpg 843w, https:\/\/artymori.com\/wp-content\/uploads\/2025\/05\/offre-basique-1124x2048.jpg 1124w, https:\/\/artymori.com\/wp-content\/uploads\/2025\/05\/offre-basique-scaled.jpg 1405w\" sizes=\"(max-width: 562px) 100vw, 562px\" \/><\/figure><\/div>\n\n\n\n<hr class=\"wp-block-separator has-alpha-channel-opacity\"\/>\n\n\n\n<div style=\"height:21px\" aria-hidden=\"true\" class=\"wp-block-spacer\"><\/div>\n\n\n\n<p class=\"has-text-align-center\"><strong><em>\u00c0 ce pack il est possible d\u2019ajouter la&nbsp;<\/em>cr\u00e9ation d\u2019illustrations<em>&nbsp;(pictogrammes), de&nbsp;<\/em>flyers&nbsp;<em>ou d\u2019<\/em>univers instagram<em>&nbsp;(mod\u00e8le de posts et stories)<\/em><\/strong><\/p>\n\n\n\n<div style=\"height:45px\" aria-hidden=\"true\" class=\"wp-block-spacer\"><\/div>\n\n\n\n<hr class=\"wp-block-separator alignfull has-alpha-channel-opacity is-style-wide\"\/>\n\n\n\n<h3 class=\"wp-block-heading has-text-align-center\">La Connect\u00e9e<\/h3>\n\n\n\n<hr class=\"wp-block-separator has-alpha-channel-opacity\"\/>\n\n\n\n<div class=\"wp-block-media-text alignwide has-media-on-the-right is-stacked-on-mobile\" style=\"grid-template-columns:auto 33%\"><div class=\"wp-block-media-text__content\">\n<p><strong>Ce que contient cette offre<\/strong>:<\/p>\n\n\n\n<p id=\"block-007a8088-bcec-4895-93c9-b8546a717b59\">+ Questionnaire strat\u00e9gique de marque<br>+ Brief g\u00e9n\u00e9ral et divers \u00e9changes<br>+ Proposition de deux palettes de couleurs (moodboard)<br>+ Proposition de 2 identit\u00e9s visuelles compl\u00e8tes<br>+ Cr\u00e9ation d\u2019une palette de couleur <br>+ Cr\u00e9ation d\u2019un set de police d\u2019\u00e9criture*<br>+ Logo et d\u00e9clinaisons du logo<br>+ Cr\u00e9ation de motifs ou textures<br>+ Cr\u00e9ation d\u2019une carte de visite recto\/verso *<br>+ R\u00e9alisation d\u2019une mini charte graphique (brandboard)<\/p>\n\n\n\n<p>+ Cr\u00e9ation de 4 illustrations (ou pictogrammes)<br>+ Cr\u00e9ation d\u2019un univers Instagram : mod\u00e8les de posts et stories <\/p>\n\n\n\n<p><em>* Hors co\u00fbts d\u2019impression et achat des licences des typographies<\/em><\/p>\n\n\n\n<div style=\"height:17px\" aria-hidden=\"true\" class=\"wp-block-spacer\"><\/div>\n\n\n\n<p><strong>Les Livrables: <\/strong><\/p>\n\n\n\n<p>+ Un guide strat\u00e9gique personnalis\u00e9 de positionnement<\/p>\n\n\n\n<p>+ Un guide graphique<\/p>\n\n\n\n<p>+ Un dossier reprenant tous les \u00e9l\u00e9ments de l\u2019identit\u00e9 visuelle<br>+ Une mini charte graphique (brandboard)<br>+ La carte de visite au format JPEG ou PDF<br>+ Un PDF de strat\u00e9gie de communication Instagram<br>+ 3 templates de posts et 2 templates de stories<br><\/p>\n<\/div><figure class=\"wp-block-media-text__media\"><img decoding=\"async\" width=\"562\" height=\"1024\" src=\"https:\/\/artymori.com\/wp-content\/uploads\/2025\/05\/offre-connectee-562x1024.jpg\" alt=\"\" class=\"wp-image-2363 size-full\" srcset=\"https:\/\/artymori.com\/wp-content\/uploads\/2025\/05\/offre-connectee-562x1024.jpg 562w, https:\/\/artymori.com\/wp-content\/uploads\/2025\/05\/offre-connectee-165x300.jpg 165w, https:\/\/artymori.com\/wp-content\/uploads\/2025\/05\/offre-connectee-768x1400.jpg 768w, https:\/\/artymori.com\/wp-content\/uploads\/2025\/05\/offre-connectee-843x1536.jpg 843w, https:\/\/artymori.com\/wp-content\/uploads\/2025\/05\/offre-connectee-1124x2048.jpg 1124w, https:\/\/artymori.com\/wp-content\/uploads\/2025\/05\/offre-connectee-scaled.jpg 1405w\" sizes=\"(max-width: 562px) 100vw, 562px\" \/><\/figure><\/div>\n\n\n\n<hr class=\"wp-block-separator has-alpha-channel-opacity\"\/>\n\n\n\n<div style=\"height:20px\" aria-hidden=\"true\" class=\"wp-block-spacer\"><\/div>\n\n\n\n<p class=\"has-text-align-center\"><strong><em>\u00c0 ce pack il est possible d\u2019ajouter la&nbsp;<\/em>cr\u00e9ation d\u2019illustrations<em>&nbsp;(pictogrammes), de&nbsp;<\/em>flyers&nbsp;<em>ou d\u2019<\/em>univers instagram<em>&nbsp;(mod\u00e8le de posts et stories)<\/em><\/strong><\/p>\n\n\n\n<div style=\"height:72px\" aria-hidden=\"true\" class=\"wp-block-spacer\"><\/div>\n\n\n\n<div class=\"wp-block-cover alignfull is-light\" style=\"margin-top:0;padding-top:6vw;padding-right:6vw;padding-bottom:6vw;padding-left:6vw;min-height:331px;aspect-ratio:unset;\"><span aria-hidden=\"true\" class=\"wp-block-cover__background has-background-dim-100 has-background-dim\" style=\"background-color:#e6e4d3\"><\/span><div class=\"wp-block-cover__inner-container is-layout-flow wp-block-cover-is-layout-flow\">\n<h1 class=\"wp-block-heading has-text-align-center\"><mark style=\"background-color:rgba(0, 0, 0, 0);color:#494646\" class=\"has-inline-color\">Avez-vous envie de discuter autour de votre projet?<em> <\/em><\/mark><\/h1>\n\n\n\n<div class=\"wp-block-buttons is-content-justification-center is-layout-flex wp-container-core-buttons-is-layout-a89b3969 wp-block-buttons-is-layout-flex\">\n<div class=\"wp-block-button is-style-outline is-style-outline--1\"><a class=\"wp-block-button__link wp-element-button\" href=\"https:\/\/artymori.com\/index.php\/contact\/\">c&rsquo;est par ici !<\/a><\/div>\n<\/div>\n<\/div><\/div>\n\n\n\n<div style=\"height:48px\" aria-hidden=\"true\" class=\"wp-block-spacer\"><\/div>\n\n\n\n<h3 class=\"wp-block-heading has-text-align-center\">Quelques Exemples d&rsquo;Identit\u00e9s Visuelles<\/h3>\n\n\n\n<hr class=\"wp-block-separator has-alpha-channel-opacity\"\/>\n\n\n\n<div style=\"height:24px\" aria-hidden=\"true\" class=\"wp-block-spacer\"><\/div>\n\n\n\n<figure class=\"wp-block-gallery alignwide has-nested-images columns-default is-cropped wp-block-gallery-2 is-layout-flex wp-block-gallery-is-layout-flex\">\n<figure class=\"wp-block-image size-large\"><a href=\"https:\/\/artymori.com\/index.php\/edda-luce\/\"><img loading=\"lazy\" decoding=\"async\" width=\"1024\" height=\"683\" data-id=\"2076\" src=\"http:\/\/artymori.com\/wp-content\/uploads\/2025\/05\/design-01jsw2k4bh-1745828138-1024x683.jpg\" alt=\"\" class=\"wp-image-2076\" srcset=\"https:\/\/artymori.com\/wp-content\/uploads\/2025\/05\/design-01jsw2k4bh-1745828138-1024x683.jpg 1024w, https:\/\/artymori.com\/wp-content\/uploads\/2025\/05\/design-01jsw2k4bh-1745828138-300x200.jpg 300w, https:\/\/artymori.com\/wp-content\/uploads\/2025\/05\/design-01jsw2k4bh-1745828138-768x512.jpg 768w, https:\/\/artymori.com\/wp-content\/uploads\/2025\/05\/design-01jsw2k4bh-1745828138-1536x1024.jpg 1536w, https:\/\/artymori.com\/wp-content\/uploads\/2025\/05\/design-01jsw2k4bh-1745828138-2048x1365.jpg 2048w\" sizes=\"(max-width: 1024px) 100vw, 1024px\" \/><\/a><\/figure>\n\n\n\n<figure class=\"wp-block-image aligncenter size-large\"><a href=\"https:\/\/artymori.com\/index.php\/potbouille\/\"><img loading=\"lazy\" decoding=\"async\" width=\"1024\" height=\"768\" data-id=\"2231\" src=\"http:\/\/artymori.com\/wp-content\/uploads\/2025\/05\/IMG_7161-1024x768.jpg\" alt=\"\" class=\"wp-image-2231\" srcset=\"https:\/\/artymori.com\/wp-content\/uploads\/2025\/05\/IMG_7161-1024x768.jpg 1024w, https:\/\/artymori.com\/wp-content\/uploads\/2025\/05\/IMG_7161-300x225.jpg 300w, https:\/\/artymori.com\/wp-content\/uploads\/2025\/05\/IMG_7161-768x576.jpg 768w, https:\/\/artymori.com\/wp-content\/uploads\/2025\/05\/IMG_7161-1536x1152.jpg 1536w, https:\/\/artymori.com\/wp-content\/uploads\/2025\/05\/IMG_7161-2048x1536.jpg 2048w\" sizes=\"(max-width: 1024px) 100vw, 1024px\" \/><\/a><\/figure>\n\n\n\n<figure class=\"wp-block-image size-large\"><a href=\"https:\/\/artymori.com\/index.php\/la-tanniere-de-freyja\/\"><img loading=\"lazy\" decoding=\"async\" width=\"1024\" height=\"724\" data-id=\"2286\" src=\"http:\/\/artymori.com\/wp-content\/uploads\/2025\/05\/latanierede-freyja-presentation-wp2-1-1024x724.jpg\" alt=\"\" class=\"wp-image-2286\" srcset=\"https:\/\/artymori.com\/wp-content\/uploads\/2025\/05\/latanierede-freyja-presentation-wp2-1-1024x724.jpg 1024w, https:\/\/artymori.com\/wp-content\/uploads\/2025\/05\/latanierede-freyja-presentation-wp2-1-300x212.jpg 300w, https:\/\/artymori.com\/wp-content\/uploads\/2025\/05\/latanierede-freyja-presentation-wp2-1-768x543.jpg 768w, https:\/\/artymori.com\/wp-content\/uploads\/2025\/05\/latanierede-freyja-presentation-wp2-1-1536x1086.jpg 1536w, https:\/\/artymori.com\/wp-content\/uploads\/2025\/05\/latanierede-freyja-presentation-wp2-1-2048x1448.jpg 2048w\" sizes=\"(max-width: 1024px) 100vw, 1024px\" \/><\/a><\/figure>\n<\/figure>\n\n\n\n<div style=\"height:43px\" aria-hidden=\"true\" class=\"wp-block-spacer\"><\/div>\n\n\n\n<hr class=\"wp-block-separator alignfull has-alpha-channel-opacity is-style-wide\"\/>\n\n\n\n<div style=\"height:34px\" aria-hidden=\"true\" class=\"wp-block-spacer\"><\/div>\n\n\n\n<div class=\"wp-block-columns is-layout-flex wp-container-core-columns-is-layout-28f84493 wp-block-columns-is-layout-flex\">\n<div class=\"wp-block-column is-layout-flow wp-block-column-is-layout-flow\" style=\"flex-basis:100%\"><\/div>\n<\/div>\n\n\n\n<div class=\"wp-block-cover alignfull is-light\" style=\"margin-top:0;padding-top:6vw;padding-right:6vw;padding-bottom:6vw;padding-left:6vw;min-height:320px;aspect-ratio:unset;\"><span aria-hidden=\"true\" class=\"wp-block-cover__background has-background-dim-100 has-background-dim\" style=\"background-color:#e6e4d3\"><\/span><div class=\"wp-block-cover__inner-container is-layout-flow wp-block-cover-is-layout-flow\">\n<h3 class=\"wp-block-heading has-text-align-center\">Avis<\/h3>\n\n\n\n<hr class=\"wp-block-separator has-alpha-channel-opacity\"\/>\n\n\n\n<div style=\"height:12px\" aria-hidden=\"true\" class=\"wp-block-spacer\"><\/div>\n<\/div><\/div>\n\n\n\n<p><\/p>\n","protected":false},"excerpt":{"rendered":"<p>Les offres branding La cr\u00e9ation d\u2019une identit\u00e9 visuelle compl\u00e8te qui refl\u00e8te votre entreprise, votre personnalit\u00e9 et surtout votre univers : c\u2019est ce qui permet de vous d\u00e9marquer et d\u2019attirer vos client.e.s id\u00e9ales-aux. La Paperlove \u00c0 ce pack il est possible d\u2019ajouter la&nbsp;cr\u00e9ation d\u2019illustrations&nbsp;(pictogrammes), de&nbsp;flyers&nbsp;ou d\u2019univers instagram&nbsp;(mod\u00e8le de posts et stories) La Connect\u00e9e \u00c0 ce pack [&hellip;]<\/p>\n","protected":false},"author":1,"featured_media":0,"parent":0,"menu_order":0,"comment_status":"closed","ping_status":"closed","template":"","meta":{"footnotes":""},"class_list":["post-1640","page","type-page","status-publish","hentry"],"yoast_head":"<!-- This site is optimized with the Yoast SEO plugin v27.4 - https:\/\/yoast.com\/product\/yoast-seo-wordpress\/ -->\n<title>brand design - offre -<\/title>\n<meta name=\"robots\" content=\"index, follow, max-snippet:-1, max-image-preview:large, max-video-preview:-1\" \/>\n<link rel=\"canonical\" href=\"https:\/\/artymori.com\/index.php\/brand-design-offre\/\" \/>\n<meta property=\"og:locale\" content=\"fr_FR\" \/>\n<meta property=\"og:type\" content=\"article\" \/>\n<meta property=\"og:title\" content=\"brand design - offre -\" \/>\n<meta property=\"og:description\" content=\"Les offres branding La cr\u00e9ation d\u2019une identit\u00e9 visuelle compl\u00e8te qui refl\u00e8te votre entreprise, votre personnalit\u00e9 et surtout votre univers : c\u2019est ce qui permet de vous d\u00e9marquer et d\u2019attirer vos client.e.s id\u00e9ales-aux. La Paperlove \u00c0 ce pack il est possible d\u2019ajouter la&nbsp;cr\u00e9ation d\u2019illustrations&nbsp;(pictogrammes), de&nbsp;flyers&nbsp;ou d\u2019univers instagram&nbsp;(mod\u00e8le de posts et stories) La Connect\u00e9e \u00c0 ce pack [&hellip;]\" \/>\n<meta property=\"og:url\" content=\"https:\/\/artymori.com\/index.php\/brand-design-offre\/\" \/>\n<meta property=\"article:modified_time\" content=\"2025-05-14T15:09:34+00:00\" \/>\n<meta property=\"og:image\" content=\"https:\/\/artymori.com\/wp-content\/uploads\/2025\/05\/666-scaled.jpg\" \/>\n\t<meta property=\"og:image:width\" content=\"2560\" \/>\n\t<meta property=\"og:image:height\" content=\"1707\" \/>\n\t<meta property=\"og:image:type\" content=\"image\/jpeg\" \/>\n<meta name=\"twitter:card\" content=\"summary_large_image\" \/>\n<meta name=\"twitter:label1\" content=\"Dur\u00e9e de lecture estim\u00e9e\" \/>\n\t<meta name=\"twitter:data1\" content=\"3 minutes\" \/>\n<script type=\"application\/ld+json\" class=\"yoast-schema-graph\">{\"@context\":\"https:\\\/\\\/schema.org\",\"@graph\":[{\"@type\":\"WebPage\",\"@id\":\"https:\\\/\\\/artymori.com\\\/index.php\\\/brand-design-offre\\\/\",\"url\":\"https:\\\/\\\/artymori.com\\\/index.php\\\/brand-design-offre\\\/\",\"name\":\"brand design - offre -\",\"isPartOf\":{\"@id\":\"https:\\\/\\\/artymori.com\\\/#website\"},\"primaryImageOfPage\":{\"@id\":\"https:\\\/\\\/artymori.com\\\/index.php\\\/brand-design-offre\\\/#primaryimage\"},\"image\":{\"@id\":\"https:\\\/\\\/artymori.com\\\/index.php\\\/brand-design-offre\\\/#primaryimage\"},\"thumbnailUrl\":\"https:\\\/\\\/artymori.com\\\/wp-content\\\/uploads\\\/2025\\\/05\\\/666-1024x683.jpg\",\"datePublished\":\"2025-02-27T14:23:51+00:00\",\"dateModified\":\"2025-05-14T15:09:34+00:00\",\"breadcrumb\":{\"@id\":\"https:\\\/\\\/artymori.com\\\/index.php\\\/brand-design-offre\\\/#breadcrumb\"},\"inLanguage\":\"fr-FR\",\"potentialAction\":[{\"@type\":\"ReadAction\",\"target\":[\"https:\\\/\\\/artymori.com\\\/index.php\\\/brand-design-offre\\\/\"]}]},{\"@type\":\"ImageObject\",\"inLanguage\":\"fr-FR\",\"@id\":\"https:\\\/\\\/artymori.com\\\/index.php\\\/brand-design-offre\\\/#primaryimage\",\"url\":\"https:\\\/\\\/artymori.com\\\/wp-content\\\/uploads\\\/2025\\\/05\\\/666-scaled.jpg\",\"contentUrl\":\"https:\\\/\\\/artymori.com\\\/wp-content\\\/uploads\\\/2025\\\/05\\\/666-scaled.jpg\",\"width\":2560,\"height\":1707},{\"@type\":\"BreadcrumbList\",\"@id\":\"https:\\\/\\\/artymori.com\\\/index.php\\\/brand-design-offre\\\/#breadcrumb\",\"itemListElement\":[{\"@type\":\"ListItem\",\"position\":1,\"name\":\"Accueil\",\"item\":\"https:\\\/\\\/artymori.com\\\/\"},{\"@type\":\"ListItem\",\"position\":2,\"name\":\"brand design &#8211; offre\"}]},{\"@type\":\"WebSite\",\"@id\":\"https:\\\/\\\/artymori.com\\\/#website\",\"url\":\"https:\\\/\\\/artymori.com\\\/\",\"name\":\"artymori\",\"description\":\"\",\"publisher\":{\"@id\":\"https:\\\/\\\/artymori.com\\\/#\\\/schema\\\/person\\\/4edc9864c875509e3e5cc3c0d5c4296c\"},\"potentialAction\":[{\"@type\":\"SearchAction\",\"target\":{\"@type\":\"EntryPoint\",\"urlTemplate\":\"https:\\\/\\\/artymori.com\\\/?s={search_term_string}\"},\"query-input\":{\"@type\":\"PropertyValueSpecification\",\"valueRequired\":true,\"valueName\":\"search_term_string\"}}],\"inLanguage\":\"fr-FR\"},{\"@type\":[\"Person\",\"Organization\"],\"@id\":\"https:\\\/\\\/artymori.com\\\/#\\\/schema\\\/person\\\/4edc9864c875509e3e5cc3c0d5c4296c\",\"name\":\"admin8128\",\"image\":{\"@type\":\"ImageObject\",\"inLanguage\":\"fr-FR\",\"@id\":\"http:\\\/\\\/artymori.com\\\/wp-content\\\/uploads\\\/2024\\\/05\\\/cropped-image_2024-05-30_231351508.png\",\"url\":\"http:\\\/\\\/artymori.com\\\/wp-content\\\/uploads\\\/2024\\\/05\\\/cropped-image_2024-05-30_231351508.png\",\"contentUrl\":\"http:\\\/\\\/artymori.com\\\/wp-content\\\/uploads\\\/2024\\\/05\\\/cropped-image_2024-05-30_231351508.png\",\"width\":512,\"height\":512,\"caption\":\"admin8128\"},\"logo\":{\"@id\":\"http:\\\/\\\/artymori.com\\\/wp-content\\\/uploads\\\/2024\\\/05\\\/cropped-image_2024-05-30_231351508.png\"},\"sameAs\":[\"http:\\\/\\\/artymori.com\"]}]}<\/script>\n<!-- \/ Yoast SEO plugin. -->","yoast_head_json":{"title":"brand design - offre -","robots":{"index":"index","follow":"follow","max-snippet":"max-snippet:-1","max-image-preview":"max-image-preview:large","max-video-preview":"max-video-preview:-1"},"canonical":"https:\/\/artymori.com\/index.php\/brand-design-offre\/","og_locale":"fr_FR","og_type":"article","og_title":"brand design - offre -","og_description":"Les offres branding La cr\u00e9ation d\u2019une identit\u00e9 visuelle compl\u00e8te qui refl\u00e8te votre entreprise, votre personnalit\u00e9 et surtout votre univers : c\u2019est ce qui permet de vous d\u00e9marquer et d\u2019attirer vos client.e.s id\u00e9ales-aux. La Paperlove \u00c0 ce pack il est possible d\u2019ajouter la&nbsp;cr\u00e9ation d\u2019illustrations&nbsp;(pictogrammes), de&nbsp;flyers&nbsp;ou d\u2019univers instagram&nbsp;(mod\u00e8le de posts et stories) La Connect\u00e9e \u00c0 ce pack [&hellip;]","og_url":"https:\/\/artymori.com\/index.php\/brand-design-offre\/","article_modified_time":"2025-05-14T15:09:34+00:00","og_image":[{"width":2560,"height":1707,"url":"https:\/\/artymori.com\/wp-content\/uploads\/2025\/05\/666-scaled.jpg","type":"image\/jpeg"}],"twitter_card":"summary_large_image","twitter_misc":{"Dur\u00e9e de lecture estim\u00e9e":"3 minutes"},"schema":{"@context":"https:\/\/schema.org","@graph":[{"@type":"WebPage","@id":"https:\/\/artymori.com\/index.php\/brand-design-offre\/","url":"https:\/\/artymori.com\/index.php\/brand-design-offre\/","name":"brand design - offre -","isPartOf":{"@id":"https:\/\/artymori.com\/#website"},"primaryImageOfPage":{"@id":"https:\/\/artymori.com\/index.php\/brand-design-offre\/#primaryimage"},"image":{"@id":"https:\/\/artymori.com\/index.php\/brand-design-offre\/#primaryimage"},"thumbnailUrl":"https:\/\/artymori.com\/wp-content\/uploads\/2025\/05\/666-1024x683.jpg","datePublished":"2025-02-27T14:23:51+00:00","dateModified":"2025-05-14T15:09:34+00:00","breadcrumb":{"@id":"https:\/\/artymori.com\/index.php\/brand-design-offre\/#breadcrumb"},"inLanguage":"fr-FR","potentialAction":[{"@type":"ReadAction","target":["https:\/\/artymori.com\/index.php\/brand-design-offre\/"]}]},{"@type":"ImageObject","inLanguage":"fr-FR","@id":"https:\/\/artymori.com\/index.php\/brand-design-offre\/#primaryimage","url":"https:\/\/artymori.com\/wp-content\/uploads\/2025\/05\/666-scaled.jpg","contentUrl":"https:\/\/artymori.com\/wp-content\/uploads\/2025\/05\/666-scaled.jpg","width":2560,"height":1707},{"@type":"BreadcrumbList","@id":"https:\/\/artymori.com\/index.php\/brand-design-offre\/#breadcrumb","itemListElement":[{"@type":"ListItem","position":1,"name":"Accueil","item":"https:\/\/artymori.com\/"},{"@type":"ListItem","position":2,"name":"brand design &#8211; offre"}]},{"@type":"WebSite","@id":"https:\/\/artymori.com\/#website","url":"https:\/\/artymori.com\/","name":"artymori","description":"","publisher":{"@id":"https:\/\/artymori.com\/#\/schema\/person\/4edc9864c875509e3e5cc3c0d5c4296c"},"potentialAction":[{"@type":"SearchAction","target":{"@type":"EntryPoint","urlTemplate":"https:\/\/artymori.com\/?s={search_term_string}"},"query-input":{"@type":"PropertyValueSpecification","valueRequired":true,"valueName":"search_term_string"}}],"inLanguage":"fr-FR"},{"@type":["Person","Organization"],"@id":"https:\/\/artymori.com\/#\/schema\/person\/4edc9864c875509e3e5cc3c0d5c4296c","name":"admin8128","image":{"@type":"ImageObject","inLanguage":"fr-FR","@id":"http:\/\/artymori.com\/wp-content\/uploads\/2024\/05\/cropped-image_2024-05-30_231351508.png","url":"http:\/\/artymori.com\/wp-content\/uploads\/2024\/05\/cropped-image_2024-05-30_231351508.png","contentUrl":"http:\/\/artymori.com\/wp-content\/uploads\/2024\/05\/cropped-image_2024-05-30_231351508.png","width":512,"height":512,"caption":"admin8128"},"logo":{"@id":"http:\/\/artymori.com\/wp-content\/uploads\/2024\/05\/cropped-image_2024-05-30_231351508.png"},"sameAs":["http:\/\/artymori.com"]}]}},"_links":{"self":[{"href":"https:\/\/artymori.com\/index.php\/wp-json\/wp\/v2\/pages\/1640","targetHints":{"allow":["GET"]}}],"collection":[{"href":"https:\/\/artymori.com\/index.php\/wp-json\/wp\/v2\/pages"}],"about":[{"href":"https:\/\/artymori.com\/index.php\/wp-json\/wp\/v2\/types\/page"}],"author":[{"embeddable":true,"href":"https:\/\/artymori.com\/index.php\/wp-json\/wp\/v2\/users\/1"}],"replies":[{"embeddable":true,"href":"https:\/\/artymori.com\/index.php\/wp-json\/wp\/v2\/comments?post=1640"}],"version-history":[{"count":32,"href":"https:\/\/artymori.com\/index.php\/wp-json\/wp\/v2\/pages\/1640\/revisions"}],"predecessor-version":[{"id":2399,"href":"https:\/\/artymori.com\/index.php\/wp-json\/wp\/v2\/pages\/1640\/revisions\/2399"}],"wp:attachment":[{"href":"https:\/\/artymori.com\/index.php\/wp-json\/wp\/v2\/media?parent=1640"}],"curies":[{"name":"wp","href":"https:\/\/api.w.org\/{rel}","templated":true}]}}