{"id":1357,"date":"2024-10-25T23:15:04","date_gmt":"2024-10-25T21:15:04","guid":{"rendered":"https:\/\/artymori.com\/?page_id=1357"},"modified":"2024-10-25T23:16:15","modified_gmt":"2024-10-25T21:16:15","slug":"noel-sustentable","status":"publish","type":"page","link":"https:\/\/artymori.com\/index.php\/noel-sustentable\/","title":{"rendered":"noel sustentable"},"content":{"rendered":"\n<h3 class=\"wp-block-heading\">Un no\u00ebl \u00e9colo<\/h3>\n\n\n\n<figure class=\"wp-block-image alignwide size-large\"><img fetchpriority=\"high\" decoding=\"async\" width=\"1024\" height=\"421\" src=\"http:\/\/artymori.com\/wp-content\/uploads\/2024\/10\/noel_sustentable-2-1024x421.jpg\" alt=\"\" class=\"wp-image-1355\" srcset=\"https:\/\/artymori.com\/wp-content\/uploads\/2024\/10\/noel_sustentable-2-1024x421.jpg 1024w, https:\/\/artymori.com\/wp-content\/uploads\/2024\/10\/noel_sustentable-2-300x123.jpg 300w, https:\/\/artymori.com\/wp-content\/uploads\/2024\/10\/noel_sustentable-2-768x316.jpg 768w, https:\/\/artymori.com\/wp-content\/uploads\/2024\/10\/noel_sustentable-2-1536x632.jpg 1536w, https:\/\/artymori.com\/wp-content\/uploads\/2024\/10\/noel_sustentable-2-2048x842.jpg 2048w\" sizes=\"(max-width: 1024px) 100vw, 1024px\" \/><\/figure>\n\n\n\n<p class=\"has-text-align-center\">projet personnel sur le th\u00e8me d&rsquo;un no\u00ebl solidaire et circuits courts<\/p>\n\n\n\n<figure class=\"wp-block-image size-large\"><img decoding=\"async\" width=\"653\" height=\"1024\" src=\"http:\/\/artymori.com\/wp-content\/uploads\/2024\/10\/mockup-noel-sustentable-653x1024.jpg\" alt=\"\" class=\"wp-image-1353\" srcset=\"https:\/\/artymori.com\/wp-content\/uploads\/2024\/10\/mockup-noel-sustentable-653x1024.jpg 653w, https:\/\/artymori.com\/wp-content\/uploads\/2024\/10\/mockup-noel-sustentable-191x300.jpg 191w, https:\/\/artymori.com\/wp-content\/uploads\/2024\/10\/mockup-noel-sustentable-768x1204.jpg 768w, https:\/\/artymori.com\/wp-content\/uploads\/2024\/10\/mockup-noel-sustentable-980x1536.jpg 980w, https:\/\/artymori.com\/wp-content\/uploads\/2024\/10\/mockup-noel-sustentable-1307x2048.jpg 1307w, https:\/\/artymori.com\/wp-content\/uploads\/2024\/10\/mockup-noel-sustentable-scaled.jpg 1633w\" sizes=\"(max-width: 653px) 100vw, 653px\" \/><\/figure>\n\n\n\n<p class=\"has-text-align-center\">Mock-up tir\u00e9 du New York Time<\/p>\n","protected":false},"excerpt":{"rendered":"<p>Un no\u00ebl \u00e9colo projet personnel sur le th\u00e8me d&rsquo;un no\u00ebl solidaire et circuits courts Mock-up tir\u00e9 du New York Time<\/p>\n","protected":false},"author":1,"featured_media":0,"parent":0,"menu_order":0,"comment_status":"closed","ping_status":"closed","template":"","meta":{"footnotes":""},"class_list":["post-1357","page","type-page","status-publish","hentry"],"yoast_head":"<!-- This site is optimized with the Yoast SEO plugin v27.5 - https:\/\/yoast.com\/product\/yoast-seo-wordpress\/ -->\n<title>noel sustentable -<\/title>\n<meta name=\"robots\" content=\"index, follow, max-snippet:-1, max-image-preview:large, max-video-preview:-1\" \/>\n<link rel=\"canonical\" href=\"https:\/\/artymori.com\/index.php\/noel-sustentable\/\" \/>\n<meta property=\"og:locale\" content=\"fr_FR\" \/>\n<meta property=\"og:type\" content=\"article\" \/>\n<meta property=\"og:title\" content=\"noel sustentable -\" \/>\n<meta property=\"og:description\" content=\"Un no\u00ebl \u00e9colo projet personnel sur le th\u00e8me d&rsquo;un no\u00ebl solidaire et circuits courts Mock-up tir\u00e9 du New York Time\" \/>\n<meta property=\"og:url\" content=\"https:\/\/artymori.com\/index.php\/noel-sustentable\/\" \/>\n<meta property=\"article:modified_time\" content=\"2024-10-25T21:16:15+00:00\" \/>\n<meta property=\"og:image\" content=\"http:\/\/artymori.com\/wp-content\/uploads\/2024\/10\/noel_sustentable-2-1024x421.jpg\" \/>\n<meta name=\"twitter:card\" content=\"summary_large_image\" \/>\n<meta name=\"twitter:label1\" content=\"Dur\u00e9e de lecture estim\u00e9e\" \/>\n\t<meta name=\"twitter:data1\" content=\"1 minute\" \/>\n<script type=\"application\/ld+json\" class=\"yoast-schema-graph\">{\"@context\":\"https:\\\/\\\/schema.org\",\"@graph\":[{\"@type\":\"WebPage\",\"@id\":\"https:\\\/\\\/artymori.com\\\/index.php\\\/noel-sustentable\\\/\",\"url\":\"https:\\\/\\\/artymori.com\\\/index.php\\\/noel-sustentable\\\/\",\"name\":\"noel sustentable -\",\"isPartOf\":{\"@id\":\"https:\\\/\\\/artymori.com\\\/#website\"},\"primaryImageOfPage\":{\"@id\":\"https:\\\/\\\/artymori.com\\\/index.php\\\/noel-sustentable\\\/#primaryimage\"},\"image\":{\"@id\":\"https:\\\/\\\/artymori.com\\\/index.php\\\/noel-sustentable\\\/#primaryimage\"},\"thumbnailUrl\":\"http:\\\/\\\/artymori.com\\\/wp-content\\\/uploads\\\/2024\\\/10\\\/noel_sustentable-2-1024x421.jpg\",\"datePublished\":\"2024-10-25T21:15:04+00:00\",\"dateModified\":\"2024-10-25T21:16:15+00:00\",\"breadcrumb\":{\"@id\":\"https:\\\/\\\/artymori.com\\\/index.php\\\/noel-sustentable\\\/#breadcrumb\"},\"inLanguage\":\"fr-FR\",\"potentialAction\":[{\"@type\":\"ReadAction\",\"target\":[\"https:\\\/\\\/artymori.com\\\/index.php\\\/noel-sustentable\\\/\"]}]},{\"@type\":\"ImageObject\",\"inLanguage\":\"fr-FR\",\"@id\":\"https:\\\/\\\/artymori.com\\\/index.php\\\/noel-sustentable\\\/#primaryimage\",\"url\":\"https:\\\/\\\/artymori.com\\\/wp-content\\\/uploads\\\/2024\\\/10\\\/noel_sustentable-2-scaled.jpg\",\"contentUrl\":\"https:\\\/\\\/artymori.com\\\/wp-content\\\/uploads\\\/2024\\\/10\\\/noel_sustentable-2-scaled.jpg\",\"width\":2560,\"height\":1053},{\"@type\":\"BreadcrumbList\",\"@id\":\"https:\\\/\\\/artymori.com\\\/index.php\\\/noel-sustentable\\\/#breadcrumb\",\"itemListElement\":[{\"@type\":\"ListItem\",\"position\":1,\"name\":\"Accueil\",\"item\":\"https:\\\/\\\/artymori.com\\\/\"},{\"@type\":\"ListItem\",\"position\":2,\"name\":\"noel sustentable\"}]},{\"@type\":\"WebSite\",\"@id\":\"https:\\\/\\\/artymori.com\\\/#website\",\"url\":\"https:\\\/\\\/artymori.com\\\/\",\"name\":\"artymori\",\"description\":\"\",\"publisher\":{\"@id\":\"https:\\\/\\\/artymori.com\\\/#\\\/schema\\\/person\\\/4edc9864c875509e3e5cc3c0d5c4296c\"},\"potentialAction\":[{\"@type\":\"SearchAction\",\"target\":{\"@type\":\"EntryPoint\",\"urlTemplate\":\"https:\\\/\\\/artymori.com\\\/?s={search_term_string}\"},\"query-input\":{\"@type\":\"PropertyValueSpecification\",\"valueRequired\":true,\"valueName\":\"search_term_string\"}}],\"inLanguage\":\"fr-FR\"},{\"@type\":[\"Person\",\"Organization\"],\"@id\":\"https:\\\/\\\/artymori.com\\\/#\\\/schema\\\/person\\\/4edc9864c875509e3e5cc3c0d5c4296c\",\"name\":\"admin8128\",\"image\":{\"@type\":\"ImageObject\",\"inLanguage\":\"fr-FR\",\"@id\":\"http:\\\/\\\/artymori.com\\\/wp-content\\\/uploads\\\/2024\\\/05\\\/cropped-image_2024-05-30_231351508.png\",\"url\":\"http:\\\/\\\/artymori.com\\\/wp-content\\\/uploads\\\/2024\\\/05\\\/cropped-image_2024-05-30_231351508.png\",\"contentUrl\":\"http:\\\/\\\/artymori.com\\\/wp-content\\\/uploads\\\/2024\\\/05\\\/cropped-image_2024-05-30_231351508.png\",\"width\":512,\"height\":512,\"caption\":\"admin8128\"},\"logo\":{\"@id\":\"http:\\\/\\\/artymori.com\\\/wp-content\\\/uploads\\\/2024\\\/05\\\/cropped-image_2024-05-30_231351508.png\"},\"sameAs\":[\"http:\\\/\\\/artymori.com\"]}]}<\/script>\n<!-- \/ Yoast SEO plugin. -->","yoast_head_json":{"title":"noel sustentable -","robots":{"index":"index","follow":"follow","max-snippet":"max-snippet:-1","max-image-preview":"max-image-preview:large","max-video-preview":"max-video-preview:-1"},"canonical":"https:\/\/artymori.com\/index.php\/noel-sustentable\/","og_locale":"fr_FR","og_type":"article","og_title":"noel sustentable -","og_description":"Un no\u00ebl \u00e9colo projet personnel sur le th\u00e8me d&rsquo;un no\u00ebl solidaire et circuits courts Mock-up tir\u00e9 du New York Time","og_url":"https:\/\/artymori.com\/index.php\/noel-sustentable\/","article_modified_time":"2024-10-25T21:16:15+00:00","og_image":[{"url":"http:\/\/artymori.com\/wp-content\/uploads\/2024\/10\/noel_sustentable-2-1024x421.jpg","type":"","width":"","height":""}],"twitter_card":"summary_large_image","twitter_misc":{"Dur\u00e9e de lecture estim\u00e9e":"1 minute"},"schema":{"@context":"https:\/\/schema.org","@graph":[{"@type":"WebPage","@id":"https:\/\/artymori.com\/index.php\/noel-sustentable\/","url":"https:\/\/artymori.com\/index.php\/noel-sustentable\/","name":"noel sustentable -","isPartOf":{"@id":"https:\/\/artymori.com\/#website"},"primaryImageOfPage":{"@id":"https:\/\/artymori.com\/index.php\/noel-sustentable\/#primaryimage"},"image":{"@id":"https:\/\/artymori.com\/index.php\/noel-sustentable\/#primaryimage"},"thumbnailUrl":"http:\/\/artymori.com\/wp-content\/uploads\/2024\/10\/noel_sustentable-2-1024x421.jpg","datePublished":"2024-10-25T21:15:04+00:00","dateModified":"2024-10-25T21:16:15+00:00","breadcrumb":{"@id":"https:\/\/artymori.com\/index.php\/noel-sustentable\/#breadcrumb"},"inLanguage":"fr-FR","potentialAction":[{"@type":"ReadAction","target":["https:\/\/artymori.com\/index.php\/noel-sustentable\/"]}]},{"@type":"ImageObject","inLanguage":"fr-FR","@id":"https:\/\/artymori.com\/index.php\/noel-sustentable\/#primaryimage","url":"https:\/\/artymori.com\/wp-content\/uploads\/2024\/10\/noel_sustentable-2-scaled.jpg","contentUrl":"https:\/\/artymori.com\/wp-content\/uploads\/2024\/10\/noel_sustentable-2-scaled.jpg","width":2560,"height":1053},{"@type":"BreadcrumbList","@id":"https:\/\/artymori.com\/index.php\/noel-sustentable\/#breadcrumb","itemListElement":[{"@type":"ListItem","position":1,"name":"Accueil","item":"https:\/\/artymori.com\/"},{"@type":"ListItem","position":2,"name":"noel sustentable"}]},{"@type":"WebSite","@id":"https:\/\/artymori.com\/#website","url":"https:\/\/artymori.com\/","name":"artymori","description":"","publisher":{"@id":"https:\/\/artymori.com\/#\/schema\/person\/4edc9864c875509e3e5cc3c0d5c4296c"},"potentialAction":[{"@type":"SearchAction","target":{"@type":"EntryPoint","urlTemplate":"https:\/\/artymori.com\/?s={search_term_string}"},"query-input":{"@type":"PropertyValueSpecification","valueRequired":true,"valueName":"search_term_string"}}],"inLanguage":"fr-FR"},{"@type":["Person","Organization"],"@id":"https:\/\/artymori.com\/#\/schema\/person\/4edc9864c875509e3e5cc3c0d5c4296c","name":"admin8128","image":{"@type":"ImageObject","inLanguage":"fr-FR","@id":"http:\/\/artymori.com\/wp-content\/uploads\/2024\/05\/cropped-image_2024-05-30_231351508.png","url":"http:\/\/artymori.com\/wp-content\/uploads\/2024\/05\/cropped-image_2024-05-30_231351508.png","contentUrl":"http:\/\/artymori.com\/wp-content\/uploads\/2024\/05\/cropped-image_2024-05-30_231351508.png","width":512,"height":512,"caption":"admin8128"},"logo":{"@id":"http:\/\/artymori.com\/wp-content\/uploads\/2024\/05\/cropped-image_2024-05-30_231351508.png"},"sameAs":["http:\/\/artymori.com"]}]}},"_links":{"self":[{"href":"https:\/\/artymori.com\/index.php\/wp-json\/wp\/v2\/pages\/1357","targetHints":{"allow":["GET"]}}],"collection":[{"href":"https:\/\/artymori.com\/index.php\/wp-json\/wp\/v2\/pages"}],"about":[{"href":"https:\/\/artymori.com\/index.php\/wp-json\/wp\/v2\/types\/page"}],"author":[{"embeddable":true,"href":"https:\/\/artymori.com\/index.php\/wp-json\/wp\/v2\/users\/1"}],"replies":[{"embeddable":true,"href":"https:\/\/artymori.com\/index.php\/wp-json\/wp\/v2\/comments?post=1357"}],"version-history":[{"count":1,"href":"https:\/\/artymori.com\/index.php\/wp-json\/wp\/v2\/pages\/1357\/revisions"}],"predecessor-version":[{"id":1358,"href":"https:\/\/artymori.com\/index.php\/wp-json\/wp\/v2\/pages\/1357\/revisions\/1358"}],"wp:attachment":[{"href":"https:\/\/artymori.com\/index.php\/wp-json\/wp\/v2\/media?parent=1357"}],"curies":[{"name":"wp","href":"https:\/\/api.w.org\/{rel}","templated":true}]}}